{"id":1682,"date":"2026-04-09T16:35:22","date_gmt":"2026-04-09T16:35:22","guid":{"rendered":"https:\/\/ekomaofsweden.com\/produkt\/spicta-cucumber-mint-fluorfri-tandkram-100-g\/"},"modified":"2026-04-09T17:25:32","modified_gmt":"2026-04-09T17:25:32","slug":"spicta-cucumber-mint-fluorfri-tandkram-100-g","status":"publish","type":"product","link":"https:\/\/ekomaofsweden.com\/en\/product\/spicta-cucumber-mint-fluorfri-tandkram-100-g\/","title":{"rendered":"Spicta Cucumber Mint fluoride-free toothpaste 100 g"},"content":{"rendered":"<p><strong>Spicta Cucumber Mint fluoride-free toothpaste<\/strong> is a modern, innovative Ayurvedic toothpaste that gives you the experience of incredible freshness in feel and taste! Protects your teeth against caries without fluorides while protecting and strengthening your gums.<\/p>\n<p>Contains hydroxyapatite as <span>is the substance that makes up tooth enamel and dentine. Toothpastes containing hydroxyapatite have been shown to reduce the risk of tooth decay at least as much as toothpastes containing fluorides. No side effects have been reported.<\/span><\/p>\n<p><span>The toothpaste is completely vegan, does not contain sulphates, and its packaging is climate-smart!\u00a0<\/span><\/p>\n<p><span>Contains natural ingredients such as Aloe Vera, Tea Tree Oil, Mango Leaf, Himalayan Salt and other plant-based extracts with proven benefits.<\/span><\/p>","protected":false},"excerpt":{"rendered":"<p>Spicta Cucumber Mint fluoride-free toothpaste is a modern, innovative Ayurvedic toothpaste that gives you the experience of incredible freshness in feel and taste! Protects your teeth against caries without fluoride while protecting and strengthening your gums.<\/p>","protected":false},"featured_media":1876,"comment_status":"open","ping_status":"closed","template":"","meta":{"slim_seo":{"title":"Spicta Cucumber Mint fluorfri tandkr\u00e4m 100 g - Ekoma Of Sweden","description":"Spicta Cucumber Mint fluorfri tandkr\u00e4m \u00e4r en modern, innovativ ayurvedisk tandkr\u00e4m som ger dig upplevelsen av otrolig fr\u00e4sch\u00f6r i k\u00e4nsla och smak! Skyddar dina t"}},"product_brand":[],"product_cat":[184],"product_tag":[80,185,82],"class_list":{"0":"post-1682","1":"product","2":"type-product","3":"status-publish","4":"has-post-thumbnail","6":"product_cat-tandkram","7":"product_tag-fluorfri","8":"product_tag-spicta","9":"product_tag-tandkram","11":"first","12":"instock","13":"sale","14":"taxable","15":"shipping-taxable","16":"purchasable","17":"product-type-simple"},"_links":{"self":[{"href":"https:\/\/ekomaofsweden.com\/en\/wp-json\/wp\/v2\/product\/1682","targetHints":{"allow":["GET"]}}],"collection":[{"href":"https:\/\/ekomaofsweden.com\/en\/wp-json\/wp\/v2\/product"}],"about":[{"href":"https:\/\/ekomaofsweden.com\/en\/wp-json\/wp\/v2\/types\/product"}],"replies":[{"embeddable":true,"href":"https:\/\/ekomaofsweden.com\/en\/wp-json\/wp\/v2\/comments?post=1682"}],"wp:featuredmedia":[{"embeddable":true,"href":"https:\/\/ekomaofsweden.com\/en\/wp-json\/wp\/v2\/media\/1876"}],"wp:attachment":[{"href":"https:\/\/ekomaofsweden.com\/en\/wp-json\/wp\/v2\/media?parent=1682"}],"wp:term":[{"taxonomy":"product_brand","embeddable":true,"href":"https:\/\/ekomaofsweden.com\/en\/wp-json\/wp\/v2\/product_brand?post=1682"},{"taxonomy":"product_cat","embeddable":true,"href":"https:\/\/ekomaofsweden.com\/en\/wp-json\/wp\/v2\/product_cat?post=1682"},{"taxonomy":"product_tag","embeddable":true,"href":"https:\/\/ekomaofsweden.com\/en\/wp-json\/wp\/v2\/product_tag?post=1682"}],"curies":[{"name":"wp","href":"https:\/\/api.w.org\/{rel}","templated":true}]}}