{"id":1680,"date":"2026-04-09T16:35:21","date_gmt":"2026-04-09T16:35:21","guid":{"rendered":"https:\/\/ekomaofsweden.com\/produkt\/himalaya-herbals-sparkling-white-fluorfri-tandkram-80-g\/"},"modified":"2026-04-09T17:25:07","modified_gmt":"2026-04-09T17:25:07","slug":"himalaya-herbals-sparkling-white-fluorfri-tandkram-80-g","status":"publish","type":"product","link":"https:\/\/ekomaofsweden.com\/en\/product\/himalaya-herbals-sparkling-white-fluorfri-tandkram-80-g\/","title":{"rendered":"Himalaya Herbals Sparkling White Fluoride-Free Toothpaste 80 g"},"content":{"rendered":"<p><strong>Himalaya Herbals Sparkling White fluoride-free toothpaste 80 g<\/strong> is an Ayurvedic toothpaste that naturally helps whiten your teeth. In addition, it prevents stain build-up and has an advanced plaque removal technology. The herbal blend also helps reduce gum bleeding and prevents inflammation. Provides protection against harmful bacteria and long-lasting fresh breath.<\/p>\n<p><strong>Fluoride-free!<\/strong><\/p>\n<p>White in colour, tastes and smells like toothpaste.<\/p>\n<p>Active Ayurvedic herbs: <strong>Miswak, Sweet almond shell extract, True cinnamon, Cloves, Thyme extract, <\/strong><strong>Bromelain, Papain<\/strong>, <strong>Menthol<\/strong>.<\/p>","protected":false},"excerpt":{"rendered":"<p>Himalaya Herbals Sparkling White fluoride-free toothpaste 80g is an Ayurvedic toothpaste that naturally helps whiten your teeth. In addition, it prevents stain build-up and has an advanced plaque removal technology. The herbal blend also helps to reduce gum bleeding.<\/p>","protected":false},"featured_media":1871,"comment_status":"open","ping_status":"closed","template":"","meta":{"slim_seo":{"title":"Himalaya Herbals Sparkling White Fluorfri Tandkr\u00e4m 80 g - Ekoma Of Sweden","description":"Himalaya Herbals Sparkling White fluorfri tandkr\u00e4m 80 g \u00e4r en ayurvedisk tandkr\u00e4m som p\u00e5 naturlig v\u00e4g bidrar till att dina t\u00e4nder blir vitare. Dessutom f\u00f6rhindr"}},"product_brand":[],"product_cat":[184],"product_tag":[80,81,82],"class_list":{"0":"post-1680","1":"product","2":"type-product","3":"status-publish","4":"has-post-thumbnail","6":"product_cat-tandkram","7":"product_tag-fluorfri","8":"product_tag-himalaya","9":"product_tag-tandkram","11":"first","12":"instock","13":"taxable","14":"shipping-taxable","15":"purchasable","16":"product-type-simple"},"_links":{"self":[{"href":"https:\/\/ekomaofsweden.com\/en\/wp-json\/wp\/v2\/product\/1680","targetHints":{"allow":["GET"]}}],"collection":[{"href":"https:\/\/ekomaofsweden.com\/en\/wp-json\/wp\/v2\/product"}],"about":[{"href":"https:\/\/ekomaofsweden.com\/en\/wp-json\/wp\/v2\/types\/product"}],"replies":[{"embeddable":true,"href":"https:\/\/ekomaofsweden.com\/en\/wp-json\/wp\/v2\/comments?post=1680"}],"wp:featuredmedia":[{"embeddable":true,"href":"https:\/\/ekomaofsweden.com\/en\/wp-json\/wp\/v2\/media\/1871"}],"wp:attachment":[{"href":"https:\/\/ekomaofsweden.com\/en\/wp-json\/wp\/v2\/media?parent=1680"}],"wp:term":[{"taxonomy":"product_brand","embeddable":true,"href":"https:\/\/ekomaofsweden.com\/en\/wp-json\/wp\/v2\/product_brand?post=1680"},{"taxonomy":"product_cat","embeddable":true,"href":"https:\/\/ekomaofsweden.com\/en\/wp-json\/wp\/v2\/product_cat?post=1680"},{"taxonomy":"product_tag","embeddable":true,"href":"https:\/\/ekomaofsweden.com\/en\/wp-json\/wp\/v2\/product_tag?post=1680"}],"curies":[{"name":"wp","href":"https:\/\/api.w.org\/{rel}","templated":true}]}}