{"id":1678,"date":"2026-04-09T16:35:20","date_gmt":"2026-04-09T16:35:20","guid":{"rendered":"https:\/\/ekomaofsweden.com\/produkt\/himalaya-herbals-active-fresh-gel-flourfri-tandkram-80-g\/"},"modified":"2026-04-09T17:24:23","modified_gmt":"2026-04-09T17:24:23","slug":"himalaya-herbals-active-fresh-gel-flourfri-tandkram-80-g","status":"publish","type":"product","link":"https:\/\/ekomaofsweden.com\/en\/product\/himalaya-herbals-active-fresh-gel-flourfri-tandkram-80-g\/","title":{"rendered":"Himalaya Herbals Active Fresh Gel flourless toothpaste 80 g"},"content":{"rendered":"<p><strong>Himalaya Herbals Active Fresh Gel flourless toothpaste 80 g <\/strong>contains a proven Ayurvedic herbal formula instead of added fluoride. The herbal blend is antiseptic and has a firming effect on the gums, to reduce the formation of pockets between teeth and gums. In addition, it prevents the build-up of plaque and prevents bleeding.<\/p>\n<p>The toothpaste has a fresh scent and flavour of menthol. Translucent green colour.\u00a0\u00a0\u00a0\u00a0\u00a0\u00a0\u00a0\u00a0\u00a0\u00a0\u00a0\u00a0\u00a0\u00a0\u00a0\u00a0\u00a0\u00a0\u00a0\u00a0<\/p>\n<p>Active Ayurvedic herbs: <strong>Miswak, Indian dill, Fennel, Cloves, Cardamom, Menthol<\/strong>.<\/p>","protected":false},"excerpt":{"rendered":"<p>Himalaya Herbals Active Fresh Gel fluoride-free toothpaste 80 g contains a proven Ayurvedic herbal formula instead of added fluoride. The herbal blend is antiseptic and has a firming effect on the gums, to reduce the formation of pockets between teeth and gums. In addition, it prevents the build-up of...<\/p>","protected":false},"featured_media":1865,"comment_status":"open","ping_status":"closed","template":"","meta":{"slim_seo":{"title":"Himalaya Herbals Active Fresh Gel flourfri tandkr\u00e4m 80 g - Ekoma Of Sweden","description":"Himalaya Herbals Active Fresh Gel flourfri tandkr\u00e4m 80 g inneh\u00e5ller en v\u00e4l bepr\u00f6vad ayurvedisk \u00f6rtformula i st\u00e4llet f\u00f6r tillsatt fluor. \u00d6rtblandningen \u00e4r antise"}},"product_brand":[],"product_cat":[184],"product_tag":[80,81,82],"class_list":{"0":"post-1678","1":"product","2":"type-product","3":"status-publish","4":"has-post-thumbnail","6":"product_cat-tandkram","7":"product_tag-fluorfri","8":"product_tag-himalaya","9":"product_tag-tandkram","11":"first","12":"instock","13":"taxable","14":"shipping-taxable","15":"purchasable","16":"product-type-simple"},"_links":{"self":[{"href":"https:\/\/ekomaofsweden.com\/en\/wp-json\/wp\/v2\/product\/1678","targetHints":{"allow":["GET"]}}],"collection":[{"href":"https:\/\/ekomaofsweden.com\/en\/wp-json\/wp\/v2\/product"}],"about":[{"href":"https:\/\/ekomaofsweden.com\/en\/wp-json\/wp\/v2\/types\/product"}],"replies":[{"embeddable":true,"href":"https:\/\/ekomaofsweden.com\/en\/wp-json\/wp\/v2\/comments?post=1678"}],"wp:featuredmedia":[{"embeddable":true,"href":"https:\/\/ekomaofsweden.com\/en\/wp-json\/wp\/v2\/media\/1865"}],"wp:attachment":[{"href":"https:\/\/ekomaofsweden.com\/en\/wp-json\/wp\/v2\/media?parent=1678"}],"wp:term":[{"taxonomy":"product_brand","embeddable":true,"href":"https:\/\/ekomaofsweden.com\/en\/wp-json\/wp\/v2\/product_brand?post=1678"},{"taxonomy":"product_cat","embeddable":true,"href":"https:\/\/ekomaofsweden.com\/en\/wp-json\/wp\/v2\/product_cat?post=1678"},{"taxonomy":"product_tag","embeddable":true,"href":"https:\/\/ekomaofsweden.com\/en\/wp-json\/wp\/v2\/product_tag?post=1678"}],"curies":[{"name":"wp","href":"https:\/\/api.w.org\/{rel}","templated":true}]}}