{"id":1677,"date":"2026-04-09T16:35:19","date_gmt":"2026-04-09T16:35:19","guid":{"rendered":"https:\/\/ekomaofsweden.com\/produkt\/himalaya-ayurveda-gum-care-tandkram-med-naturligt-fluor-150-g\/"},"modified":"2026-04-09T17:23:56","modified_gmt":"2026-04-09T17:23:56","slug":"himalaya-ayurveda-gum-care-tandkram-med-naturligt-fluor-150-g","status":"publish","type":"product","link":"https:\/\/ekomaofsweden.com\/en\/product\/himalaya-ayurveda-gum-care-tandkram-med-naturligt-fluor-150-g\/","title":{"rendered":"Himalaya Ayurveda Gum Care toothpaste with natural fluoride 150 g"},"content":{"rendered":"<p><strong>Himalaya Ayurveda Gum Care toothpaste 150 g <\/strong>contains a holistic herbal formula based on the traditional and proven practice of Ayurvedic dental and oral care (Danta swasthya), combined with modern science to reduce plaque, fight bacteria and act as an astringent on the gums.<\/p>\n<p>The unique formula contains a total of 13 time-tested herbs that have excellent oral care benefits and are known for their astringent, bitter and sweet flavour.  The formula is blended with Vaikranta bhasma, a natural source of fluoride, which helps strengthen teeth.<\/p>\n<p><span>This toothpaste contains<\/span><strong><span>\u00a0<\/span>calcium fluoride<\/strong><span>, which is much kinder to the body than the fluoride found in ordinary toothpastes (sodium fluoride).<\/span><\/p>\n<p><strong>Active Ayurvedic herbs<\/strong>: <span>Tumburu, <\/span><span>Dadima, <\/span><span>Babbula, <\/span><span>Triphala, <\/span><span>Nirgundi, <\/span><span>Vidanga, <\/span><span>Nimba, <\/span><span>Pitu, <\/span><span>Irimeda, <\/span><span>Khadira, <\/span><span>Bakula.<\/span><\/p>","protected":false},"excerpt":{"rendered":"<p>Himalaya Ayurveda Gum Care Toothpaste 150g contains a holistic herbal formula based on the traditional and proven practice of Ayurvedic dental and oral care (Danta swasthya), combined with modern science to reduce plaque, fight bacteria and act as an astringent on the gums.<\/p>","protected":false},"featured_media":1863,"comment_status":"open","ping_status":"closed","template":"","meta":{"slim_seo":{"title":"Himalaya Ayurveda Gum Care tandkr\u00e4m med naturligt fluor 150 g - Ekoma Of Sweden","description":"Himalaya Ayurveda Gum Care tandkr\u00e4m 150 g inneh\u00e5ller en holistisk \u00f6rtformula baserad p\u00e5 det traditionella och v\u00e4l bepr\u00f6vade ut\u00f6vandet av ayurvedisk tand- och mu"}},"product_brand":[],"product_cat":[184],"product_tag":[81,82],"class_list":{"0":"post-1677","1":"product","2":"type-product","3":"status-publish","4":"has-post-thumbnail","6":"product_cat-tandkram","7":"product_tag-himalaya","8":"product_tag-tandkram","10":"first","11":"instock","12":"taxable","13":"shipping-taxable","14":"purchasable","15":"product-type-simple"},"_links":{"self":[{"href":"https:\/\/ekomaofsweden.com\/en\/wp-json\/wp\/v2\/product\/1677","targetHints":{"allow":["GET"]}}],"collection":[{"href":"https:\/\/ekomaofsweden.com\/en\/wp-json\/wp\/v2\/product"}],"about":[{"href":"https:\/\/ekomaofsweden.com\/en\/wp-json\/wp\/v2\/types\/product"}],"replies":[{"embeddable":true,"href":"https:\/\/ekomaofsweden.com\/en\/wp-json\/wp\/v2\/comments?post=1677"}],"wp:featuredmedia":[{"embeddable":true,"href":"https:\/\/ekomaofsweden.com\/en\/wp-json\/wp\/v2\/media\/1863"}],"wp:attachment":[{"href":"https:\/\/ekomaofsweden.com\/en\/wp-json\/wp\/v2\/media?parent=1677"}],"wp:term":[{"taxonomy":"product_brand","embeddable":true,"href":"https:\/\/ekomaofsweden.com\/en\/wp-json\/wp\/v2\/product_brand?post=1677"},{"taxonomy":"product_cat","embeddable":true,"href":"https:\/\/ekomaofsweden.com\/en\/wp-json\/wp\/v2\/product_cat?post=1677"},{"taxonomy":"product_tag","embeddable":true,"href":"https:\/\/ekomaofsweden.com\/en\/wp-json\/wp\/v2\/product_tag?post=1677"}],"curies":[{"name":"wp","href":"https:\/\/api.w.org\/{rel}","templated":true}]}}