{"id":1674,"date":"2026-04-09T16:35:18","date_gmt":"2026-04-09T16:35:18","guid":{"rendered":"https:\/\/ekomaofsweden.com\/produkt\/khadi-natural-lavender-ylangylang-massageolja-210-ml\/"},"modified":"2026-04-09T17:22:42","modified_gmt":"2026-04-09T17:22:42","slug":"khadi-natural-lavender-ylangylang-massageolja-210-ml","status":"publish","type":"product","link":"https:\/\/ekomaofsweden.com\/en\/product\/khadi-natural-lavender-ylangylang-massageolja-210-ml\/","title":{"rendered":"Khadi Natural Lavender &amp; Ylangylang Massage Oil 210 ml"},"content":{"rendered":"<p><strong>Khadi Natural Lavender &amp; Ylangylang Massage Oil 210 ml<\/strong> is a massage oil that helps relax tense muscles. The aromatherapeutic property of lavender has an anxiety-reducing effect, and can help improve sleep. It also works well on burns, wounds and acne. Slows down ageing with its powerful antioxidants, and lifts the mood with its calming scent blend!<\/p>\n<p>Lavender &amp; Ylangylang Massage Oil is a light oil, with good \u201dgrip\u201d during massage. Free from parabens and mineral oil<\/p>\n<p>Lovely scent of ylang ylang and neroli<\/p>\n<p>Active Ayurvedic herbs: <strong>Olive oil, Sesame oil, Sunflower oil, Wheat germ oil, Lavender oil, Ylanylang, Grape seed oil, Juniper oil, Neroli oil, Carrot seed oil.<\/strong><\/p>","protected":false},"excerpt":{"rendered":"<p>Khadi Natural Lavender &amp; Ylangylang Massage Oil 210ml is a massage oil that helps relax tense muscles. The aromatherapeutic property of lavender acts as an anxiety reducer, and can help improve sleep. It also works well on burns, wounds and acne. Slows down ageing with...<\/p>","protected":false},"featured_media":1855,"comment_status":"open","ping_status":"closed","template":"","meta":{"slim_seo":{"title":"Khadi Natural Lavender & Ylangylang Massageolja 210 ml - Ekoma Of Sweden","description":"Khadi Natural Lavender & Ylangylang Massageolja 210 ml \u00e4r en massageolja som hj\u00e4lper sp\u00e4nda muskler att slappna av. Lavendelns aromaterapeutiska egenskap funger"}},"product_brand":[],"product_cat":[182],"product_tag":[150,95,134,135,136],"class_list":{"0":"post-1674","1":"product","2":"type-product","3":"status-publish","4":"has-post-thumbnail","6":"product_cat-massageolja","7":"product_tag-khadi-natural","8":"product_tag-khadinatural","9":"product_tag-kroppsvard","10":"product_tag-massageolja","11":"product_tag-massageollja","13":"first","14":"instock","15":"taxable","16":"shipping-taxable","17":"purchasable","18":"product-type-simple"},"_links":{"self":[{"href":"https:\/\/ekomaofsweden.com\/en\/wp-json\/wp\/v2\/product\/1674","targetHints":{"allow":["GET"]}}],"collection":[{"href":"https:\/\/ekomaofsweden.com\/en\/wp-json\/wp\/v2\/product"}],"about":[{"href":"https:\/\/ekomaofsweden.com\/en\/wp-json\/wp\/v2\/types\/product"}],"replies":[{"embeddable":true,"href":"https:\/\/ekomaofsweden.com\/en\/wp-json\/wp\/v2\/comments?post=1674"}],"wp:featuredmedia":[{"embeddable":true,"href":"https:\/\/ekomaofsweden.com\/en\/wp-json\/wp\/v2\/media\/1855"}],"wp:attachment":[{"href":"https:\/\/ekomaofsweden.com\/en\/wp-json\/wp\/v2\/media?parent=1674"}],"wp:term":[{"taxonomy":"product_brand","embeddable":true,"href":"https:\/\/ekomaofsweden.com\/en\/wp-json\/wp\/v2\/product_brand?post=1674"},{"taxonomy":"product_cat","embeddable":true,"href":"https:\/\/ekomaofsweden.com\/en\/wp-json\/wp\/v2\/product_cat?post=1674"},{"taxonomy":"product_tag","embeddable":true,"href":"https:\/\/ekomaofsweden.com\/en\/wp-json\/wp\/v2\/product_tag?post=1674"}],"curies":[{"name":"wp","href":"https:\/\/api.w.org\/{rel}","templated":true}]}}