{"id":1673,"date":"2026-04-09T16:35:17","date_gmt":"2026-04-09T16:35:17","guid":{"rendered":"https:\/\/ekomaofsweden.com\/produkt\/medimix-bodywash-turmeric-argan-oil-flytande-tval-300-ml\/"},"modified":"2026-04-09T17:22:21","modified_gmt":"2026-04-09T17:22:21","slug":"medimix-bodywash-turmeric-argan-oil-flytande-tval-300-ml","status":"publish","type":"product","link":"https:\/\/ekomaofsweden.com\/en\/product\/medimix-bodywash-turmeric-argan-oil-flytande-tval-300-ml\/","title":{"rendered":"Medimix Bodywash Turmeric &amp; Argan Oil liquid soap 300 ml"},"content":{"rendered":"<p><strong>Medimix Bodywash Turmeric &amp; Argan Oil liquid soap 300 ml<\/strong> is very rich in vitamin E, in combination with other antioxidants Very nourishing for the skin! Like all Medimix body washes, it is very rich and affordable!<\/p>\n<p>The rich content of vitamin E in combination with mono and polyunsaturated fatty acids, carotenoids, triterpenes and unique phytosterols can influence the metabolism of skin cells. All these bioactive substances form a compound that supports the normal functions of skin cells, nourishes and helps already damaged skin to recover. When used consistently, this is an unbeatable recipe for a soap that supports your skin!<\/p>\n<p>Mildly perfumed, sweetly floral scent.<\/p>\n<p>250 ml bottle with flip cap. Pump to fit the bottle can be ordered here:\u00a0<a href=\"https:\/\/bierkaveda.se\/products\/pump-till-bodywash-flaska\">https:\/\/bierkaveda.se\/products\/pump-till-bodywash-flaska<\/a><\/p>\n<p>Active Ayurvedic herbs: <strong>Turmeric, Argan oil.<\/strong>\u00a0<\/p>","protected":false},"excerpt":{"rendered":"<p>Medimix Bodywash Turmeric &amp; Argan Oil liquid soap 300 ml is very rich in vitamin E, in combination with other antioxidants. Very nourishing for the skin! Like all Medimix bodywashes, it is very rich and affordable!<\/p>","protected":false},"featured_media":1853,"comment_status":"open","ping_status":"closed","template":"","meta":{"slim_seo":{"title":"Medimix Bodywash Turmeric & Argan Oil flytande tv\u00e5l 300 ml - Ekoma Of Sweden","description":"Medimix Bodywash Turmeric & Argan Oil flytande tv\u00e5l 300 ml \u00e4r mycket rik p\u00e5 vitamin E, i kombination med andra antioxidanter. Mycket n\u00e4rande f\u00f6r huden! Som alla"}},"product_brand":[],"product_cat":[181],"product_tag":[125,126,68,70],"class_list":{"0":"post-1673","1":"product","2":"type-product","3":"status-publish","4":"has-post-thumbnail","6":"product_cat-flytande-tval","7":"product_tag-duschtval","8":"product_tag-flytande-tval","9":"product_tag-medimix","10":"product_tag-tval","12":"first","13":"instock","14":"taxable","15":"shipping-taxable","16":"purchasable","17":"product-type-simple"},"_links":{"self":[{"href":"https:\/\/ekomaofsweden.com\/en\/wp-json\/wp\/v2\/product\/1673","targetHints":{"allow":["GET"]}}],"collection":[{"href":"https:\/\/ekomaofsweden.com\/en\/wp-json\/wp\/v2\/product"}],"about":[{"href":"https:\/\/ekomaofsweden.com\/en\/wp-json\/wp\/v2\/types\/product"}],"replies":[{"embeddable":true,"href":"https:\/\/ekomaofsweden.com\/en\/wp-json\/wp\/v2\/comments?post=1673"}],"wp:featuredmedia":[{"embeddable":true,"href":"https:\/\/ekomaofsweden.com\/en\/wp-json\/wp\/v2\/media\/1853"}],"wp:attachment":[{"href":"https:\/\/ekomaofsweden.com\/en\/wp-json\/wp\/v2\/media?parent=1673"}],"wp:term":[{"taxonomy":"product_brand","embeddable":true,"href":"https:\/\/ekomaofsweden.com\/en\/wp-json\/wp\/v2\/product_brand?post=1673"},{"taxonomy":"product_cat","embeddable":true,"href":"https:\/\/ekomaofsweden.com\/en\/wp-json\/wp\/v2\/product_cat?post=1673"},{"taxonomy":"product_tag","embeddable":true,"href":"https:\/\/ekomaofsweden.com\/en\/wp-json\/wp\/v2\/product_tag?post=1673"}],"curies":[{"name":"wp","href":"https:\/\/api.w.org\/{rel}","templated":true}]}}