{"id":1672,"date":"2026-04-09T16:35:17","date_gmt":"2026-04-09T16:35:17","guid":{"rendered":"https:\/\/ekomaofsweden.com\/produkt\/medimix-bodywash-sandal-and-eladi-oil-flytande-tval-300-ml\/"},"modified":"2026-04-09T17:21:56","modified_gmt":"2026-04-09T17:21:56","slug":"medimix-bodywash-sandal-and-eladi-oil-flytande-tval-300-ml","status":"publish","type":"product","link":"https:\/\/ekomaofsweden.com\/en\/product\/medimix-bodywash-sandal-and-eladi-oil-flytande-tval-300-ml\/","title":{"rendered":"Medimix Bodywash Sandal and Eladi Oil, liquid soap 300 ml"},"content":{"rendered":"<p><strong>Medimix Bodywash Sandal and Eladi Oil, liquid soap 250 ml<\/strong> is extremely gentle, beneficial and balancing for those with sensitive skin. Our most active liquid soap for problem skin. Like all Medimix body washes, it is very rich and affordable!<\/p>\n<p>Eladi is an ancient Ayurvedic balancing oil traditionally used for allergies, eczema, itching, rashes, discolourations, pigmentation changes, skin inflammations etc. It consists of 29 carefully selected herbal extracts in exact proportion. Long-term use of Eladi oil is considered to balance skin pigmentation and strengthen its structure!<\/p>\n<p>Exotic spicy scent of light sandalwood.<\/p>\n<p>Ayurvedic ingredients: <strong>Coconut oil, Black cardamom, Cardamom, Sarja, Mountain burdock, Glass berry, Indian nardus herb, Balaka, Mayurashikha, Willow herb, Shati, True cinnamon, Indian cinnamon, Indian turnip root, She oak, Nutmeg, Myrrh, Mussel shell powder, Morning glory flower, Himalayan cedar, Agarwood, Chir pine, Saffron, Wild turmeric, Indian bedellium, Shallaki, Cutch tree, Punnaga, Indian rose chestnut.<\/strong><\/p>","protected":false},"excerpt":{"rendered":"<p>Medimix Bodywash Sandal and Eladi Oil, liquid soap 250 ml is extremely gentle, beneficial and balancing for those with sensitive skin. Our most active liquid soap for problem skin. Like all Medimix bodywashes, it is very rich and affordable!<\/p>","protected":false},"featured_media":1851,"comment_status":"open","ping_status":"closed","template":"","meta":{"slim_seo":{"title":"Medimix Bodywash Sandal and Eladi Oil, flytande tv\u00e5l 300 ml - Ekoma Of Sweden","description":"Medimix Bodywash Sandal and Eladi Oil, flytande tv\u00e5l 250 ml \u00e4r ytterst skonsam, v\u00e4lg\u00f6rande och balanserande f\u00f6r dig med k\u00e4nslig hud. V\u00e5r mest aktiva flytande tv"}},"product_brand":[],"product_cat":[181],"product_tag":[125,126,68,70],"class_list":{"0":"post-1672","1":"product","2":"type-product","3":"status-publish","4":"has-post-thumbnail","6":"product_cat-flytande-tval","7":"product_tag-duschtval","8":"product_tag-flytande-tval","9":"product_tag-medimix","10":"product_tag-tval","12":"first","13":"instock","14":"taxable","15":"shipping-taxable","16":"purchasable","17":"product-type-simple"},"_links":{"self":[{"href":"https:\/\/ekomaofsweden.com\/en\/wp-json\/wp\/v2\/product\/1672","targetHints":{"allow":["GET"]}}],"collection":[{"href":"https:\/\/ekomaofsweden.com\/en\/wp-json\/wp\/v2\/product"}],"about":[{"href":"https:\/\/ekomaofsweden.com\/en\/wp-json\/wp\/v2\/types\/product"}],"replies":[{"embeddable":true,"href":"https:\/\/ekomaofsweden.com\/en\/wp-json\/wp\/v2\/comments?post=1672"}],"wp:featuredmedia":[{"embeddable":true,"href":"https:\/\/ekomaofsweden.com\/en\/wp-json\/wp\/v2\/media\/1851"}],"wp:attachment":[{"href":"https:\/\/ekomaofsweden.com\/en\/wp-json\/wp\/v2\/media?parent=1672"}],"wp:term":[{"taxonomy":"product_brand","embeddable":true,"href":"https:\/\/ekomaofsweden.com\/en\/wp-json\/wp\/v2\/product_brand?post=1672"},{"taxonomy":"product_cat","embeddable":true,"href":"https:\/\/ekomaofsweden.com\/en\/wp-json\/wp\/v2\/product_cat?post=1672"},{"taxonomy":"product_tag","embeddable":true,"href":"https:\/\/ekomaofsweden.com\/en\/wp-json\/wp\/v2\/product_tag?post=1672"}],"curies":[{"name":"wp","href":"https:\/\/api.w.org\/{rel}","templated":true}]}}