{"id":1671,"date":"2026-04-09T16:35:17","date_gmt":"2026-04-09T16:35:17","guid":{"rendered":"https:\/\/ekomaofsweden.com\/produkt\/medimix-bodywash-moisturising-lakshadi-oil-flytande-tval-300-ml\/"},"modified":"2026-04-09T17:21:30","modified_gmt":"2026-04-09T17:21:30","slug":"medimix-bodywash-moisturising-lakshadi-oil-flytande-tval-300-ml","status":"publish","type":"product","link":"https:\/\/ekomaofsweden.com\/en\/product\/medimix-bodywash-moisturising-lakshadi-oil-flytande-tval-300-ml\/","title":{"rendered":"Medimix Bodywash Moisturising Lakshadi Oil liquid soap 300 ml"},"content":{"rendered":"<p><strong>Medimix Bodywash Moisturising Lakshadi Oil liquid soap <\/strong>300ml is a modern, Ayurvedic, balancing body wash, specially designed for those with dry skin. Like all Medimix body washes, it is very rich and affordable!<\/p>\n<p>The special Lakshadi oil contains several vasodilating herbs, which stimulate the thin blood vessels at the edge of the skin. This balances the function of the sebaceous glands, which are responsible for the skin's natural moisturisation. The increased blood flow in the skin means that Moisturising Lakshadi Oil can also alleviate acne and stimulate desiccated hair follicles.<\/p>\n<p>Fresh scent of citrus and apple.<\/p>\n<p><span data-mce-fragment=\"1\">300 ml bottle with flip cap. Pump to fit the bottle can be ordered here:\u00a0<a href=\"https:\/\/bierkaveda.se\/products\/pump-till-bodywash-flaska\">https:\/\/bierkaveda.se\/products\/pump-till-bodywash-flaska<\/a><\/span><\/p>\n<p>Active Ayurvedic herbs: <strong>Coconut oil, Shellac, Ashwaganda, Turmeric, Himalayan Cedar, Orange Pepper Tree, Mountain Burdock, Motherwort, Sandalwood, Chonemorpha macrophylla, Katmai, Alpinia calcarata, Dill, Liquorice Root, Yoghurt.<\/strong><\/p>","protected":false},"excerpt":{"rendered":"<p>Medimix Bodywash Moisturising Lakshadi Oil Liquid Soap 300ml is a modern, Ayurvedic, balancing bodywash, specially designed for those with dry skin. Like all Medimix body washes, it is very rich and affordable!<\/p>","protected":false},"featured_media":1849,"comment_status":"open","ping_status":"closed","template":"","meta":{"slim_seo":{"title":"Medimix Bodywash Moisturising Lakshadi Oil flytande tv\u00e5l 300 ml - Ekoma Of Sweden","description":"Medimix Bodywash Moisturising Lakshadi Oil flytande tv\u00e5l 300 ml \u00e4r en modern, ayurvedisk, balanserande bodywash, speciellt utformad f\u00f6r dig med torr hud. Som al"}},"product_brand":[],"product_cat":[181],"product_tag":[125,126,68,70],"class_list":{"0":"post-1671","1":"product","2":"type-product","3":"status-publish","4":"has-post-thumbnail","6":"product_cat-flytande-tval","7":"product_tag-duschtval","8":"product_tag-flytande-tval","9":"product_tag-medimix","10":"product_tag-tval","12":"first","13":"instock","14":"taxable","15":"shipping-taxable","16":"purchasable","17":"product-type-simple"},"_links":{"self":[{"href":"https:\/\/ekomaofsweden.com\/en\/wp-json\/wp\/v2\/product\/1671","targetHints":{"allow":["GET"]}}],"collection":[{"href":"https:\/\/ekomaofsweden.com\/en\/wp-json\/wp\/v2\/product"}],"about":[{"href":"https:\/\/ekomaofsweden.com\/en\/wp-json\/wp\/v2\/types\/product"}],"replies":[{"embeddable":true,"href":"https:\/\/ekomaofsweden.com\/en\/wp-json\/wp\/v2\/comments?post=1671"}],"wp:featuredmedia":[{"embeddable":true,"href":"https:\/\/ekomaofsweden.com\/en\/wp-json\/wp\/v2\/media\/1849"}],"wp:attachment":[{"href":"https:\/\/ekomaofsweden.com\/en\/wp-json\/wp\/v2\/media?parent=1671"}],"wp:term":[{"taxonomy":"product_brand","embeddable":true,"href":"https:\/\/ekomaofsweden.com\/en\/wp-json\/wp\/v2\/product_brand?post=1671"},{"taxonomy":"product_cat","embeddable":true,"href":"https:\/\/ekomaofsweden.com\/en\/wp-json\/wp\/v2\/product_cat?post=1671"},{"taxonomy":"product_tag","embeddable":true,"href":"https:\/\/ekomaofsweden.com\/en\/wp-json\/wp\/v2\/product_tag?post=1671"}],"curies":[{"name":"wp","href":"https:\/\/api.w.org\/{rel}","templated":true}]}}