{"id":1670,"date":"2026-04-09T16:35:16","date_gmt":"2026-04-09T16:35:16","guid":{"rendered":"https:\/\/ekomaofsweden.com\/produkt\/medimix-bodywash-kumkumadi-flytande-tval-300-ml\/"},"modified":"2026-04-09T17:21:08","modified_gmt":"2026-04-09T17:21:08","slug":"medimix-bodywash-kumkumadi-flytande-tval-300-ml","status":"publish","type":"product","link":"https:\/\/ekomaofsweden.com\/en\/product\/medimix-bodywash-kumkumadi-flytande-tval-300-ml\/","title":{"rendered":"Medimix Bodywash Kumkumadi liquid soap 300 ml"},"content":{"rendered":"<p><strong>Medimix Bodywash Kumkumadi liquid soap 300 ml provides<\/strong> nourishes and moisturises your skin with every use. Like all Medimix body washes, it's very rich and affordable!<\/p>\n<p>This shower soap is enriched with Kumkumadi, an ancient Indian healing ointment that contains saffron. A small dose of Kumkumadi every day balances pigmentation and adds glow and radiance to the skin.<\/p>\n<p>Kumkumadi Bodywash also contains natural glycerine, which is gentle, nourishing and restorative for the skin<\/p>\n<p>Mild fragrance of saffron.<\/p>\n<p>Active Ayurvedic herbs: <strong>Saffron, Sappan wood, Nightshade root, Lotus flower, Liquorice root, Madhuka flower, Vetiver, Shellac, Sesame oil.<\/strong><\/p>","protected":false},"excerpt":{"rendered":"<p>Medimix Bodywash Kumkumadi Liquid Soap 300ml nourishes and moisturises your skin with every use. Like all Medimix body washes, it is very rich and affordable!<\/p>","protected":false},"featured_media":1847,"comment_status":"open","ping_status":"closed","template":"","meta":{"slim_seo":{"title":"Medimix Bodywash Kumkumadi flytande tv\u00e5l 300 ml - Ekoma Of Sweden","description":"Medimix Bodywash Kumkumadi flytande tv\u00e5l 300 ml ger n\u00e4ring till, och \u00e5terfuktar din hud vid varje anv\u00e4ndning. Som alla Medimix bodywashar, \u00e4r den mycket dryg oc"}},"product_brand":[],"product_cat":[181],"product_tag":[125,126,68,70],"class_list":{"0":"post-1670","1":"product","2":"type-product","3":"status-publish","4":"has-post-thumbnail","6":"product_cat-flytande-tval","7":"product_tag-duschtval","8":"product_tag-flytande-tval","9":"product_tag-medimix","10":"product_tag-tval","12":"first","13":"instock","14":"taxable","15":"shipping-taxable","16":"purchasable","17":"product-type-simple"},"_links":{"self":[{"href":"https:\/\/ekomaofsweden.com\/en\/wp-json\/wp\/v2\/product\/1670","targetHints":{"allow":["GET"]}}],"collection":[{"href":"https:\/\/ekomaofsweden.com\/en\/wp-json\/wp\/v2\/product"}],"about":[{"href":"https:\/\/ekomaofsweden.com\/en\/wp-json\/wp\/v2\/types\/product"}],"replies":[{"embeddable":true,"href":"https:\/\/ekomaofsweden.com\/en\/wp-json\/wp\/v2\/comments?post=1670"}],"wp:featuredmedia":[{"embeddable":true,"href":"https:\/\/ekomaofsweden.com\/en\/wp-json\/wp\/v2\/media\/1847"}],"wp:attachment":[{"href":"https:\/\/ekomaofsweden.com\/en\/wp-json\/wp\/v2\/media?parent=1670"}],"wp:term":[{"taxonomy":"product_brand","embeddable":true,"href":"https:\/\/ekomaofsweden.com\/en\/wp-json\/wp\/v2\/product_brand?post=1670"},{"taxonomy":"product_cat","embeddable":true,"href":"https:\/\/ekomaofsweden.com\/en\/wp-json\/wp\/v2\/product_cat?post=1670"},{"taxonomy":"product_tag","embeddable":true,"href":"https:\/\/ekomaofsweden.com\/en\/wp-json\/wp\/v2\/product_tag?post=1670"}],"curies":[{"name":"wp","href":"https:\/\/api.w.org\/{rel}","templated":true}]}}