{"id":1667,"date":"2026-04-09T16:35:14","date_gmt":"2026-04-09T16:35:14","guid":{"rendered":"https:\/\/ekomaofsweden.com\/produkt\/santhigiri-charma-mahima-naturlig-fast-tval-75-g\/"},"modified":"2026-04-09T17:20:06","modified_gmt":"2026-04-09T17:20:06","slug":"santhigiri-charma-mahima-naturlig-fast-tval-75-g","status":"publish","type":"product","link":"https:\/\/ekomaofsweden.com\/en\/product\/santhigiri-charma-mahima-naturlig-fast-tval-75-g\/","title":{"rendered":"Santhigiri Charma Mahima natural solid soap 75 g"},"content":{"rendered":"<p><strong>Santhigiri Charma Mahima<\/strong> natural solid soap 75 g is a <strong>handmade<\/strong> coconut oil soap, enriched with one of Ayurveda's most influential medicinal herbs, Ocimum sanctum, or Krishna Thulasi, as it is called in Sanskrit\/Hindi. In Swedish it is called Holy Basil, which also gives this soap its characteristic fresh scent.<\/p>\n<p>Santhigiri is an ashram in southern India. They grow all the herbs themselves, according to the strict Ayurvedic principles. All production is done by hand, by those who have chosen to live at the ashram. The ashram also conducts research into Ayurveda and Siddha, another branch of Indian natural medicine.<\/p>\n<p>Lovely fresh, green scent.<\/p>\n<p>Active Ayurvedic herbs: <strong>Krishna Thulasi, Bermuda grass, Five-leaved chaste tree, Amla, Banyan tree, Peepal tree, Foxtail tree, Lime, Turmeric, Sandalwood, Babchi, Vetiver.<\/strong><\/p>","protected":false},"excerpt":{"rendered":"<p>Santhigiri Charma Mahima natural solid soap 75 g is a handmade coconut oil soap, enriched with one of Ayurveda's most influential medicinal herbs Ocimum sanctum, or Krishna Thulasi, as it is called in Sanskrit\/Hindi. In Swedish it is called Holy Basil, which also gives this soap its character...<\/p>","protected":false},"featured_media":1839,"comment_status":"open","ping_status":"closed","template":"","meta":{"slim_seo":{"title":"Santhigiri Charma Mahima naturlig fast tv\u00e5l 75 g - Ekoma Of Sweden","description":"Santhigiri Charma Mahima naturlig fast tv\u00e5l 75 g \u00e4r en handgjord cocosoljetv\u00e5l, bland annat berikad med en av ayurvedans mest tongivande l\u00e4ke\u00f6rt Ocimum sanctum,"}},"product_brand":[],"product_cat":[174],"product_tag":[175,67,69,138,70],"class_list":{"0":"post-1667","1":"product","2":"type-product","3":"status-publish","4":"has-post-thumbnail","6":"product_cat-fast-tval","7":"product_tag-fast-tval","8":"product_tag-hardtval","9":"product_tag-naturtval","10":"product_tag-santhigiri","11":"product_tag-tval","13":"first","14":"instock","15":"taxable","16":"shipping-taxable","17":"purchasable","18":"product-type-simple"},"_links":{"self":[{"href":"https:\/\/ekomaofsweden.com\/en\/wp-json\/wp\/v2\/product\/1667","targetHints":{"allow":["GET"]}}],"collection":[{"href":"https:\/\/ekomaofsweden.com\/en\/wp-json\/wp\/v2\/product"}],"about":[{"href":"https:\/\/ekomaofsweden.com\/en\/wp-json\/wp\/v2\/types\/product"}],"replies":[{"embeddable":true,"href":"https:\/\/ekomaofsweden.com\/en\/wp-json\/wp\/v2\/comments?post=1667"}],"wp:featuredmedia":[{"embeddable":true,"href":"https:\/\/ekomaofsweden.com\/en\/wp-json\/wp\/v2\/media\/1839"}],"wp:attachment":[{"href":"https:\/\/ekomaofsweden.com\/en\/wp-json\/wp\/v2\/media?parent=1667"}],"wp:term":[{"taxonomy":"product_brand","embeddable":true,"href":"https:\/\/ekomaofsweden.com\/en\/wp-json\/wp\/v2\/product_brand?post=1667"},{"taxonomy":"product_cat","embeddable":true,"href":"https:\/\/ekomaofsweden.com\/en\/wp-json\/wp\/v2\/product_cat?post=1667"},{"taxonomy":"product_tag","embeddable":true,"href":"https:\/\/ekomaofsweden.com\/en\/wp-json\/wp\/v2\/product_tag?post=1667"}],"curies":[{"name":"wp","href":"https:\/\/api.w.org\/{rel}","templated":true}]}}