{"id":1666,"date":"2026-04-09T16:35:14","date_gmt":"2026-04-09T16:35:14","guid":{"rendered":"https:\/\/ekomaofsweden.com\/produkt\/medimix-vetiver-grape-seed-with-cooling-menthol-fast-tval-125-g\/"},"modified":"2026-04-09T17:19:40","modified_gmt":"2026-04-09T17:19:40","slug":"medimix-vetiver-grape-seed-with-cooling-menthol-fast-tval-125-g","status":"publish","type":"product","link":"https:\/\/ekomaofsweden.com\/en\/product\/medimix-vetiver-grape-seed-with-cooling-menthol-fast-tval-125-g\/","title":{"rendered":"Medimix Vetiver &amp; Grape Seed with cooling menthol solid soap 125 g"},"content":{"rendered":"<div>\n<p><strong>Medimix Vetiver &amp; Grape Seed with cooling menthol solid soap 125 g<\/strong> is the latest addition to the Medimix range. Gives a cooling sensation that lingers for a long time. A summer favourite!<\/p>\n<p>The Ayurvedic blend in Vetiver &amp; Grape Seed is specifically designed to help the skin manage heat and keep bacteria in check. It is therefore ideal for the body's poorly ventilated spaces, where bacteria thrive. Use with caution near sensitive mucous membranes.<\/p>\n<p>Active Ayurvedic herbs: <strong>Camphor resin, Grape seed oil, Aloevera, Indian Sarasaparilla, Amla, Manjishta, Balaka, Black cumin, Camphor, Vetiver.<\/strong><\/p>\n<\/div>","protected":false},"excerpt":{"rendered":"<p>Medimix Vetiver &amp; Grape Seed with cooling menthol solid soap 125g is the latest addition to the Medimix range. Gives a cooling sensation that lingers for a long time. A summer favourite!<\/p>","protected":false},"featured_media":1836,"comment_status":"open","ping_status":"closed","template":"","meta":{"slim_seo":{"title":"Medimix Vetiver & Grape Seed with cooling menthol fast tv\u00e5l 125 g - Ekoma Of Sweden","description":"Medimix Vetiver & Grape Seed with cooling menthol fast tv\u00e5l 125 g \u00e4r det senaste tillskottet i Medimix sortiment. Ger en svalkande k\u00e4nsla som h\u00e4nger kvar l\u00e4nge."}},"product_brand":[],"product_cat":[174],"product_tag":[175,71,67,68,70],"class_list":{"0":"post-1666","1":"product","2":"type-product","3":"status-publish","4":"has-post-thumbnail","6":"product_cat-fast-tval","7":"product_tag-fast-tval","8":"product_tag-glycerintval","9":"product_tag-hardtval","10":"product_tag-medimix","11":"product_tag-tval","13":"first","14":"instock","15":"taxable","16":"shipping-taxable","17":"purchasable","18":"product-type-simple"},"_links":{"self":[{"href":"https:\/\/ekomaofsweden.com\/en\/wp-json\/wp\/v2\/product\/1666","targetHints":{"allow":["GET"]}}],"collection":[{"href":"https:\/\/ekomaofsweden.com\/en\/wp-json\/wp\/v2\/product"}],"about":[{"href":"https:\/\/ekomaofsweden.com\/en\/wp-json\/wp\/v2\/types\/product"}],"replies":[{"embeddable":true,"href":"https:\/\/ekomaofsweden.com\/en\/wp-json\/wp\/v2\/comments?post=1666"}],"wp:featuredmedia":[{"embeddable":true,"href":"https:\/\/ekomaofsweden.com\/en\/wp-json\/wp\/v2\/media\/1836"}],"wp:attachment":[{"href":"https:\/\/ekomaofsweden.com\/en\/wp-json\/wp\/v2\/media?parent=1666"}],"wp:term":[{"taxonomy":"product_brand","embeddable":true,"href":"https:\/\/ekomaofsweden.com\/en\/wp-json\/wp\/v2\/product_brand?post=1666"},{"taxonomy":"product_cat","embeddable":true,"href":"https:\/\/ekomaofsweden.com\/en\/wp-json\/wp\/v2\/product_cat?post=1666"},{"taxonomy":"product_tag","embeddable":true,"href":"https:\/\/ekomaofsweden.com\/en\/wp-json\/wp\/v2\/product_tag?post=1666"}],"curies":[{"name":"wp","href":"https:\/\/api.w.org\/{rel}","templated":true}]}}