{"id":1663,"date":"2026-04-09T16:35:12","date_gmt":"2026-04-09T16:35:12","guid":{"rendered":"https:\/\/ekomaofsweden.com\/produkt\/medimix-turmeric-argan-oil-fast-tval-125-g\/"},"modified":"2026-04-09T17:18:50","modified_gmt":"2026-04-09T17:18:50","slug":"medimix-turmeric-argan-oil-fast-tval-125-g","status":"publish","type":"product","link":"https:\/\/ekomaofsweden.com\/en\/product\/medimix-turmeric-argan-oil-fast-tval-125-g\/","title":{"rendered":"Medimix Turmeric &amp; Argan Oil solid soap 125 g"},"content":{"rendered":"<p><strong>Medimix Turmeric &amp; Argan Oil solid soap 125 g<\/strong> is very rich in vitamin E, in combination with other antioxidants Very nourishing for the skin!<\/p>\n<p>The rich content of vitamin E in combination with mono and polyunsaturated fatty acids, carotenoids, triterpenes and unique phytosterols can influence the metabolism of skin cells. All these bioactive substances form a compound that supports the normal functions of skin cells, nourishes and helps already damaged skin to recover. When used consistently, this is an unbeatable recipe for a soap that supports and rejuvenates your skin!<\/p>\n<p>Mildly perfumed, sweetly floral scent.<\/p>\n<p>Active Ayurvedic herbs: <strong>Turmeric, Argan oil<\/strong>.<\/p>","protected":false},"excerpt":{"rendered":"<p>Medimix Turmeric &amp; Argan Oil solid soap 125 g is very rich in vitamin E, combined with other antioxidants. Very nourishing for the skin!<\/p>","protected":false},"featured_media":1829,"comment_status":"open","ping_status":"closed","template":"","meta":{"slim_seo":{"title":"Medimix Turmeric & Argan Oil fast tv\u00e5l 125 g - Ekoma Of Sweden","description":"Medimix Turmeric & Argan Oil fast tv\u00e5l 125 g \u00e4r mycket rik p\u00e5 vitamin E, i kombination med andra antioxidanter. Mycket n\u00e4rande f\u00f6r huden!"}},"product_brand":[],"product_cat":[174],"product_tag":[175,71,67,68,70],"class_list":{"0":"post-1663","1":"product","2":"type-product","3":"status-publish","4":"has-post-thumbnail","6":"product_cat-fast-tval","7":"product_tag-fast-tval","8":"product_tag-glycerintval","9":"product_tag-hardtval","10":"product_tag-medimix","11":"product_tag-tval","13":"first","14":"instock","15":"taxable","16":"shipping-taxable","17":"purchasable","18":"product-type-simple"},"_links":{"self":[{"href":"https:\/\/ekomaofsweden.com\/en\/wp-json\/wp\/v2\/product\/1663","targetHints":{"allow":["GET"]}}],"collection":[{"href":"https:\/\/ekomaofsweden.com\/en\/wp-json\/wp\/v2\/product"}],"about":[{"href":"https:\/\/ekomaofsweden.com\/en\/wp-json\/wp\/v2\/types\/product"}],"replies":[{"embeddable":true,"href":"https:\/\/ekomaofsweden.com\/en\/wp-json\/wp\/v2\/comments?post=1663"}],"wp:featuredmedia":[{"embeddable":true,"href":"https:\/\/ekomaofsweden.com\/en\/wp-json\/wp\/v2\/media\/1829"}],"wp:attachment":[{"href":"https:\/\/ekomaofsweden.com\/en\/wp-json\/wp\/v2\/media?parent=1663"}],"wp:term":[{"taxonomy":"product_brand","embeddable":true,"href":"https:\/\/ekomaofsweden.com\/en\/wp-json\/wp\/v2\/product_brand?post=1663"},{"taxonomy":"product_cat","embeddable":true,"href":"https:\/\/ekomaofsweden.com\/en\/wp-json\/wp\/v2\/product_cat?post=1663"},{"taxonomy":"product_tag","embeddable":true,"href":"https:\/\/ekomaofsweden.com\/en\/wp-json\/wp\/v2\/product_tag?post=1663"}],"curies":[{"name":"wp","href":"https:\/\/api.w.org\/{rel}","templated":true}]}}