{"id":1658,"date":"2026-04-09T16:35:10","date_gmt":"2026-04-09T16:35:10","guid":{"rendered":"https:\/\/ekomaofsweden.com\/produkt\/medimix-lime-med-moringa-fast-tval-100-g\/"},"modified":"2026-04-09T17:17:29","modified_gmt":"2026-04-09T17:17:29","slug":"medimix-lime-med-moringa-fast-tval-100-g","status":"publish","type":"product","link":"https:\/\/ekomaofsweden.com\/en\/product\/medimix-lime-med-moringa-fast-tval-100-g\/","title":{"rendered":"Medimix Lime with Moringa solid soap 100 g"},"content":{"rendered":"<p><strong>Medimix Lime with Moringa solid soap 100 g<\/strong> gently cleanses the skin while protecting it from skin infections and imbalances. Its<strong><\/strong>\u00a0rich content of Ayurvedic herbs improves your skin's radiance and gives it natural freshness.<\/p>\n<p>The lime will leave you feeling energised and refreshed, and the nutrient-rich moringa will help your skin recover and rejuvenate.<\/p>\n<p>The soap is suitable for all skin types and lathers richly for a luxurious clean.\u00a0<\/p>","protected":false},"excerpt":{"rendered":"<p>Medimix Lime with Moringa Solid Soap 100g gently cleanses the skin while protecting it from skin infections and imbalances. Its rich content of Ayurvedic herbs improves your skin's radiance and gives it natural freshness.<\/p>","protected":false},"featured_media":1816,"comment_status":"open","ping_status":"closed","template":"","meta":{"slim_seo":{"title":"Medimix Lime med Moringa fast tv\u00e5l 100 g - Ekoma Of Sweden","description":"Medimix Lime with Moringa fast tv\u00e5l 100 g reng\u00f6r huden skonsamt samtidigt som den skyddar den fr\u00e5n hudinfektioner och obalanser. Dess rika inneh\u00e5ll av ayurvedis"}},"product_brand":[],"product_cat":[174],"product_tag":[175,71,67,68,70],"class_list":{"0":"post-1658","1":"product","2":"type-product","3":"status-publish","4":"has-post-thumbnail","6":"product_cat-fast-tval","7":"product_tag-fast-tval","8":"product_tag-glycerintval","9":"product_tag-hardtval","10":"product_tag-medimix","11":"product_tag-tval","13":"first","14":"instock","15":"taxable","16":"shipping-taxable","17":"purchasable","18":"product-type-simple"},"_links":{"self":[{"href":"https:\/\/ekomaofsweden.com\/en\/wp-json\/wp\/v2\/product\/1658","targetHints":{"allow":["GET"]}}],"collection":[{"href":"https:\/\/ekomaofsweden.com\/en\/wp-json\/wp\/v2\/product"}],"about":[{"href":"https:\/\/ekomaofsweden.com\/en\/wp-json\/wp\/v2\/types\/product"}],"replies":[{"embeddable":true,"href":"https:\/\/ekomaofsweden.com\/en\/wp-json\/wp\/v2\/comments?post=1658"}],"wp:featuredmedia":[{"embeddable":true,"href":"https:\/\/ekomaofsweden.com\/en\/wp-json\/wp\/v2\/media\/1816"}],"wp:attachment":[{"href":"https:\/\/ekomaofsweden.com\/en\/wp-json\/wp\/v2\/media?parent=1658"}],"wp:term":[{"taxonomy":"product_brand","embeddable":true,"href":"https:\/\/ekomaofsweden.com\/en\/wp-json\/wp\/v2\/product_brand?post=1658"},{"taxonomy":"product_cat","embeddable":true,"href":"https:\/\/ekomaofsweden.com\/en\/wp-json\/wp\/v2\/product_cat?post=1658"},{"taxonomy":"product_tag","embeddable":true,"href":"https:\/\/ekomaofsweden.com\/en\/wp-json\/wp\/v2\/product_tag?post=1658"}],"curies":[{"name":"wp","href":"https:\/\/api.w.org\/{rel}","templated":true}]}}