{"id":1656,"date":"2026-04-09T16:35:08","date_gmt":"2026-04-09T16:35:08","guid":{"rendered":"https:\/\/ekomaofsweden.com\/produkt\/medimix-kumkumadi-with-saffron-fast-tval-125-g\/"},"modified":"2026-04-09T17:17:09","modified_gmt":"2026-04-09T17:17:09","slug":"medimix-kumkumadi-with-saffron-fast-tval-125-g","status":"publish","type":"product","link":"https:\/\/ekomaofsweden.com\/en\/product\/medimix-kumkumadi-with-saffron-fast-tval-125-g\/","title":{"rendered":"Medimix Kumkumadi with Saffron solid soap 125 g"},"content":{"rendered":"<div class=\"Preview_row__3Fkye row\">\n<div data-id=\"DBA10A07-E6C8-4B66-802A-493C97B83181\" data-kind=\"TEXT\" class=\"Preview_componentWrapper__2i4QI\">\n<div data-id=\"DBA10A07-E6C8-4B66-802A-493C97B83181\" data-kind=\"Component\" data-specific-kind=\"TEXT\" class=\"Preview_component__SbiKo\">\n<div class=\"styles_contentContainer__lrPIa textnormal styles_text__3jGMu\">\n<p><strong>Medimix Kumkumadi with saffron glycerine soap<\/strong> 125 g helps tired skin regain its lustre and life. The key ingredient here is Kumkumadi, an ancient Indian healing ointment containing some 20 medicinal herbs - including red and yellow (golden) saffron.<\/p>\n<p>The antiseptic, antibacterial and disinfectant properties of coumadin help to promote blood circulation and repair cells, while moisturising the skin and giving it a natural glow. Saffron clears skin of impurities and improves skin tone.<\/p>\n<p>The unique blend in this soap helps to heal wounds, infections and scars. The soothing properties help reduce itching, burning and rashes.\u00a0<\/p>\n<p>Kumkumadi also provides natural sun protection, reduces dark spots and pigmentation and acne.<\/p>\n<p>Active Ayurvedic herbs:\u00a0<strong>Coming soon!<\/strong><\/p>\n<\/div>\n<\/div>\n<\/div>\n<\/div>","protected":false},"excerpt":{"rendered":"<p>Medimix Kumkumadi with Saffron Glycerine Soap 125g helps tired skin regain its lustre and life. The key ingredient here is Kumkumadi, an ancient Indian healing ointment containing around 20 medicinal herbs - including red and yellow (golden) saffron.<\/p>","protected":false},"featured_media":1812,"comment_status":"open","ping_status":"closed","template":"","meta":{"slim_seo":{"title":"Medimix Kumkumadi with Saffron fast tv\u00e5l 125 g - Ekoma Of Sweden","description":"Medimix Kumkumadi med saffran glycerintv\u00e5l 125 g hj\u00e4lper tr\u00f6tt hud \u00e5terf\u00e5 lyster och liv. B\u00e4rande ingrediens h\u00e4r \u00e4r Kumkumadi, en urgammal indisk l\u00e4kesalva som"}},"product_brand":[],"product_cat":[174],"product_tag":[175,71,67,68,70],"class_list":{"0":"post-1656","1":"product","2":"type-product","3":"status-publish","4":"has-post-thumbnail","6":"product_cat-fast-tval","7":"product_tag-fast-tval","8":"product_tag-glycerintval","9":"product_tag-hardtval","10":"product_tag-medimix","11":"product_tag-tval","13":"first","14":"instock","15":"taxable","16":"shipping-taxable","17":"purchasable","18":"product-type-simple"},"_links":{"self":[{"href":"https:\/\/ekomaofsweden.com\/en\/wp-json\/wp\/v2\/product\/1656","targetHints":{"allow":["GET"]}}],"collection":[{"href":"https:\/\/ekomaofsweden.com\/en\/wp-json\/wp\/v2\/product"}],"about":[{"href":"https:\/\/ekomaofsweden.com\/en\/wp-json\/wp\/v2\/types\/product"}],"replies":[{"embeddable":true,"href":"https:\/\/ekomaofsweden.com\/en\/wp-json\/wp\/v2\/comments?post=1656"}],"wp:featuredmedia":[{"embeddable":true,"href":"https:\/\/ekomaofsweden.com\/en\/wp-json\/wp\/v2\/media\/1812"}],"wp:attachment":[{"href":"https:\/\/ekomaofsweden.com\/en\/wp-json\/wp\/v2\/media?parent=1656"}],"wp:term":[{"taxonomy":"product_brand","embeddable":true,"href":"https:\/\/ekomaofsweden.com\/en\/wp-json\/wp\/v2\/product_brand?post=1656"},{"taxonomy":"product_cat","embeddable":true,"href":"https:\/\/ekomaofsweden.com\/en\/wp-json\/wp\/v2\/product_cat?post=1656"},{"taxonomy":"product_tag","embeddable":true,"href":"https:\/\/ekomaofsweden.com\/en\/wp-json\/wp\/v2\/product_tag?post=1656"}],"curies":[{"name":"wp","href":"https:\/\/api.w.org\/{rel}","templated":true}]}}