{"id":1653,"date":"2026-04-09T16:35:02","date_gmt":"2026-04-09T16:35:02","guid":{"rendered":"https:\/\/ekomaofsweden.com\/produkt\/khadi-natural-rose-water-soap-125-g\/"},"modified":"2026-04-09T17:16:17","modified_gmt":"2026-04-09T17:16:17","slug":"khadi-natural-rose-water-soap-125-g","status":"publish","type":"product","link":"https:\/\/ekomaofsweden.com\/en\/product\/khadi-natural-rose-water-soap-125-g\/","title":{"rendered":"Khadi Natural Rose Water Soap 125 g"},"content":{"rendered":"<p><strong><em>Khadi Natural Rose Water Soap 125 g is a handmade Ayurvedic glycerine soap with essential oils, which<\/em><\/strong><strong><em>cleanses the skin and body of dirt, while exfoliating and leaving it feeling soft and smooth.<\/em><\/strong><\/p>\n<p>The rust soap has mild antiseptic properties and helps to give the skin a smooth and velvety feel.\u00a0<\/p>\n<p>A natural, plant-based soap that restores body pH and keeps your skin moisturised. Completely free from Parabens, SLS and mineral oils.<\/p>\n<p>This unique soap keeps your skin soft and supple with glycerine and rose petal water, which also gives you a heavenly scent!<\/p>\n<p><em>Content:<\/em><br \/><em> <span data-mce-fragment=\"1\">Pink water,<\/span>\u00a0Glycerine, Vegetable Oils.<\/em><\/p>\n<p><em>INCI:<br \/>Coming soon!<\/em><\/p>","protected":false},"excerpt":{"rendered":"<p>Khadi Natural Rose Water Soap 125 g is a handmade Ayurvedic glycerine soap with essential oils, which cleanses the skin and body from dirt, while exfoliating and leaving a soft and smooth feeling.<\/p>","protected":false},"featured_media":1804,"comment_status":"open","ping_status":"closed","template":"","meta":{"slim_seo":{"title":"Khadi Natural Rose Water Soap 125 g - Ekoma Of Sweden","description":"Khadi Natural Rose Water Soap 125 g \u00e4r en handgjord ayurvedisk glycerintv\u00e5l med eteriska oljor, som r eng\u00f6r huden och kroppen fr\u00e5n smuts, samtidigt som den \u00e4r e"}},"product_brand":[],"product_cat":[174],"product_tag":[175,71,67,150,95,70],"class_list":{"0":"post-1653","1":"product","2":"type-product","3":"status-publish","4":"has-post-thumbnail","6":"product_cat-fast-tval","7":"product_tag-fast-tval","8":"product_tag-glycerintval","9":"product_tag-hardtval","10":"product_tag-khadi-natural","11":"product_tag-khadinatural","12":"product_tag-tval","14":"first","15":"instock","16":"taxable","17":"shipping-taxable","18":"purchasable","19":"product-type-simple"},"_links":{"self":[{"href":"https:\/\/ekomaofsweden.com\/en\/wp-json\/wp\/v2\/product\/1653","targetHints":{"allow":["GET"]}}],"collection":[{"href":"https:\/\/ekomaofsweden.com\/en\/wp-json\/wp\/v2\/product"}],"about":[{"href":"https:\/\/ekomaofsweden.com\/en\/wp-json\/wp\/v2\/types\/product"}],"replies":[{"embeddable":true,"href":"https:\/\/ekomaofsweden.com\/en\/wp-json\/wp\/v2\/comments?post=1653"}],"wp:featuredmedia":[{"embeddable":true,"href":"https:\/\/ekomaofsweden.com\/en\/wp-json\/wp\/v2\/media\/1804"}],"wp:attachment":[{"href":"https:\/\/ekomaofsweden.com\/en\/wp-json\/wp\/v2\/media?parent=1653"}],"wp:term":[{"taxonomy":"product_brand","embeddable":true,"href":"https:\/\/ekomaofsweden.com\/en\/wp-json\/wp\/v2\/product_brand?post=1653"},{"taxonomy":"product_cat","embeddable":true,"href":"https:\/\/ekomaofsweden.com\/en\/wp-json\/wp\/v2\/product_cat?post=1653"},{"taxonomy":"product_tag","embeddable":true,"href":"https:\/\/ekomaofsweden.com\/en\/wp-json\/wp\/v2\/product_tag?post=1653"}],"curies":[{"name":"wp","href":"https:\/\/api.w.org\/{rel}","templated":true}]}}