{"id":1652,"date":"2026-04-09T16:35:02","date_gmt":"2026-04-09T16:35:02","guid":{"rendered":"https:\/\/ekomaofsweden.com\/produkt\/khadi-natural-pure-lavender-soap-125-g\/"},"modified":"2026-04-09T17:16:02","modified_gmt":"2026-04-09T17:16:02","slug":"khadi-natural-pure-lavender-soap-125-g","status":"publish","type":"product","link":"https:\/\/ekomaofsweden.com\/en\/product\/khadi-natural-pure-lavender-soap-125-g\/","title":{"rendered":"Khadi Natural Pure Lavender Soap 125 g"},"content":{"rendered":"<p>Khadi Natural Pure Lavender Soap 125 g is a handmade glycerine soap with essential oils, which cleanses the skin and body of dirt, while exfoliating and leaving a soft and smooth feeling.<\/p>\n<p>This soap helps in the treatment of acne and skin infections, and helps to maintain the skin's natural moisture.<\/p>\n<p>Khadi Natural Lavender soap has a fresh, aromatic and floral scent of lavender that is soothing to the body and mind.<\/p>\n<p>A natural, plant-based soap that restores body pH and keeps your skin moisturised. Completely free from Parabens, SLS and mineral oils.<\/p>\n<p>Content:<br \/>Lavender oil, Glycerine, Vegetable oils.<\/p>\n<p>INCI:<br \/>Coming soon!<\/p>","protected":false},"excerpt":{"rendered":"<p>Khadi Natural Pure Lavender Soap 125 g is a handmade glycerine soap with essential oils, which cleanses the skin and body of dirt, while exfoliating and leaving a soft and smooth feeling.<\/p>","protected":false},"featured_media":1801,"comment_status":"open","ping_status":"closed","template":"","meta":{"slim_seo":{"title":"Khadi Natural Pure Lavender Soap 125 g - Ekoma Of Sweden","description":"Khadi Natural Pure Lavender Soap 125 g \u00e4r en handgjord glycerintv\u00e5l med eteriska oljor, som reng\u00f6r huden och kroppen fr\u00e5n smuts, samtidigt som den \u00e4r exfolieran"}},"product_brand":[],"product_cat":[174],"product_tag":[175,71,67,150,95,70],"class_list":{"0":"post-1652","1":"product","2":"type-product","3":"status-publish","4":"has-post-thumbnail","6":"product_cat-fast-tval","7":"product_tag-fast-tval","8":"product_tag-glycerintval","9":"product_tag-hardtval","10":"product_tag-khadi-natural","11":"product_tag-khadinatural","12":"product_tag-tval","14":"first","15":"instock","16":"taxable","17":"shipping-taxable","18":"purchasable","19":"product-type-simple"},"_links":{"self":[{"href":"https:\/\/ekomaofsweden.com\/en\/wp-json\/wp\/v2\/product\/1652","targetHints":{"allow":["GET"]}}],"collection":[{"href":"https:\/\/ekomaofsweden.com\/en\/wp-json\/wp\/v2\/product"}],"about":[{"href":"https:\/\/ekomaofsweden.com\/en\/wp-json\/wp\/v2\/types\/product"}],"replies":[{"embeddable":true,"href":"https:\/\/ekomaofsweden.com\/en\/wp-json\/wp\/v2\/comments?post=1652"}],"wp:featuredmedia":[{"embeddable":true,"href":"https:\/\/ekomaofsweden.com\/en\/wp-json\/wp\/v2\/media\/1801"}],"wp:attachment":[{"href":"https:\/\/ekomaofsweden.com\/en\/wp-json\/wp\/v2\/media?parent=1652"}],"wp:term":[{"taxonomy":"product_brand","embeddable":true,"href":"https:\/\/ekomaofsweden.com\/en\/wp-json\/wp\/v2\/product_brand?post=1652"},{"taxonomy":"product_cat","embeddable":true,"href":"https:\/\/ekomaofsweden.com\/en\/wp-json\/wp\/v2\/product_cat?post=1652"},{"taxonomy":"product_tag","embeddable":true,"href":"https:\/\/ekomaofsweden.com\/en\/wp-json\/wp\/v2\/product_tag?post=1652"}],"curies":[{"name":"wp","href":"https:\/\/api.w.org\/{rel}","templated":true}]}}