{"id":1651,"date":"2026-04-09T16:35:01","date_gmt":"2026-04-09T16:35:01","guid":{"rendered":"https:\/\/ekomaofsweden.com\/produkt\/khadi-natural-jasmine-soap-125-g\/"},"modified":"2026-04-09T17:15:46","modified_gmt":"2026-04-09T17:15:46","slug":"khadi-natural-jasmine-soap-125-g","status":"publish","type":"product","link":"https:\/\/ekomaofsweden.com\/en\/product\/khadi-natural-jasmine-soap-125-g\/","title":{"rendered":"Khadi Natural Jasmine Soap 125 g"},"content":{"rendered":"<p><strong>Khadi Natural Jasmine Soap 125 g<\/strong><strong><em> is a handmade, Ayurvedic glycerine soap that deeply moisturises your skin and has a healing effect on cracks, blemishes and scars.<\/em><\/strong><strong><em><\/p>\n<p><\/em><\/strong>The properties of the oils calm your mind and relieve aches and pains. Deeply cleanses and protects. Moisturises for softer skin. Heals blemishes and scars.<\/p>\n<p>The lovely aroma of Jasmine is soothing for both mind and body - a whole spa experience to have in the shower or on the sink!<\/p>\n<p><span>A natural, plant-based soap that restores body pH and keeps your skin moisturised. Completely free from Parabens, SLS and mineral oils.<\/span><\/p>\n<p><em>Content:<\/em><br \/><em>Jasmine, Glycerin, Wheat germ oil + Vegetable oil blend<\/em><\/p>\n<p><em>INCI:<br \/>Coming soon!<\/em><\/p>","protected":false},"excerpt":{"rendered":"<p>Khadi Natural Jasmine Soap 125 g is a handmade, Ayurvedic glycerine soap that deeply moisturises your skin and has a healing effect on cracks, blemishes and scars. The properties of the oils calm your mind and relieve aches and pains. Deeply cleanses and protects. Moisturises for softer skin. Heals stains...<\/p>","protected":false},"featured_media":1798,"comment_status":"open","ping_status":"closed","template":"","meta":{"slim_seo":{"title":"Khadi Natural Jasmine Soap 125 g - Ekoma Of Sweden","description":"Khadi Natural Jasmine Soap 125 g \u00e4r en handgjord, ayurvedisk glycerintv\u00e5l som \u00e5terfuktar din hud p\u00e5 djupet och har en l\u00e4kande effekt p\u00e5 sprickor, fl\u00e4ckar och \u00e4r"}},"product_brand":[],"product_cat":[174],"product_tag":[175,71,67,150,95,70],"class_list":{"0":"post-1651","1":"product","2":"type-product","3":"status-publish","4":"has-post-thumbnail","6":"product_cat-fast-tval","7":"product_tag-fast-tval","8":"product_tag-glycerintval","9":"product_tag-hardtval","10":"product_tag-khadi-natural","11":"product_tag-khadinatural","12":"product_tag-tval","14":"first","15":"instock","16":"taxable","17":"shipping-taxable","18":"purchasable","19":"product-type-simple"},"_links":{"self":[{"href":"https:\/\/ekomaofsweden.com\/en\/wp-json\/wp\/v2\/product\/1651","targetHints":{"allow":["GET"]}}],"collection":[{"href":"https:\/\/ekomaofsweden.com\/en\/wp-json\/wp\/v2\/product"}],"about":[{"href":"https:\/\/ekomaofsweden.com\/en\/wp-json\/wp\/v2\/types\/product"}],"replies":[{"embeddable":true,"href":"https:\/\/ekomaofsweden.com\/en\/wp-json\/wp\/v2\/comments?post=1651"}],"wp:featuredmedia":[{"embeddable":true,"href":"https:\/\/ekomaofsweden.com\/en\/wp-json\/wp\/v2\/media\/1798"}],"wp:attachment":[{"href":"https:\/\/ekomaofsweden.com\/en\/wp-json\/wp\/v2\/media?parent=1651"}],"wp:term":[{"taxonomy":"product_brand","embeddable":true,"href":"https:\/\/ekomaofsweden.com\/en\/wp-json\/wp\/v2\/product_brand?post=1651"},{"taxonomy":"product_cat","embeddable":true,"href":"https:\/\/ekomaofsweden.com\/en\/wp-json\/wp\/v2\/product_cat?post=1651"},{"taxonomy":"product_tag","embeddable":true,"href":"https:\/\/ekomaofsweden.com\/en\/wp-json\/wp\/v2\/product_tag?post=1651"}],"curies":[{"name":"wp","href":"https:\/\/api.w.org\/{rel}","templated":true}]}}