{"id":1648,"date":"2026-04-09T16:34:59","date_gmt":"2026-04-09T16:34:59","guid":{"rendered":"https:\/\/ekomaofsweden.com\/produkt\/khadi-natural-charcoal-soap-125-g\/"},"modified":"2026-04-09T17:14:51","modified_gmt":"2026-04-09T17:14:51","slug":"khadi-natural-charcoal-soap-125-g","status":"publish","type":"product","link":"https:\/\/ekomaofsweden.com\/en\/product\/khadi-natural-charcoal-soap-125-g\/","title":{"rendered":"Khadi Natural Charcoal Soap 125 g"},"content":{"rendered":"<p><strong>Khadi Natural Charcoal Soap 125 g<\/strong><strong><em> is a handmade, Ayurvedic glycerine soap with essential oils, which is perfect for deep cleansing and removing dead skin cells.<br data-mce-fragment=\"1\"><br data-mce-fragment=\"1\"><\/em><\/strong>With regular use, your skin becomes tighter and firmer, and your natural oiliness is balanced. Reduces pore size as well as unevenness and pigmentation of the skin, and reduces the appearance of scars and blemishes, and helps remove acne and blackheads.<\/p>\n<p><span>A natural, plant-based soap that restores body pH and keeps your skin moisturised. Completely free from Parabens, SLS and mineral oils.<\/span><\/p>\n<p>\u00a0<em>Content:<br \/><\/em><em>Charcoal, Glycerine, Vegetable oil blend<\/em><\/p>\n<p><em>INCI:<br \/>Coming soon!<\/em><\/p>","protected":false},"excerpt":{"rendered":"<p>Khadi Natural Charcoal Soap 125 g is a handmade, Ayurvedic glycerine soap with essential oils, which is perfect for deep cleansing and removing dead skin cells. With regular use, your skin becomes tighter and firmer, and your natural oiliness is balanced. Reduces pore size as well...<\/p>","protected":false},"featured_media":1790,"comment_status":"open","ping_status":"closed","template":"","meta":{"slim_seo":{"title":"Khadi Natural Charcoal Soap 125 g - Ekoma Of Sweden","description":"Khadi Natural Charcoal Soap 125 g \u00e4r en handgjord, ayurvedisk glycerintv\u00e5l med eteriska oljor, som \u00e4r perfekt f\u00f6r djupreng\u00f6ring och avyttring av d\u00f6da hudceller."}},"product_brand":[],"product_cat":[174],"product_tag":[175,71,67,150,95,70],"class_list":{"0":"post-1648","1":"product","2":"type-product","3":"status-publish","4":"has-post-thumbnail","6":"product_cat-fast-tval","7":"product_tag-fast-tval","8":"product_tag-glycerintval","9":"product_tag-hardtval","10":"product_tag-khadi-natural","11":"product_tag-khadinatural","12":"product_tag-tval","14":"first","15":"instock","16":"taxable","17":"shipping-taxable","18":"purchasable","19":"product-type-simple"},"_links":{"self":[{"href":"https:\/\/ekomaofsweden.com\/en\/wp-json\/wp\/v2\/product\/1648","targetHints":{"allow":["GET"]}}],"collection":[{"href":"https:\/\/ekomaofsweden.com\/en\/wp-json\/wp\/v2\/product"}],"about":[{"href":"https:\/\/ekomaofsweden.com\/en\/wp-json\/wp\/v2\/types\/product"}],"replies":[{"embeddable":true,"href":"https:\/\/ekomaofsweden.com\/en\/wp-json\/wp\/v2\/comments?post=1648"}],"wp:featuredmedia":[{"embeddable":true,"href":"https:\/\/ekomaofsweden.com\/en\/wp-json\/wp\/v2\/media\/1790"}],"wp:attachment":[{"href":"https:\/\/ekomaofsweden.com\/en\/wp-json\/wp\/v2\/media?parent=1648"}],"wp:term":[{"taxonomy":"product_brand","embeddable":true,"href":"https:\/\/ekomaofsweden.com\/en\/wp-json\/wp\/v2\/product_brand?post=1648"},{"taxonomy":"product_cat","embeddable":true,"href":"https:\/\/ekomaofsweden.com\/en\/wp-json\/wp\/v2\/product_cat?post=1648"},{"taxonomy":"product_tag","embeddable":true,"href":"https:\/\/ekomaofsweden.com\/en\/wp-json\/wp\/v2\/product_tag?post=1648"}],"curies":[{"name":"wp","href":"https:\/\/api.w.org\/{rel}","templated":true}]}}