{"id":1647,"date":"2026-04-09T16:34:59","date_gmt":"2026-04-09T16:34:59","guid":{"rendered":"https:\/\/ekomaofsweden.com\/produkt\/khadi-natural-chandan-haldi-soap-125-g\/"},"modified":"2026-04-09T17:14:34","modified_gmt":"2026-04-09T17:14:34","slug":"khadi-natural-chandan-haldi-soap-125-g","status":"publish","type":"product","link":"https:\/\/ekomaofsweden.com\/en\/product\/khadi-natural-chandan-haldi-soap-125-g\/","title":{"rendered":"Khadi Natural Chandan Haldi Soap 125 g"},"content":{"rendered":"<p><strong><em>Khadi Natural Chandan Haldi Soap 125 g is a handmade, Ayurvedic glycerin soap with essential oils, which helps restore the skin's natural glow, moisturises and revitalises the skin. <\/em><\/strong><\/p>\n<p>The soap is rich in antibacterial and antifungal properties and helps to treat acne.<br data-mce-fragment=\"1\"><br data-mce-fragment=\"1\">Anti-inflammatory properties reach into pores and soothe the skin. Turmeric is also known to reduce scarring.<br data-mce-fragment=\"1\"><\/p>\n<p><span>A natural, plant-based soap that restores body pH and keeps your skin moisturised. Completely free from Parabens, SLS and mineral oils.<\/span><\/p>\n<p><\/p>\n<p><em>Content:<\/em><br \/><em><span data-mce-fragment=\"1\">Turmeric, Glycerine, Vegetable Oils.<\/span><\/em><\/p>\n<p><em><span data-mce-fragment=\"1\">INCI:<br \/>Coming soon!<\/span><\/em><\/p>","protected":false},"excerpt":{"rendered":"<p>Khadi Natural Chandan Haldi Soap 125 g is a handmade, Ayurvedic glycerin soap with essential oils, which helps restore the skin's natural glow, moisturises and revitalises the skin.<\/p>","protected":false},"featured_media":1787,"comment_status":"open","ping_status":"closed","template":"","meta":{"slim_seo":{"title":"Khadi Natural Chandan Haldi Soap 125 g - Ekoma Of Sweden","description":"Khadi Natural Chandan Haldi Soap 125 g \u00e4r en handgjord, ayurvedisk glycerintv\u00e5l med eteriska oljor, som hj\u00e4lper till att \u00e5terst\u00e4lla hudens naturliga lyster, \u00e5te"}},"product_brand":[],"product_cat":[174],"product_tag":[175,71,67,150,95,70],"class_list":{"0":"post-1647","1":"product","2":"type-product","3":"status-publish","4":"has-post-thumbnail","6":"product_cat-fast-tval","7":"product_tag-fast-tval","8":"product_tag-glycerintval","9":"product_tag-hardtval","10":"product_tag-khadi-natural","11":"product_tag-khadinatural","12":"product_tag-tval","14":"first","15":"instock","16":"taxable","17":"shipping-taxable","18":"purchasable","19":"product-type-simple"},"_links":{"self":[{"href":"https:\/\/ekomaofsweden.com\/en\/wp-json\/wp\/v2\/product\/1647","targetHints":{"allow":["GET"]}}],"collection":[{"href":"https:\/\/ekomaofsweden.com\/en\/wp-json\/wp\/v2\/product"}],"about":[{"href":"https:\/\/ekomaofsweden.com\/en\/wp-json\/wp\/v2\/types\/product"}],"replies":[{"embeddable":true,"href":"https:\/\/ekomaofsweden.com\/en\/wp-json\/wp\/v2\/comments?post=1647"}],"wp:featuredmedia":[{"embeddable":true,"href":"https:\/\/ekomaofsweden.com\/en\/wp-json\/wp\/v2\/media\/1787"}],"wp:attachment":[{"href":"https:\/\/ekomaofsweden.com\/en\/wp-json\/wp\/v2\/media?parent=1647"}],"wp:term":[{"taxonomy":"product_brand","embeddable":true,"href":"https:\/\/ekomaofsweden.com\/en\/wp-json\/wp\/v2\/product_brand?post=1647"},{"taxonomy":"product_cat","embeddable":true,"href":"https:\/\/ekomaofsweden.com\/en\/wp-json\/wp\/v2\/product_cat?post=1647"},{"taxonomy":"product_tag","embeddable":true,"href":"https:\/\/ekomaofsweden.com\/en\/wp-json\/wp\/v2\/product_tag?post=1647"}],"curies":[{"name":"wp","href":"https:\/\/api.w.org\/{rel}","templated":true}]}}