{"id":1646,"date":"2026-04-09T16:34:58","date_gmt":"2026-04-09T16:34:58","guid":{"rendered":"https:\/\/ekomaofsweden.com\/produkt\/khadi-natural-butter-soap-woody-sandal-honey-100-g\/"},"modified":"2026-04-09T17:14:14","modified_gmt":"2026-04-09T17:14:14","slug":"khadi-natural-butter-soap-woody-sandal-honey-100-g","status":"publish","type":"product","link":"https:\/\/ekomaofsweden.com\/en\/product\/khadi-natural-butter-soap-woody-sandal-honey-100-g\/","title":{"rendered":"Khadi Natural Butter Soap Woody Sandal &amp; Honey 100 g"},"content":{"rendered":"<p><strong>Khadi Natural Butter Soap Woody Sandal &amp; Honey 100 g<\/strong> is a handmade Ayurvedic natural shea butter soap that moisturises and softens your skin. Sandalwood is cool and relaxing to the mind and combined with the purifying and softening properties of honey, the skin gets an extra glow.<\/p>\n<p>The rich composition of various vegetable oils moisturises and nourishes. The Ayurvedic herbs contribute to long-term balance. Only oils and herbs, no chemicals!<\/p>\n<p>Warm and deep scent of sandalwood.<\/p>\n<p>Active Ayurvedic herbs: <strong>Rice husk oil, Coconut oil, Shea butter, Coconut butter, Olive oil, Honey, Almond oil, Castor oil, Liquorice root, Rose, Aloevera extract, Wheat germ oil, Sandalwood powder, Sandalwood oil, Turmeric.<\/strong><\/p>","protected":false},"excerpt":{"rendered":"<p>Khadi Natural Butter Soap Woody Sandal &amp; Honey 100 g is a handmade Ayurvedic natural soap made with shea butter that moisturises and softens your skin. Sandalwood is cool and relaxing to the mind and combined with the cleansing and softening properties of honey, the skin gets an extra glow.<\/p>","protected":false},"featured_media":1784,"comment_status":"open","ping_status":"closed","template":"","meta":{"slim_seo":{"title":"Khadi Natural Butter Soap Woody Sandal & Honey 100 g - Ekoma Of Sweden","description":"Khadi Natural Butter Soap Woody Sandal & Honey 100 g \u00e4r en handgjort ayurvedisk naturtv\u00e5l p\u00e5 sheasm\u00f6r som \u00e5terfuktar och mjukar upp din hud. Sandeltr\u00e4 \u00e4r svalt"}},"product_brand":[],"product_cat":[174],"product_tag":[175,67,150,95,69,70],"class_list":{"0":"post-1646","1":"product","2":"type-product","3":"status-publish","4":"has-post-thumbnail","6":"product_cat-fast-tval","7":"product_tag-fast-tval","8":"product_tag-hardtval","9":"product_tag-khadi-natural","10":"product_tag-khadinatural","11":"product_tag-naturtval","12":"product_tag-tval","14":"first","15":"instock","16":"taxable","17":"shipping-taxable","18":"purchasable","19":"product-type-simple"},"_links":{"self":[{"href":"https:\/\/ekomaofsweden.com\/en\/wp-json\/wp\/v2\/product\/1646","targetHints":{"allow":["GET"]}}],"collection":[{"href":"https:\/\/ekomaofsweden.com\/en\/wp-json\/wp\/v2\/product"}],"about":[{"href":"https:\/\/ekomaofsweden.com\/en\/wp-json\/wp\/v2\/types\/product"}],"replies":[{"embeddable":true,"href":"https:\/\/ekomaofsweden.com\/en\/wp-json\/wp\/v2\/comments?post=1646"}],"wp:featuredmedia":[{"embeddable":true,"href":"https:\/\/ekomaofsweden.com\/en\/wp-json\/wp\/v2\/media\/1784"}],"wp:attachment":[{"href":"https:\/\/ekomaofsweden.com\/en\/wp-json\/wp\/v2\/media?parent=1646"}],"wp:term":[{"taxonomy":"product_brand","embeddable":true,"href":"https:\/\/ekomaofsweden.com\/en\/wp-json\/wp\/v2\/product_brand?post=1646"},{"taxonomy":"product_cat","embeddable":true,"href":"https:\/\/ekomaofsweden.com\/en\/wp-json\/wp\/v2\/product_cat?post=1646"},{"taxonomy":"product_tag","embeddable":true,"href":"https:\/\/ekomaofsweden.com\/en\/wp-json\/wp\/v2\/product_tag?post=1646"}],"curies":[{"name":"wp","href":"https:\/\/api.w.org\/{rel}","templated":true}]}}