{"id":1645,"date":"2026-04-09T16:34:58","date_gmt":"2026-04-09T16:34:58","guid":{"rendered":"https:\/\/ekomaofsweden.com\/produkt\/khadi-natural-butter-soap-rose-honey-with-rose-petals-100-g\/"},"modified":"2026-04-09T17:13:56","modified_gmt":"2026-04-09T17:13:56","slug":"khadi-natural-butter-soap-rose-honey-with-rose-petals-100-g","status":"publish","type":"product","link":"https:\/\/ekomaofsweden.com\/en\/product\/khadi-natural-butter-soap-rose-honey-with-rose-petals-100-g\/","title":{"rendered":"Khadi Natural Butter Soap Rose &amp; Honey with Rose Petals 100 g"},"content":{"rendered":"<p><strong>Khadi Natural Butter Soap Rose &amp; Honey with Rose Petals 100 g<\/strong> is an Ayurvedic natural soap containing whole rose petals that cleanses the skin, elevates mood and relieves stress and insomnia. The honey acts as an antioxidant and protects against free radicals that have an accelerating effect on skin ageing. A delightful soap!<\/p>\n<p>The rich composition of various vegetable oils moisturises and nourishes. The Ayurvedic herbs contribute to long-term balance. Only oils and herbs, no chemicals!<\/p>\n<p>Pronounced, full rose flavour.<\/p>\n<p>Active Ayurvedic herbs: <strong>Coconut oil, Rice husk oil, Shea butter, Honey, Aloevera, Rose, Almond oil, Coconut butter, Olive oil, Castor oil, Wheat germ oil, Rose petals.<\/strong><\/p>","protected":false},"excerpt":{"rendered":"<p>Khadi Natural Butter Soap Rose &amp; Honey with Rose Petals 100 g is an Ayurvedic natural soap containing whole rose petals that cleanses the skin, elevates mood and relieves stress and insomnia. The honey acts as an antioxidant and protects against free radicals that have an accelerating effect on skin ageing...<\/p>","protected":false},"featured_media":1781,"comment_status":"open","ping_status":"closed","template":"","meta":{"slim_seo":{"title":"Khadi Natural Butter Soap Rose & Honey with Rose Petals 100 g - Ekoma Of Sweden","description":"Khadi Natural Butter Soap Rose & Honey with Rose Petals 100 g \u00e4r en ayurvedisk naturtv\u00e5l inneh\u00e5llande hela rosenblad som reng\u00f6r huden, h\u00f6jer hum\u00f6ret och som lin"}},"product_brand":[],"product_cat":[174],"product_tag":[175,67,150,95,69,70],"class_list":{"0":"post-1645","1":"product","2":"type-product","3":"status-publish","4":"has-post-thumbnail","6":"product_cat-fast-tval","7":"product_tag-fast-tval","8":"product_tag-hardtval","9":"product_tag-khadi-natural","10":"product_tag-khadinatural","11":"product_tag-naturtval","12":"product_tag-tval","14":"first","15":"instock","16":"taxable","17":"shipping-taxable","18":"purchasable","19":"product-type-simple"},"_links":{"self":[{"href":"https:\/\/ekomaofsweden.com\/en\/wp-json\/wp\/v2\/product\/1645","targetHints":{"allow":["GET"]}}],"collection":[{"href":"https:\/\/ekomaofsweden.com\/en\/wp-json\/wp\/v2\/product"}],"about":[{"href":"https:\/\/ekomaofsweden.com\/en\/wp-json\/wp\/v2\/types\/product"}],"replies":[{"embeddable":true,"href":"https:\/\/ekomaofsweden.com\/en\/wp-json\/wp\/v2\/comments?post=1645"}],"wp:featuredmedia":[{"embeddable":true,"href":"https:\/\/ekomaofsweden.com\/en\/wp-json\/wp\/v2\/media\/1781"}],"wp:attachment":[{"href":"https:\/\/ekomaofsweden.com\/en\/wp-json\/wp\/v2\/media?parent=1645"}],"wp:term":[{"taxonomy":"product_brand","embeddable":true,"href":"https:\/\/ekomaofsweden.com\/en\/wp-json\/wp\/v2\/product_brand?post=1645"},{"taxonomy":"product_cat","embeddable":true,"href":"https:\/\/ekomaofsweden.com\/en\/wp-json\/wp\/v2\/product_cat?post=1645"},{"taxonomy":"product_tag","embeddable":true,"href":"https:\/\/ekomaofsweden.com\/en\/wp-json\/wp\/v2\/product_tag?post=1645"}],"curies":[{"name":"wp","href":"https:\/\/api.w.org\/{rel}","templated":true}]}}