{"id":1643,"date":"2026-04-09T16:34:57","date_gmt":"2026-04-09T16:34:57","guid":{"rendered":"https:\/\/ekomaofsweden.com\/produkt\/himalaya-neem-och-turmeric-fast-tval-125-g\/"},"modified":"2026-04-09T17:13:26","modified_gmt":"2026-04-09T17:13:26","slug":"himalaya-neem-och-turmeric-fast-tval-125-g","status":"publish","type":"product","link":"https:\/\/ekomaofsweden.com\/en\/product\/himalaya-neem-och-turmeric-fast-tval-125-g\/","title":{"rendered":"Himalaya Neem and Turmeric solid soap 125 g"},"content":{"rendered":"<div class=\"Preview_row__3Fkye row\">\n<div data-id=\"DBA10A07-E6C8-4B66-802A-493C97B83181\" data-kind=\"TEXT\" class=\"Preview_componentWrapper__2i4QI\">\n<div data-id=\"DBA10A07-E6C8-4B66-802A-493C97B83181\" data-kind=\"Component\" data-specific-kind=\"TEXT\" class=\"Preview_component__SbiKo\">\n<div class=\"styles_contentContainer__lrPIa textnormal styles_text__3jGMu\">\n<p><strong>Himalaya Neem and Turmeric solid soap 125 g<\/strong><span> is a cleansing and antibacterial natural soap containing Neem, Turmeric and Lemon. These three are used around the world for their antibacterial and cleansing properties. They are gentle on the skin and especially good for oily skin. Turmeric is considered in Ayurveda as an excellent antioxidant that protects against free radicals. Free radicals break down cells and cause the body to age; antioxidants fight them off.<\/span><\/p>\n<p><span>In a<\/span><span>yurvedic product without dangerous chemicals that is dermatologically tested. Not tested on animals and completely vegetarian.<\/span><\/p>\n<p>Active Ayurvedic herbs: <em>will be available shortly<\/em><\/p>\n<\/div>\n<\/div>\n<\/div>\n<\/div>","protected":false},"excerpt":{"rendered":"<p>Himalayan Neem and Turmeric Solid Soap 125g is a cleansing and antibacterial natural soap containing Neem, Turmeric and Lemon. These three are used around the world for their antibacterial and cleansing properties. They are gentle on the skin and especially good for oily skin. Turmeric is considered in Ay...<\/p>","protected":false},"featured_media":1776,"comment_status":"open","ping_status":"closed","template":"","meta":{"slim_seo":{"title":"Himalaya Neem och Turmeric fast tv\u00e5l 125 g - Ekoma Of Sweden","description":"Himalaya Neem och Turmeric fast tv\u00e5l 125 g \u00e4r en reng\u00f6rande och antibakteriell naturlig tv\u00e5l som inneh\u00e5ller Neem, Gurkmeja och Citron. Dessa tre anv\u00e4nds runtom"}},"product_brand":[],"product_cat":[174],"product_tag":[175,67,81,69,70],"class_list":{"0":"post-1643","1":"product","2":"type-product","3":"status-publish","4":"has-post-thumbnail","6":"product_cat-fast-tval","7":"product_tag-fast-tval","8":"product_tag-hardtval","9":"product_tag-himalaya","10":"product_tag-naturtval","11":"product_tag-tval","13":"first","14":"instock","15":"taxable","16":"shipping-taxable","17":"purchasable","18":"product-type-simple"},"_links":{"self":[{"href":"https:\/\/ekomaofsweden.com\/en\/wp-json\/wp\/v2\/product\/1643","targetHints":{"allow":["GET"]}}],"collection":[{"href":"https:\/\/ekomaofsweden.com\/en\/wp-json\/wp\/v2\/product"}],"about":[{"href":"https:\/\/ekomaofsweden.com\/en\/wp-json\/wp\/v2\/types\/product"}],"replies":[{"embeddable":true,"href":"https:\/\/ekomaofsweden.com\/en\/wp-json\/wp\/v2\/comments?post=1643"}],"wp:featuredmedia":[{"embeddable":true,"href":"https:\/\/ekomaofsweden.com\/en\/wp-json\/wp\/v2\/media\/1776"}],"wp:attachment":[{"href":"https:\/\/ekomaofsweden.com\/en\/wp-json\/wp\/v2\/media?parent=1643"}],"wp:term":[{"taxonomy":"product_brand","embeddable":true,"href":"https:\/\/ekomaofsweden.com\/en\/wp-json\/wp\/v2\/product_brand?post=1643"},{"taxonomy":"product_cat","embeddable":true,"href":"https:\/\/ekomaofsweden.com\/en\/wp-json\/wp\/v2\/product_cat?post=1643"},{"taxonomy":"product_tag","embeddable":true,"href":"https:\/\/ekomaofsweden.com\/en\/wp-json\/wp\/v2\/product_tag?post=1643"}],"curies":[{"name":"wp","href":"https:\/\/api.w.org\/{rel}","templated":true}]}}