{"id":1637,"date":"2026-04-09T16:34:54","date_gmt":"2026-04-09T16:34:54","guid":{"rendered":"https:\/\/ekomaofsweden.com\/produkt\/medimix-brightening-body-lotion-200-ml\/"},"modified":"2026-04-09T17:10:48","modified_gmt":"2026-04-09T17:10:48","slug":"medimix-brightening-body-lotion-200-ml","status":"publish","type":"product","link":"https:\/\/ekomaofsweden.com\/en\/product\/medimix-brightening-body-lotion-200-ml\/","title":{"rendered":"Medimix Brightening Body Lotion 200 ml"},"content":{"rendered":"<p class=\"Polaris-Header-Title_2qj8j\"><strong>Medimix Ayurvedic Brightening Body Lotion 200 ml<\/strong> \u201dAll skin types\u201d is a body lotion containing a nourishing, healing and moisturising blend of lavender, almond milk and kumkumadi oil.<\/p>\n<p>Pamper your skin with the soothing essence of lavender, while almond milk and kumkumadi oil together heal, smooth and soothe the skin.<\/p>\n<p>Medimix body lotions are carefully formulated to soothe, nourish and rejuvenate the skin. Packed with Ayurvedic ingredients, the body lotion is developed from a holistic approach to body care rituals.\u00a0<\/p>\n<p>This lotion deeply penetrates the skin to replenish moisture and restore its youthful radiance and elasticity.<\/p>\n<p>Active Ayurvedic herbs:<\/p>\n<p><strong>Saffron, Sappan wood, Nightshade root, Lotus flower, Liquorice root, Madhuka flower, Vetiver, Shellac, Sesame oil<\/strong><strong>, Almond milk, Aloe vera, Manjishta, Lavender flower.<\/strong><\/p>","protected":false},"excerpt":{"rendered":"<p>Medimix Ayurvedic Brightening Body Lotion 200 ml \u201dAll skin types\u201d is a body lotion containing a nourishing, healing and moisturising blend of lavender, almond milk and kumkumadi oil.<\/p>","protected":false},"featured_media":1757,"comment_status":"open","ping_status":"closed","template":"","meta":{"slim_seo":{"title":"Medimix Brightening Body Lotion 200 ml - Ekoma Of Sweden","description":"Medimix Ayurvedic Brightening Body Lotion 200 ml \"All skin types\" \u00e4r en kroppslotion som inneh\u00e5ller en v\u00e5rdande, l\u00e4kande och \u00e5terfuktande blandning av lavendel,"}},"product_brand":[],"product_cat":[171],"product_tag":[172,116,117,76,68],"class_list":{"0":"post-1637","1":"product","2":"type-product","3":"status-publish","4":"has-post-thumbnail","6":"product_cat-body-lotion","7":"product_tag-body-lotion","8":"product_tag-bodylotion","9":"product_tag-hudlotion","10":"product_tag-hudvard","11":"product_tag-medimix","13":"first","14":"instock","15":"taxable","16":"shipping-taxable","17":"purchasable","18":"product-type-simple"},"_links":{"self":[{"href":"https:\/\/ekomaofsweden.com\/en\/wp-json\/wp\/v2\/product\/1637","targetHints":{"allow":["GET"]}}],"collection":[{"href":"https:\/\/ekomaofsweden.com\/en\/wp-json\/wp\/v2\/product"}],"about":[{"href":"https:\/\/ekomaofsweden.com\/en\/wp-json\/wp\/v2\/types\/product"}],"replies":[{"embeddable":true,"href":"https:\/\/ekomaofsweden.com\/en\/wp-json\/wp\/v2\/comments?post=1637"}],"wp:featuredmedia":[{"embeddable":true,"href":"https:\/\/ekomaofsweden.com\/en\/wp-json\/wp\/v2\/media\/1757"}],"wp:attachment":[{"href":"https:\/\/ekomaofsweden.com\/en\/wp-json\/wp\/v2\/media?parent=1637"}],"wp:term":[{"taxonomy":"product_brand","embeddable":true,"href":"https:\/\/ekomaofsweden.com\/en\/wp-json\/wp\/v2\/product_brand?post=1637"},{"taxonomy":"product_cat","embeddable":true,"href":"https:\/\/ekomaofsweden.com\/en\/wp-json\/wp\/v2\/product_cat?post=1637"},{"taxonomy":"product_tag","embeddable":true,"href":"https:\/\/ekomaofsweden.com\/en\/wp-json\/wp\/v2\/product_tag?post=1637"}],"curies":[{"name":"wp","href":"https:\/\/api.w.org\/{rel}","templated":true}]}}