{"id":1632,"date":"2026-04-09T16:34:51","date_gmt":"2026-04-09T16:34:51","guid":{"rendered":"https:\/\/ekomaofsweden.com\/produkt\/khadi-natural-shampoo-amla-bhringraj-210-ml\/"},"modified":"2026-04-09T17:10:47","modified_gmt":"2026-04-09T17:10:47","slug":"khadi-natural-shampoo-amla-bhringraj-210-ml","status":"publish","type":"product","link":"https:\/\/ekomaofsweden.com\/en\/product\/khadi-natural-shampoo-amla-bhringraj-210-ml\/","title":{"rendered":"Khadi Natural Shampoo Amla &amp; Bhringraj 210 ml"},"content":{"rendered":"<p><strong>Khadi Natural Shampoo Amla &amp; Bhringraj Hair Cleanser 210 ml<\/strong> is perhaps our most powerful Ayurvedic shampoo for those who want to achieve shiny, healthy hair. While it's good for your scalp, it maintains your hair's pigments and postpones greying. Free from SLS and Parabens.<\/p>\n<p>Quite heavy, exotic floral fragrance.<\/p>\n<p>Active Ayurvedic herbs: <strong>Amla, Soapnut, Aloevera, Bhringraj, Rosemary, Lavender, Brahmi, Krishna Thulasi, Ylangylang.<\/strong><\/p>","protected":false},"excerpt":{"rendered":"<p>Khadi Natural Shampoo Amla &amp; Bhringraj Hair Cleanser 210 ml is perhaps our most powerful Ayurvedic shampoo for those who want to achieve shiny and healthy hair. While it is good for your scalp, it maintains the hair's pigments and thus postpones greying. Free from SLS ...<\/p>","protected":false},"featured_media":1738,"comment_status":"open","ping_status":"closed","template":"","meta":{"slim_seo":{"title":"Khadi Natural Shampoo Amla & Bhringraj 210 ml - Ekoma Of Sweden","description":"Khadi Natural Shampoo Amla & Bhringraj Hair Cleanser 210 ml \u00e4r kanske v\u00e5rt kraftfullaste ayurvediska shampoo f\u00f6r dig som vill uppn\u00e5 ett gl\u00e4nsande och friskt h\u00e5r"}},"product_brand":[],"product_cat":[169],"product_tag":[97,94,150,95,96],"class_list":{"0":"post-1632","1":"product","2":"type-product","3":"status-publish","4":"has-post-thumbnail","6":"product_cat-shampoo","7":"product_tag-harshampoo","8":"product_tag-harvard","9":"product_tag-khadi-natural","10":"product_tag-khadinatural","11":"product_tag-shampoo","13":"first","14":"instock","15":"taxable","16":"shipping-taxable","17":"purchasable","18":"product-type-simple"},"_links":{"self":[{"href":"https:\/\/ekomaofsweden.com\/en\/wp-json\/wp\/v2\/product\/1632","targetHints":{"allow":["GET"]}}],"collection":[{"href":"https:\/\/ekomaofsweden.com\/en\/wp-json\/wp\/v2\/product"}],"about":[{"href":"https:\/\/ekomaofsweden.com\/en\/wp-json\/wp\/v2\/types\/product"}],"replies":[{"embeddable":true,"href":"https:\/\/ekomaofsweden.com\/en\/wp-json\/wp\/v2\/comments?post=1632"}],"wp:featuredmedia":[{"embeddable":true,"href":"https:\/\/ekomaofsweden.com\/en\/wp-json\/wp\/v2\/media\/1738"}],"wp:attachment":[{"href":"https:\/\/ekomaofsweden.com\/en\/wp-json\/wp\/v2\/media?parent=1632"}],"wp:term":[{"taxonomy":"product_brand","embeddable":true,"href":"https:\/\/ekomaofsweden.com\/en\/wp-json\/wp\/v2\/product_brand?post=1632"},{"taxonomy":"product_cat","embeddable":true,"href":"https:\/\/ekomaofsweden.com\/en\/wp-json\/wp\/v2\/product_cat?post=1632"},{"taxonomy":"product_tag","embeddable":true,"href":"https:\/\/ekomaofsweden.com\/en\/wp-json\/wp\/v2\/product_tag?post=1632"}],"curies":[{"name":"wp","href":"https:\/\/api.w.org\/{rel}","templated":true}]}}