{"id":1631,"date":"2026-04-09T16:34:51","date_gmt":"2026-04-09T16:34:51","guid":{"rendered":"https:\/\/ekomaofsweden.com\/produkt\/khadi-natural-hair-serum-50-ml\/"},"modified":"2026-04-09T17:10:47","modified_gmt":"2026-04-09T17:10:47","slug":"khadi-natural-hair-serum-50-ml","status":"publish","type":"product","link":"https:\/\/ekomaofsweden.com\/en\/product\/khadi-natural-hair-serum-50-ml\/","title":{"rendered":"Khadi Natural Hair Serum 50 ml"},"content":{"rendered":"<p><strong>Khadi Natural Hair Serum 50<\/strong> ml is a lightweight serum that nourishes the hair, clears tangles and gives the hair shine and lustre. It also boosts dry and chemically treated hair and quickly cleanses split ends and frizzy hair. Use on lengths and ends, preferably on damp hair.<\/p>\n<p>Virtually odourless.<\/p>\n<p>Active Ayurvedic herbs: <strong>Coconut oil, Wheat germ oil, Jojoba oil, Almond oil, Grape seed oil, Bergamot oil, Manjishta.<\/strong><\/p>","protected":false},"excerpt":{"rendered":"<p>Khadi Natural Hair Serum 50 ml is a lightweight serum that nourishes the hair, clears tangles and gives the hair shine and lustre. It also boosts dry and chemically treated hair and quickly cleanses split ends and frizzy hair. Use on lengths and ends, preferably on damp hair.<\/p>","protected":false},"featured_media":1733,"comment_status":"open","ping_status":"closed","template":"","meta":{"slim_seo":{"title":"Khadi Natural Hair Serum 50 ml - Ekoma Of Sweden","description":"Khadi Natural Hair Serum 50 ml \u00e4r ett l\u00e4tt serum som v\u00e5rdar h\u00e5ret, reder ut trassel och ger h\u00e5ret glans och lyster. Dessutom boostar det torrt och kemiskt behan"}},"product_brand":[],"product_cat":[167],"product_tag":[102,94,150,95,103],"class_list":{"0":"post-1631","1":"product","2":"type-product","3":"status-publish","4":"has-post-thumbnail","6":"product_cat-harserum","7":"product_tag-harserum","8":"product_tag-harvard","9":"product_tag-khadi-natural","10":"product_tag-khadinatural","11":"product_tag-serum","13":"first","14":"instock","15":"taxable","16":"shipping-taxable","17":"purchasable","18":"product-type-simple"},"_links":{"self":[{"href":"https:\/\/ekomaofsweden.com\/en\/wp-json\/wp\/v2\/product\/1631","targetHints":{"allow":["GET"]}}],"collection":[{"href":"https:\/\/ekomaofsweden.com\/en\/wp-json\/wp\/v2\/product"}],"about":[{"href":"https:\/\/ekomaofsweden.com\/en\/wp-json\/wp\/v2\/types\/product"}],"replies":[{"embeddable":true,"href":"https:\/\/ekomaofsweden.com\/en\/wp-json\/wp\/v2\/comments?post=1631"}],"wp:featuredmedia":[{"embeddable":true,"href":"https:\/\/ekomaofsweden.com\/en\/wp-json\/wp\/v2\/media\/1733"}],"wp:attachment":[{"href":"https:\/\/ekomaofsweden.com\/en\/wp-json\/wp\/v2\/media?parent=1631"}],"wp:term":[{"taxonomy":"product_brand","embeddable":true,"href":"https:\/\/ekomaofsweden.com\/en\/wp-json\/wp\/v2\/product_brand?post=1631"},{"taxonomy":"product_cat","embeddable":true,"href":"https:\/\/ekomaofsweden.com\/en\/wp-json\/wp\/v2\/product_cat?post=1631"},{"taxonomy":"product_tag","embeddable":true,"href":"https:\/\/ekomaofsweden.com\/en\/wp-json\/wp\/v2\/product_tag?post=1631"}],"curies":[{"name":"wp","href":"https:\/\/api.w.org\/{rel}","templated":true}]}}