{"id":1630,"date":"2026-04-09T16:34:50","date_gmt":"2026-04-09T16:34:50","guid":{"rendered":"https:\/\/ekomaofsweden.com\/produkt\/khadi-natural-vitalising-harolja-210-ml\/"},"modified":"2026-04-09T17:10:47","modified_gmt":"2026-04-09T17:10:47","slug":"khadi-natural-vitalising-harolja-210-ml","status":"publish","type":"product","link":"https:\/\/ekomaofsweden.com\/en\/product\/khadi-natural-vitalising-harolja-210-ml\/","title":{"rendered":"Khadi Natural Vitalising Hair Oil 210 ml"},"content":{"rendered":"<p><strong>Khadi Natural Vitalising Hair Oil 210 ml<\/strong> is a slightly greasier hair oil, which deeply moisturises your scalp and hair. Richly composed of a variety of vegetable oils and various beneficial herbs. Use with advantage for those with hair loss, split ends and frizzy hair.<\/p>\n<p>To use Khadi Natural Vitalising Hair Oil as a hair wrap and against dandruff: Apply by parting the hair, preferably in bones, and drip the oil into the scalp quite abundantly. Then massage the scalp in circular movements with your fingers. Leave for at least an hour, preferably overnight, then wash out.<\/p>\n<p>Can also be used as a hair serum by massaging a few drops between the palms and then applying to the lengths and ends. Be careful with the dosage. Leaves hair soft, shiny and frizz-free.<\/p>\n<p>This hair oil can also be used as a slightly greasier beard oil. <strong>Very dry!<\/strong><\/p>\n<p>Free of parabens and minerals<\/p>\n<p>Active Ayurvedic herbs: <strong>Sesame oil, Coconut oil, Castor oil, Wheat germ oil, Bhringraj, Grape seed oil, Brahmi, Rosemary oil, Carrot seed oil, Velvet mallow, Kolokvint, Palasatr\u00e4d, Ratanjyot, Sadahabahar flower, Peppermint oil, Ylangylang.<\/strong><\/p>","protected":false},"excerpt":{"rendered":"<p>Khadi Natural Vitalising Hair Oil 210 ml is a slightly greasier hair oil, which deeply moisturises your scalp and hair. Richly composed of a variety of vegetable oils and various beneficial herbs. Use with advantage for those with hair loss, split ends and frizzy hair.<\/p>","protected":false},"featured_media":1730,"comment_status":"open","ping_status":"closed","template":"","meta":{"slim_seo":{"title":"Khadi Natural Vitalising H\u00e5rolja 210 ml - Ekoma Of Sweden","description":"Khadi Natural Vitalising H\u00e5rolja 210 ml \u00e4r en lite fetare h\u00e5rolja, som \u00e5terfuktar din skalp och ditt h\u00e5r p\u00e5 djupet. Rikt sammansatt av en m\u00e4ngd vegetabiliska ol"}},"product_brand":[],"product_cat":[166],"product_tag":[105,106,94,150,95],"class_list":{"0":"post-1630","1":"product","2":"type-product","3":"status-publish","4":"has-post-thumbnail","6":"product_cat-harolja","7":"product_tag-farsdag","8":"product_tag-harolja","9":"product_tag-harvard","10":"product_tag-khadi-natural","11":"product_tag-khadinatural","13":"first","14":"instock","15":"taxable","16":"shipping-taxable","17":"purchasable","18":"product-type-simple"},"_links":{"self":[{"href":"https:\/\/ekomaofsweden.com\/en\/wp-json\/wp\/v2\/product\/1630","targetHints":{"allow":["GET"]}}],"collection":[{"href":"https:\/\/ekomaofsweden.com\/en\/wp-json\/wp\/v2\/product"}],"about":[{"href":"https:\/\/ekomaofsweden.com\/en\/wp-json\/wp\/v2\/types\/product"}],"replies":[{"embeddable":true,"href":"https:\/\/ekomaofsweden.com\/en\/wp-json\/wp\/v2\/comments?post=1630"}],"wp:featuredmedia":[{"embeddable":true,"href":"https:\/\/ekomaofsweden.com\/en\/wp-json\/wp\/v2\/media\/1730"}],"wp:attachment":[{"href":"https:\/\/ekomaofsweden.com\/en\/wp-json\/wp\/v2\/media?parent=1630"}],"wp:term":[{"taxonomy":"product_brand","embeddable":true,"href":"https:\/\/ekomaofsweden.com\/en\/wp-json\/wp\/v2\/product_brand?post=1630"},{"taxonomy":"product_cat","embeddable":true,"href":"https:\/\/ekomaofsweden.com\/en\/wp-json\/wp\/v2\/product_cat?post=1630"},{"taxonomy":"product_tag","embeddable":true,"href":"https:\/\/ekomaofsweden.com\/en\/wp-json\/wp\/v2\/product_tag?post=1630"}],"curies":[{"name":"wp","href":"https:\/\/api.w.org\/{rel}","templated":true}]}}