{"id":1628,"date":"2026-04-09T16:34:49","date_gmt":"2026-04-09T16:34:49","guid":{"rendered":"https:\/\/ekomaofsweden.com\/produkt\/khadi-natural-18-herbs-harolja-210-ml\/"},"modified":"2026-04-09T17:10:46","modified_gmt":"2026-04-09T17:10:46","slug":"khadi-natural-18-herbs-harolja-210-ml","status":"publish","type":"product","link":"https:\/\/ekomaofsweden.com\/en\/product\/khadi-natural-18-herbs-harolja-210-ml\/","title":{"rendered":"Khadi Natural 18 Herbs Hair Oil 210 ml"},"content":{"rendered":"<p><strong>Khadi Natural 18 Herbs Hair Oil 210 ml<\/strong> is a slightly lighter hair oil, richly composed of a variety of vegetable oils and various beneficial herbs. Use to take extra care of your hair and scalp (or beard).<\/p>\n<p>Can be used as <strong>hair serum<\/strong> by massaging a few drops between the palms and then applying to lengths and ends. Leaves hair soft, shiny and frizz-free.<\/p>\n<p>To use Khadi Natural 18 Herbs Hair Oil as a hair wrap and against dandruff: Apply by parting the hair, preferably in bones, and drip the oil into the scalp quite abundantly. Then massage the scalp in circular movements with your fingers. Leave for at least an hour, preferably overnight, then wash out.<\/p>\n<p>This hair oil is also wonderful as a light <strong>beard oil<\/strong>! The beard becomes soft and supple, smells good without feeling greasy.<\/p>\n<p>Completely free of unnecessary chemical additives and with a wonderfully minty, herbal scent.<\/p>\n<p>Active Ayurvedic herbs: <strong>Sesame oil, Olive oil, Almond oil, Jojoba oil, Wheat germ oil, Bhringraj, Peppermint, Mandukaparni, Neem, Amla, Rosemary, Green tea extract, Aloevera, Kapoor kachari, Camphor, Tea Tree, Henna, Tailapatra, Lemongrass, Spearmint, Krishna Tulasi<\/strong>\u00a0\u00a0 \u00a0 \u00a0\u00a0<\/p>","protected":false},"excerpt":{"rendered":"<p>Khadi Natural 18 Herbs Hair Oil 210 ml is a slightly lighter hair oil, richly composed of a variety of vegetable oils and various beneficial herbs. Use to take extra care of your hair and scalp (or beard).<\/p>","protected":false},"featured_media":1725,"comment_status":"open","ping_status":"closed","template":"","meta":{"slim_seo":{"title":"Khadi Natural 18 Herbs H\u00e5rolja 210 ml - Ekoma Of Sweden","description":"Khadi Natural 18 Herbs H\u00e5rolja 210 ml \u00e4r lite l\u00e4ttare h\u00e5rolja, rikt sammansatt av en m\u00e4ngd vegetabiliska oljor samt olika v\u00e4lg\u00f6rande \u00f6rter. Anv\u00e4nds f\u00f6r att ta e"}},"product_brand":[],"product_cat":[166],"product_tag":[106,94,150,95],"class_list":{"0":"post-1628","1":"product","2":"type-product","3":"status-publish","4":"has-post-thumbnail","6":"product_cat-harolja","7":"product_tag-harolja","8":"product_tag-harvard","9":"product_tag-khadi-natural","10":"product_tag-khadinatural","12":"first","13":"instock","14":"taxable","15":"shipping-taxable","16":"purchasable","17":"product-type-simple"},"_links":{"self":[{"href":"https:\/\/ekomaofsweden.com\/en\/wp-json\/wp\/v2\/product\/1628","targetHints":{"allow":["GET"]}}],"collection":[{"href":"https:\/\/ekomaofsweden.com\/en\/wp-json\/wp\/v2\/product"}],"about":[{"href":"https:\/\/ekomaofsweden.com\/en\/wp-json\/wp\/v2\/types\/product"}],"replies":[{"embeddable":true,"href":"https:\/\/ekomaofsweden.com\/en\/wp-json\/wp\/v2\/comments?post=1628"}],"wp:featuredmedia":[{"embeddable":true,"href":"https:\/\/ekomaofsweden.com\/en\/wp-json\/wp\/v2\/media\/1725"}],"wp:attachment":[{"href":"https:\/\/ekomaofsweden.com\/en\/wp-json\/wp\/v2\/media?parent=1628"}],"wp:term":[{"taxonomy":"product_brand","embeddable":true,"href":"https:\/\/ekomaofsweden.com\/en\/wp-json\/wp\/v2\/product_brand?post=1628"},{"taxonomy":"product_cat","embeddable":true,"href":"https:\/\/ekomaofsweden.com\/en\/wp-json\/wp\/v2\/product_cat?post=1628"},{"taxonomy":"product_tag","embeddable":true,"href":"https:\/\/ekomaofsweden.com\/en\/wp-json\/wp\/v2\/product_tag?post=1628"}],"curies":[{"name":"wp","href":"https:\/\/api.w.org\/{rel}","templated":true}]}}