{"id":1623,"date":"2026-04-09T16:34:45","date_gmt":"2026-04-09T16:34:45","guid":{"rendered":"https:\/\/ekomaofsweden.com\/produkt\/khadi-natural-herbal-hair-color-black-150-g\/"},"modified":"2026-04-09T17:10:44","modified_gmt":"2026-04-09T17:10:44","slug":"khadi-natural-herbal-hair-color-black-150-g","status":"publish","type":"product","link":"https:\/\/ekomaofsweden.com\/en\/product\/khadi-natural-herbal-hair-color-black-150-g\/","title":{"rendered":"Khadi Natural Herbal Hair Colour Black 150 g"},"content":{"rendered":"<p><strong>Khadi Natural Herbal Hair Colour Black 150 g<\/strong> colours the hair to an intense black tone without red or blue tones. The treatment also acts as a revitalising wrap and is 100% natural and vegan.<\/p>\n<p>Khadi Herbal Hair Color always consists of a mixture of several different herbs and the result of the dyeing is always unique based on the mixture and the original hair colour as well as any amount of grey hairs. Grey or white hair is well covered with the herbal hair dye. The colour treatment strengthens and nourishes your hair. Contains no artificial ingredients such as ammonia or peroxides, only plant powders.<\/p>\n<p>Khadi Natural Henna Black is best suited for medium blonde to dark hair. It will give you a glossy, warm black to intense raven black.<\/p>\n<p>Colouring your hair with Henna is a bit of a science and tends to become a way of life. The accompanying Indian instructions for use can be very confusing, so here is a brief introduction.<\/p>\n<p>Do this:<\/p>\n<ul>\n<li>In a bowl, mix 1 - 3 tablespoons of powder with a roughly equal amount of thoroughly hot water (not boiling). Add the water a little at a time, to make a thick paste. Leave for 15 minutes or so.<\/li>\n<li>Apply the paste evenly throughout the hair, for example by dividing it into bones or sections. <strong>Wear gloves!<\/strong>\n<\/li>\n<li>Leave to sit for about 3 hours for colouring, less for wrapping. Cover with a bathing cap or cling film to prevent the paste from drying out.<\/li>\n<li>Rinse until the rinse water is clean. Wash in the usual way, if desired.<\/li>\n<\/ul>\n<p>Characteristic earthy odour.<\/p>\n<p>Active Ayurvedic herbs: <strong>Henna, Indigo, Amla.<\/strong><\/p>","protected":false},"excerpt":{"rendered":"<p>Khadi Natural Herbal Hair Color Black 150 g colours the hair to an intense black tone without red or blue tones. The treatment also acts as a revitalising wrap and is 100% natural and vegan.<\/p>","protected":false},"featured_media":1710,"comment_status":"open","ping_status":"closed","template":"","meta":{"slim_seo":{"title":"Khadi Natural Herbal Hair Color Black 150 g - Ekoma Of Sweden","description":"Khadi Natural Herbal Hair Color Black 150 g f\u00e4rgar h\u00e5ret till en intensiv svart ton utan r\u00f6da eller bl\u00e5a nyanser. Behandlingen fungerar samtidigt som livgivande"}},"product_brand":[],"product_cat":[164],"product_tag":[128,94,150,95],"class_list":{"0":"post-1623","1":"product","2":"type-product","3":"status-publish","4":"has-post-thumbnail","6":"product_cat-harfarg","7":"product_tag-harfarg","8":"product_tag-harvard","9":"product_tag-khadi-natural","10":"product_tag-khadinatural","12":"first","13":"instock","14":"taxable","15":"shipping-taxable","16":"purchasable","17":"product-type-simple"},"_links":{"self":[{"href":"https:\/\/ekomaofsweden.com\/en\/wp-json\/wp\/v2\/product\/1623","targetHints":{"allow":["GET"]}}],"collection":[{"href":"https:\/\/ekomaofsweden.com\/en\/wp-json\/wp\/v2\/product"}],"about":[{"href":"https:\/\/ekomaofsweden.com\/en\/wp-json\/wp\/v2\/types\/product"}],"replies":[{"embeddable":true,"href":"https:\/\/ekomaofsweden.com\/en\/wp-json\/wp\/v2\/comments?post=1623"}],"wp:featuredmedia":[{"embeddable":true,"href":"https:\/\/ekomaofsweden.com\/en\/wp-json\/wp\/v2\/media\/1710"}],"wp:attachment":[{"href":"https:\/\/ekomaofsweden.com\/en\/wp-json\/wp\/v2\/media?parent=1623"}],"wp:term":[{"taxonomy":"product_brand","embeddable":true,"href":"https:\/\/ekomaofsweden.com\/en\/wp-json\/wp\/v2\/product_brand?post=1623"},{"taxonomy":"product_cat","embeddable":true,"href":"https:\/\/ekomaofsweden.com\/en\/wp-json\/wp\/v2\/product_cat?post=1623"},{"taxonomy":"product_tag","embeddable":true,"href":"https:\/\/ekomaofsweden.com\/en\/wp-json\/wp\/v2\/product_tag?post=1623"}],"curies":[{"name":"wp","href":"https:\/\/api.w.org\/{rel}","templated":true}]}}