{"id":1619,"date":"2026-04-09T16:34:43","date_gmt":"2026-04-09T16:34:43","guid":{"rendered":"https:\/\/ekomaofsweden.com\/produkt\/amrutanjan-strong-pain-balm-liniment-50-g\/"},"modified":"2026-04-09T17:10:43","modified_gmt":"2026-04-09T17:10:43","slug":"amrutanjan-strong-pain-balm-liniment-50-g","status":"publish","type":"product","link":"https:\/\/ekomaofsweden.com\/en\/product\/amrutanjan-strong-pain-balm-liniment-50-g\/","title":{"rendered":"Amrutanjan Strong Pain Balm Liniment 50 g"},"content":{"rendered":"<p><strong>Amrutanjan Strong Pain Balm liniment 50 g<\/strong> is an effective Ayurvedic liniment for pain and muscle inflammation, as it contains natural salicylic acid from Wintergreen (Gaultheria procumbens).<\/p>\n<p>Can be used up to 4 times a day, for best effect.<\/p>\n<p>A bit like regular Tiger Balm in the scent but with a more peppery, Indian touch.<\/p>\n<p>Active Ayurvedic herbs: <strong>Menthol, Salicylic acid (from Wintergreen).<\/strong><\/p>","protected":false},"excerpt":{"rendered":"<p>Amrutanjan Strong Pain Balm liniment 50 g is an effective Ayurvedic liniment against pain and muscle inflammation, as it contains natural salicylic acid from Wintergreen (Gaultheria procumbens).<\/p>","protected":false},"featured_media":1696,"comment_status":"open","ping_status":"closed","template":"","meta":{"slim_seo":{"title":"Amrutanjan Strong Pain Balm Liniment 50 g - Ekoma Of Sweden","description":"Amrutanjan Strong Pain Balm liniment 50 g \u00e4r ett effektivt ayurvediskt liniment mot sm\u00e4rta och muskelinflammationer, eftersom det inneh\u00e5ller naturlig salicylsyr"}},"product_brand":[],"product_cat":[161],"product_tag":[86,87,89],"class_list":{"0":"post-1619","1":"product","2":"type-product","3":"status-publish","4":"has-post-thumbnail","6":"product_cat-smartlindring","7":"product_tag-amrutanjan","8":"product_tag-liniment","9":"product_tag-smartlindring","11":"first","12":"instock","13":"taxable","14":"shipping-taxable","15":"purchasable","16":"product-type-simple"},"_links":{"self":[{"href":"https:\/\/ekomaofsweden.com\/en\/wp-json\/wp\/v2\/product\/1619","targetHints":{"allow":["GET"]}}],"collection":[{"href":"https:\/\/ekomaofsweden.com\/en\/wp-json\/wp\/v2\/product"}],"about":[{"href":"https:\/\/ekomaofsweden.com\/en\/wp-json\/wp\/v2\/types\/product"}],"replies":[{"embeddable":true,"href":"https:\/\/ekomaofsweden.com\/en\/wp-json\/wp\/v2\/comments?post=1619"}],"wp:featuredmedia":[{"embeddable":true,"href":"https:\/\/ekomaofsweden.com\/en\/wp-json\/wp\/v2\/media\/1696"}],"wp:attachment":[{"href":"https:\/\/ekomaofsweden.com\/en\/wp-json\/wp\/v2\/media?parent=1619"}],"wp:term":[{"taxonomy":"product_brand","embeddable":true,"href":"https:\/\/ekomaofsweden.com\/en\/wp-json\/wp\/v2\/product_brand?post=1619"},{"taxonomy":"product_cat","embeddable":true,"href":"https:\/\/ekomaofsweden.com\/en\/wp-json\/wp\/v2\/product_cat?post=1619"},{"taxonomy":"product_tag","embeddable":true,"href":"https:\/\/ekomaofsweden.com\/en\/wp-json\/wp\/v2\/product_tag?post=1619"}],"curies":[{"name":"wp","href":"https:\/\/api.w.org\/{rel}","templated":true}]}}