{"id":1618,"date":"2026-04-09T16:34:42","date_gmt":"2026-04-09T16:34:42","guid":{"rendered":"https:\/\/ekomaofsweden.com\/produkt\/amrutanjan-pain-balm-extra-power-liniment-50-g\/"},"modified":"2026-04-09T17:10:43","modified_gmt":"2026-04-09T17:10:43","slug":"amrutanjan-pain-balm-extra-power-liniment-50-g","status":"publish","type":"product","link":"https:\/\/ekomaofsweden.com\/en\/product\/amrutanjan-pain-balm-extra-power-liniment-50-g\/","title":{"rendered":"Amrutanjan Pain Balm Extra Power liniment 50 g"},"content":{"rendered":"<p><strong>Amrutanjan Pain Balm Extra Power liniment 50 g<\/strong> is a highly effective, well-balanced Ayurvedic liniment for pain and muscle inflammation because it contains a variety of active Ayurvedic herbal extracts, which complement each other.<\/p>\n<p>The liniment also works against headaches and colds when applied to the neck and throat. Can be used up to 4 times a day, for best effect.<\/p>\n<p>Amrutanjan Pain Balm Extra Power has been on the market for 120 years!<\/p>\n<p>Fresh and spicy scent of menthol and lemongrass.<\/p>\n<p>Active Ayurvedic herbs: <strong>Camphor, Menthol, Salicylic acid <\/strong>(from <span data-mce-fragment=\"1\">Gaultheria procumbens<\/span>, Evergreen), <strong>Cinnamon leaf oil, Citronella oil, Clove oil, Eucalyptus oil, East Indian lemongrass oil.<\/strong><\/p>","protected":false},"excerpt":{"rendered":"<p>Amrutanjan Pain Balm Extra Power liniment 50 g is a highly effective, well-composed Ayurvedic liniment against pain and muscle inflammation because it contains several different active Ayurvedic herbal extracts, which complement each other.<\/p>","protected":false},"featured_media":1693,"comment_status":"open","ping_status":"closed","template":"","meta":{"slim_seo":{"title":"Amrutanjan Pain Balm Extra Power liniment 50 g - Ekoma Of Sweden","description":"Amrutanjan Pain Balm Extra Power liniment 50 g \u00e4r ett mycket effektivt, v\u00e4l sammansatt, ayurvediskt liniment mot sm\u00e4rta och muskelinflammationer eftersom det in"}},"product_brand":[],"product_cat":[161],"product_tag":[86,87,89],"class_list":{"0":"post-1618","1":"product","2":"type-product","3":"status-publish","4":"has-post-thumbnail","6":"product_cat-smartlindring","7":"product_tag-amrutanjan","8":"product_tag-liniment","9":"product_tag-smartlindring","11":"first","12":"instock","13":"taxable","14":"shipping-taxable","15":"purchasable","16":"product-type-simple"},"_links":{"self":[{"href":"https:\/\/ekomaofsweden.com\/en\/wp-json\/wp\/v2\/product\/1618","targetHints":{"allow":["GET"]}}],"collection":[{"href":"https:\/\/ekomaofsweden.com\/en\/wp-json\/wp\/v2\/product"}],"about":[{"href":"https:\/\/ekomaofsweden.com\/en\/wp-json\/wp\/v2\/types\/product"}],"replies":[{"embeddable":true,"href":"https:\/\/ekomaofsweden.com\/en\/wp-json\/wp\/v2\/comments?post=1618"}],"wp:featuredmedia":[{"embeddable":true,"href":"https:\/\/ekomaofsweden.com\/en\/wp-json\/wp\/v2\/media\/1693"}],"wp:attachment":[{"href":"https:\/\/ekomaofsweden.com\/en\/wp-json\/wp\/v2\/media?parent=1618"}],"wp:term":[{"taxonomy":"product_brand","embeddable":true,"href":"https:\/\/ekomaofsweden.com\/en\/wp-json\/wp\/v2\/product_brand?post=1618"},{"taxonomy":"product_cat","embeddable":true,"href":"https:\/\/ekomaofsweden.com\/en\/wp-json\/wp\/v2\/product_cat?post=1618"},{"taxonomy":"product_tag","embeddable":true,"href":"https:\/\/ekomaofsweden.com\/en\/wp-json\/wp\/v2\/product_tag?post=1618"}],"curies":[{"name":"wp","href":"https:\/\/api.w.org\/{rel}","templated":true}]}}