{"id":1579,"date":"2026-04-09T14:49:39","date_gmt":"2026-04-09T14:49:39","guid":{"rendered":"https:\/\/ekomaofsweden.com\/produkt\/khadi-natural-neem-teatree-face-wash-210-ml\/"},"modified":"2026-04-09T17:10:41","modified_gmt":"2026-04-09T17:10:41","slug":"khadi-natural-neem-teatree-face-wash-210-ml","status":"publish","type":"product","link":"https:\/\/ekomaofsweden.com\/en\/product\/khadi-natural-neem-teatree-face-wash-210-ml\/","title":{"rendered":"Khadi Natural Neem &amp; Teatree Face Wash 210 ml"},"content":{"rendered":"<p><strong>Khadi Natural Neem &amp; Teatree Face Wash 210 ml<\/strong> is deep cleansing and highly effective against acne. It is refreshing and also gives new life and glow to tired and lifeless skin. Free from SLS and Parabens<\/p>\n<p>Active Ayurvedic herbs: <strong>Neem, Aloevera, Krishna Thulasi, Green tea extract, Citrus extract, Tea tree, Genuine cinnamon, Turmeric,<\/strong> Almond protein, glycerine.<\/p>","protected":false},"excerpt":{"rendered":"<p>Khadi Natural Neem &amp; Teatree Face Wash 210 ml is deep cleansing and highly effective against acne. It is refreshing and also gives new life and glow to tired and lifeless skin. Free from SLS and Parabens<\/p>","protected":false},"featured_media":1578,"comment_status":"open","ping_status":"closed","template":"","meta":{"slim_seo":{"title":"Khadi Natural Neem & Teatree Face Wash 210 ml - Ekoma Of Sweden","description":"Khadi Natural Neem & Teatree Face Wash 210 ml \u00e4r djupreng\u00f6rande och mycket effektiv mot acne. Den \u00e4r uppfriskande och ger ocks\u00e5 nytt liv och gl\u00f6d till tr\u00f6tt och"}},"product_brand":[],"product_cat":[152],"product_tag":[153,74,75,76,150,95,77],"class_list":{"0":"post-1579","1":"product","2":"type-product","3":"status-publish","4":"has-post-thumbnail","6":"product_cat-ansiktsrengoring","7":"product_tag-ansiktsrengoring","8":"product_tag-ansiktstvatt","9":"product_tag-facewash","10":"product_tag-hudvard","11":"product_tag-khadi-natural","12":"product_tag-khadinatural","13":"product_tag-rengoring","15":"first","16":"instock","17":"taxable","18":"shipping-taxable","19":"purchasable","20":"product-type-simple"},"_links":{"self":[{"href":"https:\/\/ekomaofsweden.com\/en\/wp-json\/wp\/v2\/product\/1579","targetHints":{"allow":["GET"]}}],"collection":[{"href":"https:\/\/ekomaofsweden.com\/en\/wp-json\/wp\/v2\/product"}],"about":[{"href":"https:\/\/ekomaofsweden.com\/en\/wp-json\/wp\/v2\/types\/product"}],"replies":[{"embeddable":true,"href":"https:\/\/ekomaofsweden.com\/en\/wp-json\/wp\/v2\/comments?post=1579"}],"wp:featuredmedia":[{"embeddable":true,"href":"https:\/\/ekomaofsweden.com\/en\/wp-json\/wp\/v2\/media\/1578"}],"wp:attachment":[{"href":"https:\/\/ekomaofsweden.com\/en\/wp-json\/wp\/v2\/media?parent=1579"}],"wp:term":[{"taxonomy":"product_brand","embeddable":true,"href":"https:\/\/ekomaofsweden.com\/en\/wp-json\/wp\/v2\/product_brand?post=1579"},{"taxonomy":"product_cat","embeddable":true,"href":"https:\/\/ekomaofsweden.com\/en\/wp-json\/wp\/v2\/product_cat?post=1579"},{"taxonomy":"product_tag","embeddable":true,"href":"https:\/\/ekomaofsweden.com\/en\/wp-json\/wp\/v2\/product_tag?post=1579"}],"curies":[{"name":"wp","href":"https:\/\/api.w.org\/{rel}","templated":true}]}}