{"id":1544,"date":"2026-04-09T14:45:07","date_gmt":"2026-04-09T14:45:07","guid":{"rendered":"https:\/\/ekomaofsweden.com\/produkt\/khadi-natural-herbal-night-cream-50-g\/"},"modified":"2026-04-09T17:10:39","modified_gmt":"2026-04-09T17:10:39","slug":"khadi-natural-herbal-night-cream-50-g","status":"publish","type":"product","link":"https:\/\/ekomaofsweden.com\/en\/product\/khadi-natural-herbal-night-cream-50-g\/","title":{"rendered":"Khadi Natural Herbal Night Cream 50 g"},"content":{"rendered":"<p><strong>Khadi Natural Herbal Night Cream 50 g<\/strong> is a nourishing and highly moisturising face cream. It restores the skin's natural moisture barrier and nourishes and soothes the skin while you sleep. Even the scent is customised to calm the mind.<\/p>\n<p>Mildly perfumed with Madonna lily, for nighttime use. Soft, herbal, balmy notes of lily.<\/p>\n<p>The cream base is low-processed and based on a rich blend of vegetable oils. It contains as few chemicals as possible to meet the wants and needs of the modern, conscious customer.<\/p>\n<p>Active Ayurvedic herbs: <strong>Sunflower Oil, Shea Butter, Madonna Lily, Brahmi, Olive Oil, Coconut Butter, Almond Oil, Aloevera, Tomato, Arjuna Bark, Beeswax, Citrus Extract, Liquorice Root, Amla, Ashwagandha, Jojoba Oil, Grape Seed Oil, Carrot Seed Oil, Turmeric, Saffron. <\/strong><\/p>","protected":false},"excerpt":{"rendered":"<p>Khadi Natural Herbal Night Cream 50 g is a nourishing and highly moisturising face cream. It restores the skin's natural moisture barrier and nourishes and soothes the skin while you sleep. Even the scent is customised to soothe the mind.<\/p>","protected":false},"featured_media":1543,"comment_status":"open","ping_status":"closed","template":"","meta":{"slim_seo":{"title":"Khadi Natural Herbal Night Cream 50 g - Ekoma Of Sweden","description":"Khadi Natural Herbal Night Cream 50 g \u00e4r en n\u00e4ringsrik och kraftigt \u00e5terfuktande ansiktskr\u00e4m. Den \u00e5terst\u00e4ller hudens naturliga fuktbarri\u00e4r och v\u00e5rdar och lugnar"}},"product_brand":[],"product_cat":[149],"product_tag":[108,76,150,95,41],"class_list":{"0":"post-1544","1":"product","2":"type-product","3":"status-publish","4":"has-post-thumbnail","6":"product_cat-ansiktskram","7":"product_tag-ansiktskram","8":"product_tag-hudvard","9":"product_tag-khadi-natural","10":"product_tag-khadinatural","11":"product_tag-nattkram","13":"first","14":"instock","15":"taxable","16":"shipping-taxable","17":"purchasable","18":"product-type-simple"},"_links":{"self":[{"href":"https:\/\/ekomaofsweden.com\/en\/wp-json\/wp\/v2\/product\/1544","targetHints":{"allow":["GET"]}}],"collection":[{"href":"https:\/\/ekomaofsweden.com\/en\/wp-json\/wp\/v2\/product"}],"about":[{"href":"https:\/\/ekomaofsweden.com\/en\/wp-json\/wp\/v2\/types\/product"}],"replies":[{"embeddable":true,"href":"https:\/\/ekomaofsweden.com\/en\/wp-json\/wp\/v2\/comments?post=1544"}],"wp:featuredmedia":[{"embeddable":true,"href":"https:\/\/ekomaofsweden.com\/en\/wp-json\/wp\/v2\/media\/1543"}],"wp:attachment":[{"href":"https:\/\/ekomaofsweden.com\/en\/wp-json\/wp\/v2\/media?parent=1544"}],"wp:term":[{"taxonomy":"product_brand","embeddable":true,"href":"https:\/\/ekomaofsweden.com\/en\/wp-json\/wp\/v2\/product_brand?post=1544"},{"taxonomy":"product_cat","embeddable":true,"href":"https:\/\/ekomaofsweden.com\/en\/wp-json\/wp\/v2\/product_cat?post=1544"},{"taxonomy":"product_tag","embeddable":true,"href":"https:\/\/ekomaofsweden.com\/en\/wp-json\/wp\/v2\/product_tag?post=1544"}],"curies":[{"name":"wp","href":"https:\/\/api.w.org\/{rel}","templated":true}]}}