{"id":1540,"date":"2026-04-09T14:44:40","date_gmt":"2026-04-09T14:44:40","guid":{"rendered":"https:\/\/ekomaofsweden.com\/produkt\/khadi-natural-herbal-day-cream-50-g\/"},"modified":"2026-04-09T17:10:39","modified_gmt":"2026-04-09T17:10:39","slug":"khadi-natural-herbal-day-cream-50-g","status":"publish","type":"product","link":"https:\/\/ekomaofsweden.com\/en\/product\/khadi-natural-herbal-day-cream-50-g\/","title":{"rendered":"Khadi Natural Herbal Day Cream 50 g"},"content":{"rendered":"<p><strong>Khadi Natural Herbal Day Cream 50 g<\/strong> is an all-herbal face cream that fades spots and blemishes, evens skin tone, reduces oily skin, restores radiance and reduces the harmful effects of the sun.<\/p>\n<p>The cream base is <strong>low-processed<\/strong> and based on a rich blend of vegetable oils It contains as few chemicals as possible to meet the wants and needs of the modern, conscious customer.<\/p>\n<p>Complex herbal fragrance, subtle note of rose.<\/p>\n<p>Active Ayurvedic herbs: <strong>Sunflower oil, Rose water, Shea butter, Green tea extract, Olive oil, Coconut butter, Wheat germ oil, Almond oil, Aloevera, Liquorice root, Beeswax, Citrus extract, Apple, Ashwagandha, Jojoba oil, Grape seed oil, Carrot seed oil, Turmeric, Rosehip oil.<\/strong><\/p>","protected":false},"excerpt":{"rendered":"<p>Khadi Natural Herbal Day Cream 50 g is an all-herbal face cream that fades spots and blemishes, evens skin tone, reduces oily skin, restores radiance and reduces the harmful effects of the sun.<\/p>","protected":false},"featured_media":1539,"comment_status":"open","ping_status":"closed","template":"","meta":{"slim_seo":{"title":"Khadi Natural Herbal Day Cream 50 g - Ekoma Of Sweden","description":"Khadi Natural Herbal Day Cream 50 g \u00e4r en helt \u00f6rtbaserad ansiktskr\u00e4m som tonar ut fl\u00e4ckar och blemmor, j\u00e4mnar ut hudtonen, reducerar fet hud, \u00e5terst\u00e4ller lyste"}},"product_brand":[],"product_cat":[149],"product_tag":[108,109,76,150,95],"class_list":{"0":"post-1540","1":"product","2":"type-product","3":"status-publish","4":"has-post-thumbnail","6":"product_cat-ansiktskram","7":"product_tag-ansiktskram","8":"product_tag-dagkram","9":"product_tag-hudvard","10":"product_tag-khadi-natural","11":"product_tag-khadinatural","13":"first","14":"instock","15":"taxable","16":"shipping-taxable","17":"purchasable","18":"product-type-simple"},"_links":{"self":[{"href":"https:\/\/ekomaofsweden.com\/en\/wp-json\/wp\/v2\/product\/1540","targetHints":{"allow":["GET"]}}],"collection":[{"href":"https:\/\/ekomaofsweden.com\/en\/wp-json\/wp\/v2\/product"}],"about":[{"href":"https:\/\/ekomaofsweden.com\/en\/wp-json\/wp\/v2\/types\/product"}],"replies":[{"embeddable":true,"href":"https:\/\/ekomaofsweden.com\/en\/wp-json\/wp\/v2\/comments?post=1540"}],"wp:featuredmedia":[{"embeddable":true,"href":"https:\/\/ekomaofsweden.com\/en\/wp-json\/wp\/v2\/media\/1539"}],"wp:attachment":[{"href":"https:\/\/ekomaofsweden.com\/en\/wp-json\/wp\/v2\/media?parent=1540"}],"wp:term":[{"taxonomy":"product_brand","embeddable":true,"href":"https:\/\/ekomaofsweden.com\/en\/wp-json\/wp\/v2\/product_brand?post=1540"},{"taxonomy":"product_cat","embeddable":true,"href":"https:\/\/ekomaofsweden.com\/en\/wp-json\/wp\/v2\/product_cat?post=1540"},{"taxonomy":"product_tag","embeddable":true,"href":"https:\/\/ekomaofsweden.com\/en\/wp-json\/wp\/v2\/product_tag?post=1540"}],"curies":[{"name":"wp","href":"https:\/\/api.w.org\/{rel}","templated":true}]}}