{"id":1530,"date":"2026-04-09T14:44:00","date_gmt":"2026-04-09T14:44:00","guid":{"rendered":"https:\/\/ekomaofsweden.com\/produkt\/khadi-natural-herbal-anti-ageing-cream-50-g\/"},"modified":"2026-04-09T17:10:38","modified_gmt":"2026-04-09T17:10:38","slug":"khadi-natural-herbal-anti-ageing-cream-50-g","status":"publish","type":"product","link":"https:\/\/ekomaofsweden.com\/en\/product\/khadi-natural-herbal-anti-ageing-cream-50-g\/","title":{"rendered":"Khadi Natural Herbal Anti Ageing Cream 50 g"},"content":{"rendered":"<p><strong>Khadi Natural Herbal Anti Ageing Cream 50 g<\/strong> is a super-nourishing face cream for all ages. It helps to slow down skin ageing and prevents the formation of wrinkles and age spots naturally. All the active ingredients help to make the skin softer and more resilient. Also suitable for those with very dry skin. Can be used both as a day and night cream.<\/p>\n<p>The cream base is <strong>low-processed<\/strong> and based on a rich blend of vegetable oils It contains as few chemicals as possible to meet the wants and needs of the modern, conscious customer.<\/p>\n<p>Sophisticated herbal fragrance, hints of gentle lily of the valley.<\/p>\n<p>Active Ayurvedic herbs: <strong>Sunflower oil, Shea butter, Goat's milk, Ashwagandha, Olive oil, Coconut butter, Wheat germ oil, Almond oil, Aloevera, Liquorice root, Carrot seed oil, Beeswax, Gotu kola, Apple, Jojoba oil, Saffron, Red sandalwood, Turmeric.<\/strong><\/p>","protected":false},"excerpt":{"rendered":"<p>Khadi Natural Herbal Anti Ageing Cream 50 g is a super nourishing face cream for all ages. It helps to soften skin ageing and prevents the formation of wrinkles and age spots naturally. All the active ingredients help to make the skin softer and more resilient. Also suitable for...<\/p>","protected":false},"featured_media":1529,"comment_status":"open","ping_status":"closed","template":"","meta":{"slim_seo":{"title":"Khadi Natural Herbal Anti Ageing Cream 50 g - Ekoma Of Sweden","description":"Khadi Natural Herbal Anti Ageing Cream 50 g \u00e4r en supern\u00e4rande ansiktskr\u00e4m f\u00f6r alla \u00e5ldrar. Den hj\u00e4lper till att mildra hudens \u00e5ldrande och f\u00f6rhindrar bildande"}},"product_brand":[],"product_cat":[149],"product_tag":[108,114,76,150,95],"class_list":{"0":"post-1530","1":"product","2":"type-product","3":"status-publish","4":"has-post-thumbnail","6":"product_cat-ansiktskram","7":"product_tag-ansiktskram","8":"product_tag-antiageing","9":"product_tag-hudvard","10":"product_tag-khadi-natural","11":"product_tag-khadinatural","13":"first","14":"instock","15":"taxable","16":"shipping-taxable","17":"purchasable","18":"product-type-simple"},"_links":{"self":[{"href":"https:\/\/ekomaofsweden.com\/en\/wp-json\/wp\/v2\/product\/1530","targetHints":{"allow":["GET"]}}],"collection":[{"href":"https:\/\/ekomaofsweden.com\/en\/wp-json\/wp\/v2\/product"}],"about":[{"href":"https:\/\/ekomaofsweden.com\/en\/wp-json\/wp\/v2\/types\/product"}],"replies":[{"embeddable":true,"href":"https:\/\/ekomaofsweden.com\/en\/wp-json\/wp\/v2\/comments?post=1530"}],"wp:featuredmedia":[{"embeddable":true,"href":"https:\/\/ekomaofsweden.com\/en\/wp-json\/wp\/v2\/media\/1529"}],"wp:attachment":[{"href":"https:\/\/ekomaofsweden.com\/en\/wp-json\/wp\/v2\/media?parent=1530"}],"wp:term":[{"taxonomy":"product_brand","embeddable":true,"href":"https:\/\/ekomaofsweden.com\/en\/wp-json\/wp\/v2\/product_brand?post=1530"},{"taxonomy":"product_cat","embeddable":true,"href":"https:\/\/ekomaofsweden.com\/en\/wp-json\/wp\/v2\/product_cat?post=1530"},{"taxonomy":"product_tag","embeddable":true,"href":"https:\/\/ekomaofsweden.com\/en\/wp-json\/wp\/v2\/product_tag?post=1530"}],"curies":[{"name":"wp","href":"https:\/\/api.w.org\/{rel}","templated":true}]}}