{"id":1468,"date":"2026-04-08T08:30:11","date_gmt":"2026-04-08T08:30:11","guid":{"rendered":"https:\/\/ekomaofsweden.com\/produkt\/santhigiri-kumkumadi-lepam-vardande-kram-15-g-2\/"},"modified":"2026-04-08T08:30:11","modified_gmt":"2026-04-08T08:30:11","slug":"santhigiri-kumkumadi-lepam-vardande-kram-15-g-2","status":"publish","type":"product","link":"https:\/\/ekomaofsweden.com\/en\/product\/santhigiri-kumkumadi-lepam-vardande-kram-15-g-2\/","title":{"rendered":"Santhigiri Kumkumadi Lepam nourishing cream 15 g"},"content":{"rendered":"<p><strong>Santhigiri Kumkumadi Lepam nourishing cream 15 g<\/strong> is a unique healing cream based on saffron and red sandalwood, which also gives the cream its spicy scent and red colour.<\/p>\n<p>Used as an under eye gel for dark circles, shadows and bags under the eyes. Can also be used for all sorts of skin imbalances, such as eczema, acne, blackheads, itching, wounds, irritations and scar tissue. A real miracle cream!<\/p>\n<p>Very rich, with a soft, warm and herbal odour.<\/p>\n<p>Active Ayurvedic herbs: <strong>Red sandalwood, Himalayan cherry, fireball, cumin, turmeric, golochan, saffron, chalmoogra, camphor.<\/strong><\/p>","protected":false},"excerpt":{"rendered":"<p>Santhigiri Kumkumadi Lepam v\u00e5rdande kr\u00e4m 15 g \u00e4r en enast\u00e5ende l\u00e4kekr\u00e4m baserad p\u00e5 saffran och r\u00f6tt sandeltr\u00e4, som ocks\u00e5 ger kr\u00e4men sin kryddiga doft och r\u00f6da f\u00e4rg. Anv\u00e4ndes som \u201dUnder eye gel\u201d mot m\u00f6rka ringar, skuggor och p\u00e5sar under \u00f6gonen. Kan ocks\u00e5 anv\u00e4ndas till alla m\u00f6jliga hudobalanser, s\u00e5som eksem, acne, pormaskar, kl\u00e5da, s\u00e5r, irritationer och [&hellip;]<\/p>\n","protected":false},"featured_media":0,"comment_status":"open","ping_status":"closed","template":"","meta":{"slim_seo":{"title":"Santhigiri Kumkumadi Lepam v\u00e5rdande kr\u00e4m 15 g - Ekoma Of Sweden","description":"Santhigiri Kumkumadi Lepam v\u00e5rdande kr\u00e4m 15 g \u00e4r en enast\u00e5ende l\u00e4kekr\u00e4m baserad p\u00e5 saffran och r\u00f6tt sandeltr\u00e4, som ocks\u00e5 ger kr\u00e4men sin kryddiga doft och r\u00f6da f"}},"product_brand":[56],"product_cat":[112],"product_tag":[66,108,76,139,140,138,89],"class_list":{"0":"post-1468","1":"product","2":"type-product","3":"status-publish","5":"product_brand-bierkaveda","6":"product_cat-lotion-sunscreen-applicators","7":"product_tag-alla","8":"product_tag-ansiktskram","9":"product_tag-hudvard","10":"product_tag-kram","11":"product_tag-lakesalva","12":"product_tag-santhigiri","13":"product_tag-smartlindring","15":"first","16":"instock","17":"taxable","18":"shipping-taxable","19":"product-type-simple"},"_links":{"self":[{"href":"https:\/\/ekomaofsweden.com\/en\/wp-json\/wp\/v2\/product\/1468","targetHints":{"allow":["GET"]}}],"collection":[{"href":"https:\/\/ekomaofsweden.com\/en\/wp-json\/wp\/v2\/product"}],"about":[{"href":"https:\/\/ekomaofsweden.com\/en\/wp-json\/wp\/v2\/types\/product"}],"replies":[{"embeddable":true,"href":"https:\/\/ekomaofsweden.com\/en\/wp-json\/wp\/v2\/comments?post=1468"}],"wp:attachment":[{"href":"https:\/\/ekomaofsweden.com\/en\/wp-json\/wp\/v2\/media?parent=1468"}],"wp:term":[{"taxonomy":"product_brand","embeddable":true,"href":"https:\/\/ekomaofsweden.com\/en\/wp-json\/wp\/v2\/product_brand?post=1468"},{"taxonomy":"product_cat","embeddable":true,"href":"https:\/\/ekomaofsweden.com\/en\/wp-json\/wp\/v2\/product_cat?post=1468"},{"taxonomy":"product_tag","embeddable":true,"href":"https:\/\/ekomaofsweden.com\/en\/wp-json\/wp\/v2\/product_tag?post=1468"}],"curies":[{"name":"wp","href":"https:\/\/api.w.org\/{rel}","templated":true}]}}