{"id":1290,"date":"2026-04-04T20:47:05","date_gmt":"2026-04-04T20:47:05","guid":{"rendered":"https:\/\/ekomaofsweden.com\/?post_type=product&#038;p=1290"},"modified":"2026-04-04T20:47:05","modified_gmt":"2026-04-04T20:47:05","slug":"khadi-natural-hair-conditioner-greentea-aloevera-210-ml","status":"publish","type":"product","link":"https:\/\/ekomaofsweden.com\/en\/product\/khadi-natural-hair-conditioner-greentea-aloevera-210-ml\/","title":{"rendered":"Khadi Natural Hair Conditioner Greentea &amp; Aloevera 210 ml"},"content":{"rendered":"<p><strong>Khadi Natural Hair Conditioner Greentea &amp; Aloevera 210 ml<\/strong>\u00a0is a strengthening and nourishing conditioner for hair and scalp. Very effective against damaged, frizzy and lifeless hair. Leaves hair soft, silky, strengthened and shiny. Enriched with Provitamin B5.<\/p>\n<p>Modern sporty fragrance with a hint of apple.<\/p>\n<p>Active Ayurvedic herbs:\u00a0<strong>Green tea extract, Wheat germ oil, Aloevera, Jojoba oil, Liquorice root, Ajwain, Almond oil, Apple extract, Honey, Lemon extract.<\/strong><\/p>","protected":false},"excerpt":{"rendered":"<p><strong>Khadi Natural Hair Conditioner Greentea &amp; Aloevera 210 ml<\/strong>\u00a0is a strengthening and nourishing conditioner for hair and scalp. Very effective against damaged, frizzy and lifeless hair. Leaves hair soft, silky, strengthened and shiny. Enriched with Provitamin B5.<\/p>","protected":false},"featured_media":1291,"comment_status":"open","ping_status":"closed","template":"","meta":{"slim_seo":{"title":"Khadi Natural Hair Conditioner Greentea &amp; Aloevera 210 ml - Ekoma Of Sweden","description":"Khadi Natural Hair Conditioner Greentea &amp; Aloevera 210 ml \u00a0\u00e4r ett st\u00e4rkande och n\u00e4rande balsam f\u00f6r h\u00e5r och h\u00e5rbotten. Mycket effektivt mot skadat, risigt oc"}},"product_brand":[56],"product_cat":[59],"product_tag":[],"class_list":{"0":"post-1290","1":"product","2":"type-product","3":"status-publish","4":"has-post-thumbnail","6":"product_brand-bierkaveda","7":"product_cat-balsam","9":"first","10":"instock","11":"sale","12":"taxable","13":"shipping-taxable","14":"purchasable","15":"product-type-simple"},"_links":{"self":[{"href":"https:\/\/ekomaofsweden.com\/en\/wp-json\/wp\/v2\/product\/1290","targetHints":{"allow":["GET"]}}],"collection":[{"href":"https:\/\/ekomaofsweden.com\/en\/wp-json\/wp\/v2\/product"}],"about":[{"href":"https:\/\/ekomaofsweden.com\/en\/wp-json\/wp\/v2\/types\/product"}],"replies":[{"embeddable":true,"href":"https:\/\/ekomaofsweden.com\/en\/wp-json\/wp\/v2\/comments?post=1290"}],"wp:featuredmedia":[{"embeddable":true,"href":"https:\/\/ekomaofsweden.com\/en\/wp-json\/wp\/v2\/media\/1291"}],"wp:attachment":[{"href":"https:\/\/ekomaofsweden.com\/en\/wp-json\/wp\/v2\/media?parent=1290"}],"wp:term":[{"taxonomy":"product_brand","embeddable":true,"href":"https:\/\/ekomaofsweden.com\/en\/wp-json\/wp\/v2\/product_brand?post=1290"},{"taxonomy":"product_cat","embeddable":true,"href":"https:\/\/ekomaofsweden.com\/en\/wp-json\/wp\/v2\/product_cat?post=1290"},{"taxonomy":"product_tag","embeddable":true,"href":"https:\/\/ekomaofsweden.com\/en\/wp-json\/wp\/v2\/product_tag?post=1290"}],"curies":[{"name":"wp","href":"https:\/\/api.w.org\/{rel}","templated":true}]}}