{"id":1286,"date":"2026-04-04T20:34:22","date_gmt":"2026-04-04T20:34:22","guid":{"rendered":"https:\/\/ekomaofsweden.com\/?post_type=product&#038;p=1286"},"modified":"2026-04-04T20:34:23","modified_gmt":"2026-04-04T20:34:23","slug":"khadi-natural-hair-conditioner-shikakai-honey-210-ml","status":"publish","type":"product","link":"https:\/\/ekomaofsweden.com\/en\/product\/khadi-natural-hair-conditioner-shikakai-honey-210-ml\/","title":{"rendered":"Khadi Natural Hair Conditioner Shikakai &amp; Honey 210 ml"},"content":{"rendered":"<p><strong>Khadi Natural Hair Conditioner Shikakai &amp; Honey 210 ml<\/strong>\u00a0is a hair conditioner that makes your hair soft and manageable. The conditioner also promotes scalp health and deeply nourishes the hair. Shikakai is rich in vitamins A, B, C and D which work wonders for overall hair health. The honey helps dry, lifeless and damaged hair, softening and adding moisture that restores hair's natural lustre. Enriched with Provitamin B5, recommended together with \u201dKhadi Natural Shampoo Shikakai &amp; Honey 210 ml\u201d. Free from SLS and Parabens.<\/p>\n<p>Active Ayurvedic herbs:\u00a0<strong>Shikakai, Wheat germ oil, Aloevera, Honey, Liquorice root, Jojoba oil, Almond oil, Apple, Lemon, Lotus extract, Ajwain.<\/strong><\/p>","protected":false},"excerpt":{"rendered":"<p><strong>Khadi Natural Hair Conditioner Shikakai &amp; Honey 210 ml<\/strong>\u00a0is a hair conditioner that makes your hair soft and manageable. The conditioner also promotes scalp health and deeply nourishes the hair. Shikakai is rich in vitamins A, B, C and D which work wonders for overall hair health. The honey helps dry, lifeless and damaged hair, softening and adding moisture that restores hair's natural lustre. Enriched with Provitamin B5, recommended together with \u201dKhadi Natural Shampoo Shikakai &amp; Honey 210 ml\u201d. Free from SLS and Parabens.<\/p>","protected":false},"featured_media":1287,"comment_status":"open","ping_status":"closed","template":"","meta":{"slim_seo":{"title":"Khadi Natural Hair Conditioner Shikakai &amp; Honey 210 ml - Ekoma Of Sweden","description":"Khadi Natural Hair Conditioner Shikakai &amp; Honey 210 ml \u00a0\u00e4r ett h\u00e5rbalsam som g\u00f6r ditt h\u00e5r mjukt och l\u00e4tt att hantera. Balsamet fr\u00e4mjar ocks\u00e5 h\u00e5rbottnens h\u00e4l"}},"product_brand":[56],"product_cat":[59],"product_tag":[],"class_list":{"0":"post-1286","1":"product","2":"type-product","3":"status-publish","4":"has-post-thumbnail","6":"product_brand-bierkaveda","7":"product_cat-balsam","9":"first","10":"instock","11":"sale","12":"taxable","13":"shipping-taxable","14":"purchasable","15":"product-type-simple"},"_links":{"self":[{"href":"https:\/\/ekomaofsweden.com\/en\/wp-json\/wp\/v2\/product\/1286","targetHints":{"allow":["GET"]}}],"collection":[{"href":"https:\/\/ekomaofsweden.com\/en\/wp-json\/wp\/v2\/product"}],"about":[{"href":"https:\/\/ekomaofsweden.com\/en\/wp-json\/wp\/v2\/types\/product"}],"replies":[{"embeddable":true,"href":"https:\/\/ekomaofsweden.com\/en\/wp-json\/wp\/v2\/comments?post=1286"}],"wp:featuredmedia":[{"embeddable":true,"href":"https:\/\/ekomaofsweden.com\/en\/wp-json\/wp\/v2\/media\/1287"}],"wp:attachment":[{"href":"https:\/\/ekomaofsweden.com\/en\/wp-json\/wp\/v2\/media?parent=1286"}],"wp:term":[{"taxonomy":"product_brand","embeddable":true,"href":"https:\/\/ekomaofsweden.com\/en\/wp-json\/wp\/v2\/product_brand?post=1286"},{"taxonomy":"product_cat","embeddable":true,"href":"https:\/\/ekomaofsweden.com\/en\/wp-json\/wp\/v2\/product_cat?post=1286"},{"taxonomy":"product_tag","embeddable":true,"href":"https:\/\/ekomaofsweden.com\/en\/wp-json\/wp\/v2\/product_tag?post=1286"}],"curies":[{"name":"wp","href":"https:\/\/api.w.org\/{rel}","templated":true}]}}