{"id":1282,"date":"2026-04-04T20:25:31","date_gmt":"2026-04-04T20:25:31","guid":{"rendered":"https:\/\/ekomaofsweden.com\/?post_type=product&#038;p=1282"},"modified":"2026-04-04T20:25:31","modified_gmt":"2026-04-04T20:25:31","slug":"khadi-natural-hair-conditioner-orange-lemongrass-210-ml","status":"publish","type":"product","link":"https:\/\/ekomaofsweden.com\/en\/product\/khadi-natural-hair-conditioner-orange-lemongrass-210-ml\/","title":{"rendered":"Khadi Natural Hair Conditioner Orange Lemongrass 210 ml"},"content":{"rendered":"<p><strong>Khadi Natural Hair Conditioner Orange Lemongrass 210 ml<\/strong>\u00a0is a hair conditioner enriched with Provitamin B5, antioxidants and several important and nourishing oils that reach the scalp and strengthen the hair roots. Very effective against damaged, frizzy and lifeless hair. Leaves hair soft, silky, strengthened and shiny. Recommended together with \u201d<strong>Khadi Natural Shampoo Henna Tulsi 210 ml<\/strong>\u201d and \u201d<strong>Khadi Natural Hair Serum 50 ml<\/strong>\u201d for frizzy hair.<\/p>\n<p>Active Ayurvedic herbs:\u00a0<strong>Aloevera, Wheatgrass oil, Liquorice root, Jojoba oil, Ajwain, Honey, Almond oil, Apple extract, Lemon extract, Lemongrass, Orange.<\/strong><\/p>","protected":false},"excerpt":{"rendered":"<p><strong>Khadi Natural Hair Conditioner Orange Lemongrass 210 ml<\/strong>\u00a0is a hair conditioner enriched with Provitamin B5, antioxidants and several important and nourishing oils that reach the scalp and strengthen the hair roots. Very effective against damaged, frizzy and lifeless hair. Leaves hair soft, silky, strengthened and shiny. Recommended together with \u201d<strong>Khadi Natural Shampoo Henna Tulsi 210 ml<\/strong>\u201d and \u201d<strong>Khadi Natural Hair Serum 50 ml<\/strong>\u201d for frizzy hair.<\/p>","protected":false},"featured_media":1283,"comment_status":"open","ping_status":"closed","template":"","meta":{"slim_seo":{"title":"Khadi Natural Hair Conditioner Orange Lemongrass 210 ml - Ekoma Of Sweden","description":"Khadi Natural Hair Conditioner Orange Lemongrass 210 ml \u00a0\u00e4r ett h\u00e5rbalsam berikat med Provitamin B5, antioxidanter och flera viktiga och n\u00e4rande oljor som n\u00e5r n"}},"product_brand":[56],"product_cat":[59],"product_tag":[],"class_list":{"0":"post-1282","1":"product","2":"type-product","3":"status-publish","4":"has-post-thumbnail","6":"product_brand-bierkaveda","7":"product_cat-balsam","9":"first","10":"instock","11":"sale","12":"taxable","13":"shipping-taxable","14":"purchasable","15":"product-type-simple"},"_links":{"self":[{"href":"https:\/\/ekomaofsweden.com\/en\/wp-json\/wp\/v2\/product\/1282","targetHints":{"allow":["GET"]}}],"collection":[{"href":"https:\/\/ekomaofsweden.com\/en\/wp-json\/wp\/v2\/product"}],"about":[{"href":"https:\/\/ekomaofsweden.com\/en\/wp-json\/wp\/v2\/types\/product"}],"replies":[{"embeddable":true,"href":"https:\/\/ekomaofsweden.com\/en\/wp-json\/wp\/v2\/comments?post=1282"}],"wp:featuredmedia":[{"embeddable":true,"href":"https:\/\/ekomaofsweden.com\/en\/wp-json\/wp\/v2\/media\/1283"}],"wp:attachment":[{"href":"https:\/\/ekomaofsweden.com\/en\/wp-json\/wp\/v2\/media?parent=1282"}],"wp:term":[{"taxonomy":"product_brand","embeddable":true,"href":"https:\/\/ekomaofsweden.com\/en\/wp-json\/wp\/v2\/product_brand?post=1282"},{"taxonomy":"product_cat","embeddable":true,"href":"https:\/\/ekomaofsweden.com\/en\/wp-json\/wp\/v2\/product_cat?post=1282"},{"taxonomy":"product_tag","embeddable":true,"href":"https:\/\/ekomaofsweden.com\/en\/wp-json\/wp\/v2\/product_tag?post=1282"}],"curies":[{"name":"wp","href":"https:\/\/api.w.org\/{rel}","templated":true}]}}