{"id":1272,"date":"2026-04-04T19:52:25","date_gmt":"2026-04-04T19:52:25","guid":{"rendered":"https:\/\/ekomaofsweden.com\/?post_type=product&#038;p=1272"},"modified":"2026-04-04T19:52:25","modified_gmt":"2026-04-04T19:52:25","slug":"khadi-natural-shampoo-woody-sandal-honey-210-ml","status":"publish","type":"product","link":"https:\/\/ekomaofsweden.com\/en\/product\/khadi-natural-shampoo-woody-sandal-honey-210-ml\/","title":{"rendered":"Khadi Natural Shampoo Woody Sandal &amp; Honey 210 ml"},"content":{"rendered":"<div class=\"f-product-single__block f-product-single__block--description\">\n<div class=\"f-product__description rte\">\n<p><strong>Khadi Natural Shampoo Woody Sandal &amp; Honey 210 ml<\/strong>\u00a0has a special blend of oils makes hair soft and smooth. If you find your hair feels coarse and rough, this shampoo is worth trying. It also provides relief for itchy scalp and dandruff. Free from SLS and Parabens.<\/p>\n<p>Classic scent of sandalwood.<\/p>\n<p>Active Ayurvedic herbs:\u00a0<strong>Honey, Aloevera, Soapnut, Sandalwood, Rice husk oil, Rose water, Bhringraj, Brahmi, Amla, Almond Protein<\/strong><\/p>\n<\/div>\n<\/div>\n<div class=\"f-product-single__block f-product-single__block--collapsible_tab\"><\/div>","protected":false},"excerpt":{"rendered":"<p><strong>Khadi Natural Shampoo Woody Sandal &amp; Honey 210 ml<\/strong>\u00a0has a special blend of oils makes hair soft and smooth. If you find your hair feels coarse and rough, this shampoo is worth trying. It also provides relief for itchy scalp and dandruff. Free from SLS and Parabens.<\/p>","protected":false},"featured_media":1273,"comment_status":"open","ping_status":"closed","template":"","meta":{"slim_seo":{"title":"Khadi Natural Shampoo Woody Sandal &amp; Honey 210 ml - Ekoma Of Sweden","description":"Khadi Natural Shampoo Woody Sandal &amp; Honey 210 ml \u00a0har en speciell blandning av oljor g\u00f6r h\u00e5ret mjukt och smidigt. Tycker du att ditt h\u00e5r k\u00e4nns grovt och st"}},"product_brand":[56],"product_cat":[58],"product_tag":[],"class_list":{"0":"post-1272","1":"product","2":"type-product","3":"status-publish","4":"has-post-thumbnail","6":"product_brand-bierkaveda","7":"product_cat-shampoo","9":"first","10":"instock","11":"sale","12":"taxable","13":"shipping-taxable","14":"purchasable","15":"product-type-simple"},"_links":{"self":[{"href":"https:\/\/ekomaofsweden.com\/en\/wp-json\/wp\/v2\/product\/1272","targetHints":{"allow":["GET"]}}],"collection":[{"href":"https:\/\/ekomaofsweden.com\/en\/wp-json\/wp\/v2\/product"}],"about":[{"href":"https:\/\/ekomaofsweden.com\/en\/wp-json\/wp\/v2\/types\/product"}],"replies":[{"embeddable":true,"href":"https:\/\/ekomaofsweden.com\/en\/wp-json\/wp\/v2\/comments?post=1272"}],"wp:featuredmedia":[{"embeddable":true,"href":"https:\/\/ekomaofsweden.com\/en\/wp-json\/wp\/v2\/media\/1273"}],"wp:attachment":[{"href":"https:\/\/ekomaofsweden.com\/en\/wp-json\/wp\/v2\/media?parent=1272"}],"wp:term":[{"taxonomy":"product_brand","embeddable":true,"href":"https:\/\/ekomaofsweden.com\/en\/wp-json\/wp\/v2\/product_brand?post=1272"},{"taxonomy":"product_cat","embeddable":true,"href":"https:\/\/ekomaofsweden.com\/en\/wp-json\/wp\/v2\/product_cat?post=1272"},{"taxonomy":"product_tag","embeddable":true,"href":"https:\/\/ekomaofsweden.com\/en\/wp-json\/wp\/v2\/product_tag?post=1272"}],"curies":[{"name":"wp","href":"https:\/\/api.w.org\/{rel}","templated":true}]}}