{"id":1266,"date":"2026-04-04T19:41:51","date_gmt":"2026-04-04T19:41:51","guid":{"rendered":"https:\/\/ekomaofsweden.com\/?post_type=product&#038;p=1266"},"modified":"2026-04-04T19:41:51","modified_gmt":"2026-04-04T19:41:51","slug":"khadi-natural-shampoo-neem-aloevera-210-ml","status":"publish","type":"product","link":"https:\/\/ekomaofsweden.com\/en\/product\/khadi-natural-shampoo-neem-aloevera-210-ml\/","title":{"rendered":"Khadi Natural Shampoo Neem &amp; Aloevera 210 ml"},"content":{"rendered":"<div class=\"f-product-single__block f-product-single__block--description\">\n<div class=\"f-product__description rte\">\n<p><strong>Khadi Natural Shampoo Neem &amp; Aloevera 210 ml<\/strong>\u00a0is a shampoo specially formulated for those with problematic scalps. The herbal blend relieves itching and is very effective against dandruff. It washes away dead skin cells and soothes the scalp. It also rebuilds damaged hair and prevents hair loss. Free from SLS and parabens.<\/p>\n<p>Modern, slightly sporty and fairly neutral fragrance with a hint of liquorice.<\/p>\n<p>Active Ayurvedic herbs:\u00a0<strong>Green tea extract, Neem,<\/strong>\u00a0<strong>Krishna Thulasi, Lodhra, Camphor, Amla, Neem, Fenugreek, Ragwort, Cloves, Teatree, Aloevera, Shikakai, Bhringraj.<\/strong><\/p>\n<\/div>\n<\/div>\n<div class=\"f-product-single__block f-product-single__block--collapsible_tab\">\n<div class=\"collapsible__content\" data-content=\"\" aria-hidden=\"true\">\n<div class=\"collapsible__content-inner rte\">\n<p><span class=\"metafield-multi_line_text_field\"><\/p>\n<p><\/span><\/p>\n<\/div>\n<\/div>\n<\/div>","protected":false},"excerpt":{"rendered":"<p><strong>Khadi Natural Shampoo Neem &amp; Aloevera 210 ml<\/strong>\u00a0is a shampoo specially formulated for those with problematic scalps. The herbal blend relieves itching and is very effective against dandruff. It washes away dead skin cells and soothes the scalp. It also rebuilds damaged hair and prevents hair loss.<\/p>","protected":false},"featured_media":1267,"comment_status":"open","ping_status":"closed","template":"","meta":{"slim_seo":{"title":"Khadi Natural Shampoo Neem &amp; Aloevera 210 ml - Ekoma Of Sweden","description":"Khadi Natural Shampoo Neem &amp; Aloevera 210 ml \u00a0\u00e4r ett shampoo som \u00e4r speciellt framtaget f\u00f6r dig med problematisk h\u00e5rbotten. \u00d6rtblandningen lindrar vid kl\u00e5da"}},"product_brand":[56],"product_cat":[58],"product_tag":[],"class_list":{"0":"post-1266","1":"product","2":"type-product","3":"status-publish","4":"has-post-thumbnail","6":"product_brand-bierkaveda","7":"product_cat-shampoo","9":"first","10":"instock","11":"sale","12":"taxable","13":"shipping-taxable","14":"purchasable","15":"product-type-simple"},"_links":{"self":[{"href":"https:\/\/ekomaofsweden.com\/en\/wp-json\/wp\/v2\/product\/1266","targetHints":{"allow":["GET"]}}],"collection":[{"href":"https:\/\/ekomaofsweden.com\/en\/wp-json\/wp\/v2\/product"}],"about":[{"href":"https:\/\/ekomaofsweden.com\/en\/wp-json\/wp\/v2\/types\/product"}],"replies":[{"embeddable":true,"href":"https:\/\/ekomaofsweden.com\/en\/wp-json\/wp\/v2\/comments?post=1266"}],"wp:featuredmedia":[{"embeddable":true,"href":"https:\/\/ekomaofsweden.com\/en\/wp-json\/wp\/v2\/media\/1267"}],"wp:attachment":[{"href":"https:\/\/ekomaofsweden.com\/en\/wp-json\/wp\/v2\/media?parent=1266"}],"wp:term":[{"taxonomy":"product_brand","embeddable":true,"href":"https:\/\/ekomaofsweden.com\/en\/wp-json\/wp\/v2\/product_brand?post=1266"},{"taxonomy":"product_cat","embeddable":true,"href":"https:\/\/ekomaofsweden.com\/en\/wp-json\/wp\/v2\/product_cat?post=1266"},{"taxonomy":"product_tag","embeddable":true,"href":"https:\/\/ekomaofsweden.com\/en\/wp-json\/wp\/v2\/product_tag?post=1266"}],"curies":[{"name":"wp","href":"https:\/\/api.w.org\/{rel}","templated":true}]}}