{"id":1262,"date":"2026-04-04T19:31:29","date_gmt":"2026-04-04T19:31:29","guid":{"rendered":"https:\/\/ekomaofsweden.com\/?post_type=product&#038;p=1262"},"modified":"2026-04-04T19:31:30","modified_gmt":"2026-04-04T19:31:30","slug":"khadi-natural-shampoo-henna-tulsi-210-ml","status":"publish","type":"product","link":"https:\/\/ekomaofsweden.com\/en\/product\/khadi-natural-shampoo-henna-tulsi-210-ml\/","title":{"rendered":"Khadi Natural Shampoo Henna Tulsi 210 ml"},"content":{"rendered":"<p><strong>Khadi Natural Shampoo Henna Tulsi 210 ml<\/strong>\u00a0is a shampoo for those with\u00a0<strong>dry and frizzy<\/strong>\u00a0hair, as it works to add volume, bounce and moisture balance. The herbal blend activates the hair roots and is said to stimulate hair growth and counteract grey hair. Also useful for those with itching and dandruff.<\/p>\n<p>Henna is an umbrella name for a variety of herbal mixtures used in Indian hair care. In this case, Lawsonia inermis and Cassia obovata are used. Use with caution on blonde hair.<\/p>\n<p>For best results against\u00a0<strong>dry and frizzy<\/strong>\u00a0hair, please combine with \u201d<strong>Khadi Natural Hair Conditioner Orange Lemongrass 210 ml<\/strong>\u201d and \u201d\u00a0<strong>Khadi Natural Hair Serum 50 ml<\/strong>\u201d. Free from SLS and Parabens.<\/p>\n<p>Soft, mild and rather neutral scent.<\/p>\n<p>Active Ayurvedic herbs:\u00a0<strong>Soapnut, Honey, Bhringraj, Shikakai, Amla, Aloevera, Hayfruit, Brahmi, Henna\u00a0<\/strong>(Lawsonia inermis and Cassia obovata),\u00a0<strong>Rice husk oil, Krishna Thulasi.<\/strong><\/p>","protected":false},"excerpt":{"rendered":"<p><strong>Khadi Natural Shampoo Henna Tulsi 210 ml<\/strong>\u00a0is a shampoo for those with\u00a0<strong>dry and frizzy<\/strong>\u00a0hair, as it works to add volume, bounce and moisture balance. The herbal blend activates the hair roots and is said to stimulate hair growth and counteract grey hair. Also useful for those with itching and dandruff.<\/p>","protected":false},"featured_media":1263,"comment_status":"open","ping_status":"closed","template":"","meta":{"slim_seo":{"title":"Khadi Natural Shampoo Henna Tulsi 210 ml - Ekoma Of Sweden","description":"Khadi Natural Shampoo Henna Tulsi 210 ml \u00a0\u00e4r ett shampoo f\u00f6r dig med\u00a0 torrt och frissigt \u00a0h\u00e5r, d\u00e5 det verkar f\u00f6r volym, sp\u00e4nst och fuktbalans. \u00d6rtblandningen ak"}},"product_brand":[56],"product_cat":[58],"product_tag":[],"class_list":{"0":"post-1262","1":"product","2":"type-product","3":"status-publish","4":"has-post-thumbnail","6":"product_brand-bierkaveda","7":"product_cat-shampoo","9":"first","10":"instock","11":"sale","12":"taxable","13":"shipping-taxable","14":"purchasable","15":"product-type-simple"},"_links":{"self":[{"href":"https:\/\/ekomaofsweden.com\/en\/wp-json\/wp\/v2\/product\/1262","targetHints":{"allow":["GET"]}}],"collection":[{"href":"https:\/\/ekomaofsweden.com\/en\/wp-json\/wp\/v2\/product"}],"about":[{"href":"https:\/\/ekomaofsweden.com\/en\/wp-json\/wp\/v2\/types\/product"}],"replies":[{"embeddable":true,"href":"https:\/\/ekomaofsweden.com\/en\/wp-json\/wp\/v2\/comments?post=1262"}],"wp:featuredmedia":[{"embeddable":true,"href":"https:\/\/ekomaofsweden.com\/en\/wp-json\/wp\/v2\/media\/1263"}],"wp:attachment":[{"href":"https:\/\/ekomaofsweden.com\/en\/wp-json\/wp\/v2\/media?parent=1262"}],"wp:term":[{"taxonomy":"product_brand","embeddable":true,"href":"https:\/\/ekomaofsweden.com\/en\/wp-json\/wp\/v2\/product_brand?post=1262"},{"taxonomy":"product_cat","embeddable":true,"href":"https:\/\/ekomaofsweden.com\/en\/wp-json\/wp\/v2\/product_cat?post=1262"},{"taxonomy":"product_tag","embeddable":true,"href":"https:\/\/ekomaofsweden.com\/en\/wp-json\/wp\/v2\/product_tag?post=1262"}],"curies":[{"name":"wp","href":"https:\/\/api.w.org\/{rel}","templated":true}]}}