{"id":1258,"date":"2026-04-04T19:23:34","date_gmt":"2026-04-04T19:23:34","guid":{"rendered":"https:\/\/ekomaofsweden.com\/?post_type=product&#038;p=1258"},"modified":"2026-04-04T19:23:34","modified_gmt":"2026-04-04T19:23:34","slug":"khadi-natural-shampoo-shikakai-honey-210-ml","status":"publish","type":"product","link":"https:\/\/ekomaofsweden.com\/en\/product\/khadi-natural-shampoo-shikakai-honey-210-ml\/","title":{"rendered":"Khadi Natural Shampoo Shikakai &amp; Honey 210 ml"},"content":{"rendered":"<p><strong>Khadi Natural Shampoo Shikakai &amp; Honey 210 ml<\/strong>\u00a0washes and balances your hair at the same time and is gentle enough to use as often as you like.<\/p>\n<p>Shikakai is rich in vitamins A, B, C and D which work wonders for overall hair health. The honey helps dry, lifeless and damaged hair, softening and adding moisture that restores hair's natural lustre. The other Ayurvedic ingredients protect against hair loss and stimulate hair follicles and scalp. It is also suitable for all hair types as it does not disturb the natural balance of the scalp. Free from SLS and Parabens.<\/p>\n<p>Warm, exotic floral fragrance.<\/p>\n<p>Active Ayurvedic herbs:\u00a0<strong>Shikakai, Honey, Soapnut, Aloevera, Brahmi, Nagarmotha, Green Tea Extract, Rosemary, Bhringraj, Jojoba Oil, Rice husk oil.<\/strong><\/p>","protected":false},"excerpt":{"rendered":"<p><strong>Khadi Natural Shampoo Shikakai &amp; Honey 210 ml<\/strong>\u00a0washes and balances your hair at the same time and is gentle enough to use as often as you like.<\/p>","protected":false},"featured_media":1259,"comment_status":"open","ping_status":"closed","template":"","meta":{"slim_seo":{"title":"Khadi Natural Shampoo Shikakai &amp; Honey 210 ml - Ekoma Of Sweden","description":"Khadi Natural Shampoo Shikakai &amp; Honey 210 ml \u00a0tv\u00e4ttar och balanserar ditt h\u00e5r p\u00e5 samma g\u00e5ng och \u00e4r milt nog att anv\u00e4nda s\u00e5 ofta du vill."}},"product_brand":[56],"product_cat":[57,58],"product_tag":[],"class_list":{"0":"post-1258","1":"product","2":"type-product","3":"status-publish","4":"has-post-thumbnail","6":"product_brand-bierkaveda","7":"product_cat-parentharprodukter","8":"product_cat-shampoo","10":"first","11":"instock","12":"sale","13":"taxable","14":"shipping-taxable","15":"purchasable","16":"product-type-simple"},"_links":{"self":[{"href":"https:\/\/ekomaofsweden.com\/en\/wp-json\/wp\/v2\/product\/1258","targetHints":{"allow":["GET"]}}],"collection":[{"href":"https:\/\/ekomaofsweden.com\/en\/wp-json\/wp\/v2\/product"}],"about":[{"href":"https:\/\/ekomaofsweden.com\/en\/wp-json\/wp\/v2\/types\/product"}],"replies":[{"embeddable":true,"href":"https:\/\/ekomaofsweden.com\/en\/wp-json\/wp\/v2\/comments?post=1258"}],"wp:featuredmedia":[{"embeddable":true,"href":"https:\/\/ekomaofsweden.com\/en\/wp-json\/wp\/v2\/media\/1259"}],"wp:attachment":[{"href":"https:\/\/ekomaofsweden.com\/en\/wp-json\/wp\/v2\/media?parent=1258"}],"wp:term":[{"taxonomy":"product_brand","embeddable":true,"href":"https:\/\/ekomaofsweden.com\/en\/wp-json\/wp\/v2\/product_brand?post=1258"},{"taxonomy":"product_cat","embeddable":true,"href":"https:\/\/ekomaofsweden.com\/en\/wp-json\/wp\/v2\/product_cat?post=1258"},{"taxonomy":"product_tag","embeddable":true,"href":"https:\/\/ekomaofsweden.com\/en\/wp-json\/wp\/v2\/product_tag?post=1258"}],"curies":[{"name":"wp","href":"https:\/\/api.w.org\/{rel}","templated":true}]}}