{"id":1253,"date":"2026-04-04T18:54:52","date_gmt":"2026-04-04T18:54:52","guid":{"rendered":"https:\/\/ekomaofsweden.com\/?post_type=product&#038;p=1253"},"modified":"2026-04-04T19:03:52","modified_gmt":"2026-04-04T19:03:52","slug":"khadi-natural-toner-mask","status":"publish","type":"product","link":"https:\/\/ekomaofsweden.com\/en\/product\/khadi-natural-toner-mask\/","title":{"rendered":"Khadi Natural Toner &amp; Mask"},"content":{"rendered":"<p><strong><a href=\"https:\/\/bierkaveda.se\/collections\/ansiktsmask\/products\/khadi-natural-herbal-face-pack-ansiktsmask-neem\" target=\"_blank\" rel=\"noopener\"><em>Khadi Natural Herbal Face Pack Neem<\/em><\/a>\u00a0<\/strong>helps your skin get rid of the daily build-up of toxins under the skin while getting rid of bacteria and dirt embedded in your skin, to give it a healthy glow.<\/p>\n<p>Contains only dried and ground medicinal herbs.<\/p>\n<p id=\"tab-label-description\" class=\"data item title active\" role=\"tab\" data-role=\"collapsible\" data-collapsible=\"true\" aria-controls=\"description\" aria-expanded=\"true\"><a href=\"https:\/\/bierkaveda.se\/collections\/ansiktsvatten\/products\/ansiktsvatten\" target=\"_blank\" rel=\"noopener\"><em><strong>Khadi Natural Rose Water Toner<\/strong><\/em><\/a>\u00a0is a natural, antiseptic and moisturising toner.<\/p>\n<p class=\"data item title active\" role=\"tab\" data-role=\"collapsible\" data-collapsible=\"true\" aria-controls=\"description\" aria-expanded=\"true\">Use:<br \/>\nTake 1-2 tsp of the Face Pack powder and mix it with a little of the Rose Water Tonic to make a smooth paste. Apply a thin layer all over the face, neck, shoulders and chest area, or take smaller amounts of both to treat only the face. Leave on for 10-15 minutes. Sprinkle on water, then scrub around to exfoliate. Rinse off.<\/p>\n<p class=\"data item title active\" role=\"tab\" data-role=\"collapsible\" data-collapsible=\"true\" aria-controls=\"description\" aria-expanded=\"true\">This Ayurvedic blend is a deep moisturiser that restores and brightens your skin. It removes impurities, is mildly antiseptic and fights acne.<\/p>\n<p class=\"data item title active\" role=\"tab\" data-role=\"collapsible\" data-collapsible=\"true\" aria-controls=\"description\" aria-expanded=\"true\"><strong>Both products are free from SLS Parabens.<\/strong><\/p>\n<p class=\"data item title active\" role=\"tab\" data-role=\"collapsible\" data-collapsible=\"true\" aria-controls=\"description\" aria-expanded=\"true\"><em>For more information on content, active herbs and INCI, click on each product name.<\/em><\/p>","protected":false},"excerpt":{"rendered":"<p>This Ayurvedic blend is a deep moisturiser that restores and brightens your skin. It removes impurities, is mildly antiseptic and fights acne.<\/p>","protected":false},"featured_media":1254,"comment_status":"open","ping_status":"closed","template":"","meta":{"slim_seo":{"title":"Khadi Natural Toner &amp; Mask - Ekoma Of Sweden","description":"Den ayurvediska blandningen \u00e4r en djupverkande fuktgivare som sk\u00e4nker \u00e5terh\u00e4mtning och lyster\u00a0\u00e5t din hy. Den tar bort f\u00f6roreningar, \u00e4r milt antiseptisk och motv"}},"product_brand":[56],"product_cat":[54],"product_tag":[],"class_list":{"0":"post-1253","1":"product","2":"type-product","3":"status-publish","4":"has-post-thumbnail","6":"product_brand-bierkaveda","7":"product_cat-hudvardskit","9":"first","10":"instock","11":"sale","12":"taxable","13":"shipping-taxable","14":"purchasable","15":"product-type-simple"},"_links":{"self":[{"href":"https:\/\/ekomaofsweden.com\/en\/wp-json\/wp\/v2\/product\/1253","targetHints":{"allow":["GET"]}}],"collection":[{"href":"https:\/\/ekomaofsweden.com\/en\/wp-json\/wp\/v2\/product"}],"about":[{"href":"https:\/\/ekomaofsweden.com\/en\/wp-json\/wp\/v2\/types\/product"}],"replies":[{"embeddable":true,"href":"https:\/\/ekomaofsweden.com\/en\/wp-json\/wp\/v2\/comments?post=1253"}],"wp:featuredmedia":[{"embeddable":true,"href":"https:\/\/ekomaofsweden.com\/en\/wp-json\/wp\/v2\/media\/1254"}],"wp:attachment":[{"href":"https:\/\/ekomaofsweden.com\/en\/wp-json\/wp\/v2\/media?parent=1253"}],"wp:term":[{"taxonomy":"product_brand","embeddable":true,"href":"https:\/\/ekomaofsweden.com\/en\/wp-json\/wp\/v2\/product_brand?post=1253"},{"taxonomy":"product_cat","embeddable":true,"href":"https:\/\/ekomaofsweden.com\/en\/wp-json\/wp\/v2\/product_cat?post=1253"},{"taxonomy":"product_tag","embeddable":true,"href":"https:\/\/ekomaofsweden.com\/en\/wp-json\/wp\/v2\/product_tag?post=1253"}],"curies":[{"name":"wp","href":"https:\/\/api.w.org\/{rel}","templated":true}]}}