{"id":1251,"date":"2026-04-04T18:33:42","date_gmt":"2026-04-04T18:33:42","guid":{"rendered":"https:\/\/ekomaofsweden.com\/?post_type=product&#038;p=1251"},"modified":"2026-04-04T18:33:43","modified_gmt":"2026-04-04T18:33:43","slug":"khadi-natural-face-kit-man","status":"publish","type":"product","link":"https:\/\/ekomaofsweden.com\/en\/product\/khadi-natural-face-kit-man\/","title":{"rendered":"Khadi Natural Face Kit Man"},"content":{"rendered":"<h2><strong>Cleanse and moisturise - here's the putty for his face.<\/strong><\/h2>\n<p><strong><em><a href=\"https:\/\/bierkaveda.se\/collections\/ansiktstvatt\/products\/ansiktstvatt-khadi-natural-neem-teatree-sls-och-parabenfri\" target=\"_blank\" rel=\"noopener\">Khadi Natural Neem &amp; Teatree Face Wash<\/a>\u00a0<\/em><\/strong>is a deep-cleansing face wash that is also highly effective against acne. It is refreshing and also gives new life and glow to tired and lifeless skin. Use with advantage when shaving!<\/p>\n<p><a href=\"https:\/\/bierkaveda.se\/collections\/ansiktskramer\/products\/ansiktskram-khadi-natural-anti-blemish\" target=\"_blank\" rel=\"noopener\"><strong><em>Khadi Natural Face Cream Anti Blemish<\/em><\/strong><\/a><em>\u00a0soothes and smoothes skin after shaving. It is also<\/em><strong><em>\u00a0<\/em><\/strong><em>extremely effective against scar tissue and uneven pigmentation for a more even skin tone.\u00a0<\/em>Yummy for freshly shaved skin!<\/p>\n<p><strong>Both products are free from SLS and Parabens<\/strong><\/p>\n<p><em>For information on content, active herbal properties and INCI, click on the respective product name.<\/em><\/p>","protected":false},"excerpt":{"rendered":"<h2><strong>Cleanse and moisturise - here's the putty for his face.<\/strong><\/h2>","protected":false},"featured_media":1252,"comment_status":"open","ping_status":"closed","template":"","meta":{"slim_seo":{"title":"Khadi Natural Face Kit Man - Ekoma Of Sweden","description":"Reng\u00f6r och \u00e5terfukta - h\u00e4r \u00e4r kittet f\u00f6r\u00a0hans ansikte."}},"product_brand":[56],"product_cat":[54],"product_tag":[],"class_list":{"0":"post-1251","1":"product","2":"type-product","3":"status-publish","4":"has-post-thumbnail","6":"product_brand-bierkaveda","7":"product_cat-hudvardskit","9":"first","10":"instock","11":"sale","12":"taxable","13":"shipping-taxable","14":"purchasable","15":"product-type-simple"},"_links":{"self":[{"href":"https:\/\/ekomaofsweden.com\/en\/wp-json\/wp\/v2\/product\/1251","targetHints":{"allow":["GET"]}}],"collection":[{"href":"https:\/\/ekomaofsweden.com\/en\/wp-json\/wp\/v2\/product"}],"about":[{"href":"https:\/\/ekomaofsweden.com\/en\/wp-json\/wp\/v2\/types\/product"}],"replies":[{"embeddable":true,"href":"https:\/\/ekomaofsweden.com\/en\/wp-json\/wp\/v2\/comments?post=1251"}],"wp:featuredmedia":[{"embeddable":true,"href":"https:\/\/ekomaofsweden.com\/en\/wp-json\/wp\/v2\/media\/1252"}],"wp:attachment":[{"href":"https:\/\/ekomaofsweden.com\/en\/wp-json\/wp\/v2\/media?parent=1251"}],"wp:term":[{"taxonomy":"product_brand","embeddable":true,"href":"https:\/\/ekomaofsweden.com\/en\/wp-json\/wp\/v2\/product_brand?post=1251"},{"taxonomy":"product_cat","embeddable":true,"href":"https:\/\/ekomaofsweden.com\/en\/wp-json\/wp\/v2\/product_cat?post=1251"},{"taxonomy":"product_tag","embeddable":true,"href":"https:\/\/ekomaofsweden.com\/en\/wp-json\/wp\/v2\/product_tag?post=1251"}],"curies":[{"name":"wp","href":"https:\/\/api.w.org\/{rel}","templated":true}]}}