{"id":1234,"date":"2026-04-04T06:43:59","date_gmt":"2026-04-04T06:43:59","guid":{"rendered":"https:\/\/ekomaofsweden.com\/?post_type=product&#038;p=1234"},"modified":"2026-04-04T06:44:00","modified_gmt":"2026-04-04T06:44:00","slug":"pitta-balanserande-hudvardskitt","status":"publish","type":"product","link":"https:\/\/ekomaofsweden.com\/en\/product\/pitta-balanserande-hudvardskitt\/","title":{"rendered":"Pitta-balancing skin care putty"},"content":{"rendered":"<h3 class=\"elementToProof\">Pitta skin tends to feel warm and may be slightly red-flushed with rosy cheeks. Acne and rashes can also flare up with a pitta imbalance. If you want to take care of your sensitive Pitta skin, we highly recommend this complete kit!<\/h3>\n<p><strong><a href=\"https:\/\/bierkaveda.se\/products\/tval-medimix-sandal-eladi-oil\" target=\"_blank\" rel=\"noopener\">Medimix Sandal Eladi Oil solid soap<\/a>\u00a0<\/strong>is extremely gentle, beneficial and balancing for those with sensitive skin. Our most active soap for problem skin. Eladi is an ancient Ayurvedic balancing oil traditionally used for allergies, eczema, itching, rashes, discolouration, pigmentation, skin inflammation, etc.<\/p>\n<p><a href=\"https:\/\/bierkaveda.se\/products\/ansiktstvatt-khadi-natural-neem-teatree-sls-och-parabenfri\" target=\"_blank\" rel=\"noopener\"><strong>Khadi Natural Neem &amp; Teatree Facewash<\/strong><\/a>\u00a0is deep cleansing, refreshing and highly effective against acne. With active ingredients such as neem, aloevera, tea tree and green tea, this face wash is perfect for treating a sensitive pitta skin.<\/p>\n<p><a href=\"https:\/\/bierkaveda.se\/products\/ansiktsvatten\" target=\"_blank\" rel=\"noopener\"><strong>Khadi Natural Rose Water Tone<\/strong>r<\/a>\u00a0is a natural, antiseptic and moisturising toner. The Ayurvedic blend of Rose Extract and Aloe Vera is a deep moisturiser that adds glow and soothes your skin.<\/p>\n<p><a href=\"https:\/\/bierkaveda.se\/products\/ansiktskram-khadi-natural-acne-pimple-cream\" target=\"_blank\" rel=\"noopener\"><strong>Khadi Natural Herbal Acne Pimple Cream<\/strong><\/a>\u00a0is a face cream designed for those with acne. The Ayurvedic herbal blend is a powerful antiseptic and has a cooling and soothing effect on the skin.<\/p>\n<p><strong><a href=\"https:\/\/bierkaveda.se\/products\/kroppslotion-khadi-natural-almond-saffron-parabenfri\" target=\"_blank\" rel=\"noopener\">Khadi Natural Almond Saffron Herbal Moisturiser<\/a>\u00a0<\/strong>is a skin lotion based on a rich blend of a variety of vegetable oils and beeswax. It is also enriched with naturally beneficial extracts of Aloe Vera, Saffron, Fenugreek and Liquorice Root.<\/p>\n<p><a href=\"https:\/\/bierkaveda.se\/products\/khadi-natural-fotkram-jasmine-green-tea-foot-crack-cream-100g\" target=\"_blank\" rel=\"noopener\"><strong>Khadi Natural Jasmine &amp; Green Tea Foot Crack Cream<\/strong><\/a>\u00a0is an herbal foot cream that easily dissolves calluses and moisturises the feet. The herbs in the cream provide relief for tired feet and leave them feeling fresh.<\/p>\n<p><em>For more information on content, active herbal properties and INCI, please refer to the respective product page by clicking on the product name.<\/em><\/p>\n<div class=\"elementToProof\">\n<p class=\"f-product-single__title h1\">\n<\/div>","protected":false},"excerpt":{"rendered":"<h3 class=\"elementToProof\">Pitta skin tends to feel warm and may be slightly red-flushed with rosy cheeks. Acne and rashes can also flare up with a pitta imbalance. If you want to take care of your sensitive Pitta skin, we highly recommend this complete kit!<\/h3>","protected":false},"featured_media":1235,"comment_status":"open","ping_status":"closed","template":"","meta":{"slim_seo":{"title":"Pitta-balanserande hudv\u00e5rdskitt - Ekoma Of Sweden","description":"Pitta-huden brukar k\u00e4nnas varm och kan vara lite r\u00f6dblommig med rosiga kinder. Akne och hudutslag kan ocks\u00e5 blomma upp vid en pitta-obalans. Vill du ta hand om\u00a0"}},"product_brand":[],"product_cat":[53],"product_tag":[],"class_list":{"0":"post-1234","1":"product","2":"type-product","3":"status-publish","4":"has-post-thumbnail","6":"product_cat-hudvard-for-din-dosha","8":"first","9":"instock","10":"sale","11":"taxable","12":"shipping-taxable","13":"purchasable","14":"product-type-simple"},"_links":{"self":[{"href":"https:\/\/ekomaofsweden.com\/en\/wp-json\/wp\/v2\/product\/1234","targetHints":{"allow":["GET"]}}],"collection":[{"href":"https:\/\/ekomaofsweden.com\/en\/wp-json\/wp\/v2\/product"}],"about":[{"href":"https:\/\/ekomaofsweden.com\/en\/wp-json\/wp\/v2\/types\/product"}],"replies":[{"embeddable":true,"href":"https:\/\/ekomaofsweden.com\/en\/wp-json\/wp\/v2\/comments?post=1234"}],"wp:featuredmedia":[{"embeddable":true,"href":"https:\/\/ekomaofsweden.com\/en\/wp-json\/wp\/v2\/media\/1235"}],"wp:attachment":[{"href":"https:\/\/ekomaofsweden.com\/en\/wp-json\/wp\/v2\/media?parent=1234"}],"wp:term":[{"taxonomy":"product_brand","embeddable":true,"href":"https:\/\/ekomaofsweden.com\/en\/wp-json\/wp\/v2\/product_brand?post=1234"},{"taxonomy":"product_cat","embeddable":true,"href":"https:\/\/ekomaofsweden.com\/en\/wp-json\/wp\/v2\/product_cat?post=1234"},{"taxonomy":"product_tag","embeddable":true,"href":"https:\/\/ekomaofsweden.com\/en\/wp-json\/wp\/v2\/product_tag?post=1234"}],"curies":[{"name":"wp","href":"https:\/\/api.w.org\/{rel}","templated":true}]}}