{"id":1226,"date":"2026-04-03T23:08:38","date_gmt":"2026-04-03T23:08:38","guid":{"rendered":"https:\/\/ekomaofsweden.com\/?post_type=product&#038;p=1226"},"modified":"2026-04-03T23:08:38","modified_gmt":"2026-04-03T23:08:38","slug":"khadi-natural-chocolate-lip-balm-5-g","status":"publish","type":"product","link":"https:\/\/ekomaofsweden.com\/en\/product\/khadi-natural-chocolate-lip-balm-5-g\/","title":{"rendered":"Khadi Natural Chocolate Lip Balm 5 g"},"content":{"rendered":"<p><strong>Khadi Natural Chocolate Lip Balm 5 g<\/strong>\u00a0(with Beeswax &amp; Honey) protects your lips from harmful UV rays and nourishes them. Coffee and cocoa are filled with stimulating substances that make your lips soft and supple. Regular use of Chocolate Lip Balm will help your lips become more plump.<\/p>\n<p>The skilful blend of many different types of vegetable fats protects and softens your lips. Beeswax also helps with protection and firmness. The balm is rich and oily, not waxy, and leaves your lips moisturised, soft and shiny.<\/p>\n<p>Aroma and flavour of chocolate and coffee.<\/p>\n<p>NB. Incredibly generous! Only a very small amount is needed.<\/p>\n<p>Active Ayurvedic herbs:\u00a0<strong>Shea butter, Beeswax, Cocoa butter, Coconut butter, Sunflower oil, Almond oil, Jojoba oil, Honey, Carrot seed oil, Liquorice root, Wheat germ oil, Aloevera, Apricot oil, Avocado oil, Coffee bean, Grape seed oil, Vitamin E, Collagen, Vegetable glycerine, Liquid chocolate.<\/strong><\/p>","protected":false},"excerpt":{"rendered":"<p><strong>Khadi Natural Chocolate Lip Balm 5 g<\/strong>\u00a0(with Beeswax &amp; Honey) protects your lips from harmful UV rays and nourishes them. Coffee and cocoa are filled with stimulating substances that make your lips soft and supple. Regular use of Chocolate Lip Balm will help your lips become more plump.<\/p>","protected":false},"featured_media":1227,"comment_status":"open","ping_status":"closed","template":"","meta":{"slim_seo":{"title":"Khadi Natural Chocolate Lip Balm 5 g - Ekoma Of Sweden","description":"Khadi Natural Chocolate Lip Balm 5 g \u00a0(with Beeswax &amp; Honey) skyddar dina l\u00e4ppar fr\u00e5n skadliga UV-str\u00e5lar och ger dem n\u00e4ring. Kaffe och kakao \u00e4r fyllda med"}},"product_brand":[],"product_cat":[52],"product_tag":[],"class_list":{"0":"post-1226","1":"product","2":"type-product","3":"status-publish","4":"has-post-thumbnail","6":"product_cat-lappar-fotter","8":"first","9":"instock","10":"sale","11":"taxable","12":"shipping-taxable","13":"purchasable","14":"product-type-simple"},"_links":{"self":[{"href":"https:\/\/ekomaofsweden.com\/en\/wp-json\/wp\/v2\/product\/1226","targetHints":{"allow":["GET"]}}],"collection":[{"href":"https:\/\/ekomaofsweden.com\/en\/wp-json\/wp\/v2\/product"}],"about":[{"href":"https:\/\/ekomaofsweden.com\/en\/wp-json\/wp\/v2\/types\/product"}],"replies":[{"embeddable":true,"href":"https:\/\/ekomaofsweden.com\/en\/wp-json\/wp\/v2\/comments?post=1226"}],"wp:featuredmedia":[{"embeddable":true,"href":"https:\/\/ekomaofsweden.com\/en\/wp-json\/wp\/v2\/media\/1227"}],"wp:attachment":[{"href":"https:\/\/ekomaofsweden.com\/en\/wp-json\/wp\/v2\/media?parent=1226"}],"wp:term":[{"taxonomy":"product_brand","embeddable":true,"href":"https:\/\/ekomaofsweden.com\/en\/wp-json\/wp\/v2\/product_brand?post=1226"},{"taxonomy":"product_cat","embeddable":true,"href":"https:\/\/ekomaofsweden.com\/en\/wp-json\/wp\/v2\/product_cat?post=1226"},{"taxonomy":"product_tag","embeddable":true,"href":"https:\/\/ekomaofsweden.com\/en\/wp-json\/wp\/v2\/product_tag?post=1226"}],"curies":[{"name":"wp","href":"https:\/\/api.w.org\/{rel}","templated":true}]}}