{"id":1222,"date":"2026-04-03T22:59:11","date_gmt":"2026-04-03T22:59:11","guid":{"rendered":"https:\/\/ekomaofsweden.com\/?post_type=product&#038;p=1222"},"modified":"2026-04-03T22:59:11","modified_gmt":"2026-04-03T22:59:11","slug":"khadi-natural-peach-lip-balm-5-g","status":"publish","type":"product","link":"https:\/\/ekomaofsweden.com\/en\/product\/khadi-natural-peach-lip-balm-5-g\/","title":{"rendered":"Khadi Natural Peach Lip Balm 5 g"},"content":{"rendered":"<p><strong>Khadi Natural Peach Lip Balm 5 g<\/strong>\u00a0(with Beeswax &amp; Honey) is enriched with leaf extract from the White Mulberry tree. The leaves are particularly rich in natural flavonoids and phenols that nourish for instantly softer and more beautiful lips. The leaves are also used as food for silkworms.<\/p>\n<p>The skilful blend of many different types of vegetable fats protects and softens your lips. Beeswax also helps with protection and firmness. The balm is rich and oily, not waxy, and leaves your lips moisturised, soft and shiny.<\/p>\n<p>Aroma and flavour of peach.<\/p>\n<p>NB. Incredibly generous! Only a very small amount is needed.<\/p>\n<p>Active Ayurvedic herbs:\u00a0<strong>Shea butter, Beeswax, Cocoa butter, Coconut butter, Sunflower oil, Almond oil, Jojoba oil, Honey, Carrot seed oil, Liquorice root, Peach oil, Wheat germ oil, Aloevera, Apricot oil, Avocado oil, Grape seed oil,<\/strong>\u00a0<strong>White mulberry leaf extract, Turmeric, Vitamin E, Collagen.<\/strong><\/p>","protected":false},"excerpt":{"rendered":"<p><strong>Khadi Natural Peach Lip Balm 5 g<\/strong>\u00a0(with Beeswax &amp; Honey) is enriched with leaf extract from the White Mulberry tree. The leaves are particularly rich in natural flavonoids and phenols that nourish for instantly softer and more beautiful lips. The leaves are also used as food for silkworms.<\/p>","protected":false},"featured_media":1223,"comment_status":"open","ping_status":"closed","template":"","meta":{"slim_seo":{"title":"Khadi Natural Peach Lip Balm 5 g - Ekoma Of Sweden","description":"Khadi Natural Peach Lip Balm 5 g \u00a0(with Beeswax &amp; Honey) \u00e4r berikat med bladextrakt fr\u00e5n Vitt Mullb\u00e4rstr\u00e4d. Bladen \u00e4r s\u00e4rskilt rika p\u00e5 naturliga flavonoider"}},"product_brand":[],"product_cat":[52],"product_tag":[],"class_list":{"0":"post-1222","1":"product","2":"type-product","3":"status-publish","4":"has-post-thumbnail","6":"product_cat-lappar-fotter","8":"first","9":"instock","10":"sale","11":"taxable","12":"shipping-taxable","13":"purchasable","14":"product-type-simple"},"_links":{"self":[{"href":"https:\/\/ekomaofsweden.com\/en\/wp-json\/wp\/v2\/product\/1222","targetHints":{"allow":["GET"]}}],"collection":[{"href":"https:\/\/ekomaofsweden.com\/en\/wp-json\/wp\/v2\/product"}],"about":[{"href":"https:\/\/ekomaofsweden.com\/en\/wp-json\/wp\/v2\/types\/product"}],"replies":[{"embeddable":true,"href":"https:\/\/ekomaofsweden.com\/en\/wp-json\/wp\/v2\/comments?post=1222"}],"wp:featuredmedia":[{"embeddable":true,"href":"https:\/\/ekomaofsweden.com\/en\/wp-json\/wp\/v2\/media\/1223"}],"wp:attachment":[{"href":"https:\/\/ekomaofsweden.com\/en\/wp-json\/wp\/v2\/media?parent=1222"}],"wp:term":[{"taxonomy":"product_brand","embeddable":true,"href":"https:\/\/ekomaofsweden.com\/en\/wp-json\/wp\/v2\/product_brand?post=1222"},{"taxonomy":"product_cat","embeddable":true,"href":"https:\/\/ekomaofsweden.com\/en\/wp-json\/wp\/v2\/product_cat?post=1222"},{"taxonomy":"product_tag","embeddable":true,"href":"https:\/\/ekomaofsweden.com\/en\/wp-json\/wp\/v2\/product_tag?post=1222"}],"curies":[{"name":"wp","href":"https:\/\/api.w.org\/{rel}","templated":true}]}}