{"id":1218,"date":"2026-04-03T22:50:34","date_gmt":"2026-04-03T22:50:34","guid":{"rendered":"https:\/\/ekomaofsweden.com\/?post_type=product&#038;p=1218"},"modified":"2026-04-03T22:50:34","modified_gmt":"2026-04-03T22:50:34","slug":"khadi-natural-lychee-lip-balm-5-g","status":"publish","type":"product","link":"https:\/\/ekomaofsweden.com\/en\/product\/khadi-natural-lychee-lip-balm-5-g\/","title":{"rendered":"Khadi Natural Lychee Lip Balm 5 g"},"content":{"rendered":"<p><strong>Khadi Natural Lychee Lip Balm 5 g<\/strong>\u00a0(with Beeswax &amp; Honey) gives your lips moisture, softness and shine. The lychee fruit preserves the moisture in your lips for a long time. It also contains natural sun protection against the harmful effects of the sun. The exquisite shine together with the fruity lychee flavour is an unbeatable combination.<\/p>\n<p>The skilful blend of many different types of vegetable fats protects and softens your lips. Beeswax also helps with protection and firmness. The balm is rich and oily, not waxy, and leaves your lips moisturised, soft and shiny.<\/p>\n<p>Aroma and flavour of lychee fruit.<\/p>\n<p>NB. Incredibly generous! Only a very small amount is needed.<\/p>\n<p>Active Ayurvedic herbs:\u00a0<strong>Shea butter, Beeswax, Cocoa butter, Coconut butter, Sunflower oil, Almond oil, Jojoba oil, Honey, Lychee fruit, Carrot seed oil, Wheat germ oil, Aloevera extract, Apricot oil, Avocado oil, Grape seed oil, Vitamin E, Collagen<\/strong><\/p>","protected":false},"excerpt":{"rendered":"<p><strong>Khadi Natural Lychee Lip Balm 5 g<\/strong>\u00a0(with Beeswax &amp; Honey) gives your lips moisture, softness and shine. The lychee fruit preserves the moisture in your lips for a long time. It also contains natural sun protection against the harmful effects of the sun. The exquisite shine together with the fruity lychee flavour is an unbeatable combination.<\/p>","protected":false},"featured_media":1219,"comment_status":"open","ping_status":"closed","template":"","meta":{"slim_seo":{"title":"Khadi Natural Lychee Lip Balm 5 g - Ekoma Of Sweden","description":"Khadi Natural Lychee Lip Balm 5 g \u00a0(with Beeswax &amp; Honey) ger dina l\u00e4ppar fukt, mjukhet och glans. Lycheefrukten bevarar fukten i dina l\u00e4ppar l\u00e4nge. Det inn"}},"product_brand":[],"product_cat":[52],"product_tag":[],"class_list":{"0":"post-1218","1":"product","2":"type-product","3":"status-publish","4":"has-post-thumbnail","6":"product_cat-lappar-fotter","8":"first","9":"instock","10":"sale","11":"taxable","12":"shipping-taxable","13":"purchasable","14":"product-type-simple"},"_links":{"self":[{"href":"https:\/\/ekomaofsweden.com\/en\/wp-json\/wp\/v2\/product\/1218","targetHints":{"allow":["GET"]}}],"collection":[{"href":"https:\/\/ekomaofsweden.com\/en\/wp-json\/wp\/v2\/product"}],"about":[{"href":"https:\/\/ekomaofsweden.com\/en\/wp-json\/wp\/v2\/types\/product"}],"replies":[{"embeddable":true,"href":"https:\/\/ekomaofsweden.com\/en\/wp-json\/wp\/v2\/comments?post=1218"}],"wp:featuredmedia":[{"embeddable":true,"href":"https:\/\/ekomaofsweden.com\/en\/wp-json\/wp\/v2\/media\/1219"}],"wp:attachment":[{"href":"https:\/\/ekomaofsweden.com\/en\/wp-json\/wp\/v2\/media?parent=1218"}],"wp:term":[{"taxonomy":"product_brand","embeddable":true,"href":"https:\/\/ekomaofsweden.com\/en\/wp-json\/wp\/v2\/product_brand?post=1218"},{"taxonomy":"product_cat","embeddable":true,"href":"https:\/\/ekomaofsweden.com\/en\/wp-json\/wp\/v2\/product_cat?post=1218"},{"taxonomy":"product_tag","embeddable":true,"href":"https:\/\/ekomaofsweden.com\/en\/wp-json\/wp\/v2\/product_tag?post=1218"}],"curies":[{"name":"wp","href":"https:\/\/api.w.org\/{rel}","templated":true}]}}