{"id":1214,"date":"2026-04-03T22:40:03","date_gmt":"2026-04-03T22:40:03","guid":{"rendered":"https:\/\/ekomaofsweden.com\/?post_type=product&#038;p=1214"},"modified":"2026-04-03T23:19:23","modified_gmt":"2026-04-03T23:19:23","slug":"khadi-natural-jasmine-green-tea-foot-crack-cream-50-g","status":"publish","type":"product","link":"https:\/\/ekomaofsweden.com\/en\/product\/khadi-natural-jasmine-green-tea-foot-crack-cream-50-g\/","title":{"rendered":"Khadi Natural Jasmine &amp; Green Tea Foot Crack Cream 50 g"},"content":{"rendered":"<p><strong>Khadi Natural Jasmine &amp; Green Tea Foot Crack Cream 50 g<\/strong>\u00a0is an herbal foot cream that easily dissolves calluses and moisturises the feet. The herbs in the cream provide relief for tired feet and leave them feeling fresh.<\/p>\n<p><strong>Jasmine &amp; Green Tea Foot Crack Cream<\/strong>\u00a0also works incredibly well against self-cracks on the fingers, on dry elbows and knees or on dry and flaky eczema. It absorbs quickly, and all the ingredients work together to make even the toughest skin soft as a baby's bottom!<\/p>\n<p>Fragrant of jasmine.<\/p>\n<p>Active Ayurvedic herbs:\u00a0<strong>Sunflower oil, Coconut butter, Shea butter, Aloevera, Beeswax, Comfrey, Olive oil, Wheat germ oil, Almond oil, Liquorice root, Honey, Jasmine flower, Arjuna bark, Jojoba oil, Green tea extract, Grape seed oil, Carrot seed oil, Nutmeg oil, Jasmine flower oil<\/strong>.<\/p>","protected":false},"excerpt":{"rendered":"<p><strong>Khadi Natural Jasmine &amp; Green Tea Foot Crack Cream 50 g<\/strong>\u00a0is an herbal foot cream that easily dissolves calluses and moisturises the feet. The herbs in the cream provide relief for tired feet and leave them feeling fresh.<\/p>","protected":false},"featured_media":1215,"comment_status":"open","ping_status":"closed","template":"","meta":{"slim_seo":{"title":"Khadi Natural Jasmine &amp; Green Tea Foot Crack Cream 50 g - Ekoma Of Sweden","description":"Khadi Natural Jasmine &amp; Green Tea Foot Crack Cream 50 g \u00a0\u00e4r en \u00f6rtbaserad fotkr\u00e4m som enkelt l\u00f6ser upp f\u00f6rh\u00e5rdnader och \u00e5terfuktar f\u00f6tterna. De ing\u00e5ende \u00f6rt"}},"product_brand":[],"product_cat":[52],"product_tag":[],"class_list":{"0":"post-1214","1":"product","2":"type-product","3":"status-publish","4":"has-post-thumbnail","6":"product_cat-lappar-fotter","8":"first","9":"instock","10":"sale","11":"taxable","12":"shipping-taxable","13":"purchasable","14":"product-type-simple"},"_links":{"self":[{"href":"https:\/\/ekomaofsweden.com\/en\/wp-json\/wp\/v2\/product\/1214","targetHints":{"allow":["GET"]}}],"collection":[{"href":"https:\/\/ekomaofsweden.com\/en\/wp-json\/wp\/v2\/product"}],"about":[{"href":"https:\/\/ekomaofsweden.com\/en\/wp-json\/wp\/v2\/types\/product"}],"replies":[{"embeddable":true,"href":"https:\/\/ekomaofsweden.com\/en\/wp-json\/wp\/v2\/comments?post=1214"}],"wp:featuredmedia":[{"embeddable":true,"href":"https:\/\/ekomaofsweden.com\/en\/wp-json\/wp\/v2\/media\/1215"}],"wp:attachment":[{"href":"https:\/\/ekomaofsweden.com\/en\/wp-json\/wp\/v2\/media?parent=1214"}],"wp:term":[{"taxonomy":"product_brand","embeddable":true,"href":"https:\/\/ekomaofsweden.com\/en\/wp-json\/wp\/v2\/product_brand?post=1214"},{"taxonomy":"product_cat","embeddable":true,"href":"https:\/\/ekomaofsweden.com\/en\/wp-json\/wp\/v2\/product_cat?post=1214"},{"taxonomy":"product_tag","embeddable":true,"href":"https:\/\/ekomaofsweden.com\/en\/wp-json\/wp\/v2\/product_tag?post=1214"}],"curies":[{"name":"wp","href":"https:\/\/api.w.org\/{rel}","templated":true}]}}