{"id":1210,"date":"2026-04-03T19:24:10","date_gmt":"2026-04-03T19:24:10","guid":{"rendered":"https:\/\/ekomaofsweden.com\/?post_type=product&#038;p=1210"},"modified":"2026-04-03T19:25:10","modified_gmt":"2026-04-03T19:25:10","slug":"khadi-natural-rose-honey-herbal-moisturizer-210-ml","status":"publish","type":"product","link":"https:\/\/ekomaofsweden.com\/en\/product\/khadi-natural-rose-honey-herbal-moisturizer-210-ml\/","title":{"rendered":"Khadi Natural Rose &amp; Honey Herbal Moisturiser 210 ml"},"content":{"rendered":"<p><strong>Khadi Natural Rose &amp; Honey Herbal Moisturiser 210 ml<\/strong>\u00a0is a skin lotion enriched with honey, which has long been known for its unique moisturising properties. It retains moisture deep down in the various layers of the skin, so you will always experience soft and supple skin.<\/p>\n<p>The mixture of rose and honey has a calming effect on the skin and has regenerative properties. The lotion is rich in antioxidants that protect skin cells from damage. Free from parabens, silicones and phthalates.<\/p>\n<p>Active Ayurvedic herbs:\u00a0<strong>Shea butter, Coconut butter, Sunflower oil, Beeswax, Aloevera, Jojoba oil, Rose, Honey, Baheda, Wheat germ oil, Liquorice root, Grape seed oil.<\/strong><\/p>","protected":false},"excerpt":{"rendered":"<p><strong>Khadi Natural Rose &amp; Honey Herbal Moisturiser 210 ml<\/strong>\u00a0is a skin lotion enriched with honey, which has long been known for its unique moisturising properties. It retains moisture deep down in the various layers of the skin, so you will always experience soft and supple skin.<\/p>","protected":false},"featured_media":1211,"comment_status":"open","ping_status":"closed","template":"","meta":{"slim_seo":{"title":"Khadi Natural Rose &amp; Honey Herbal Moisturizer 210 ml - Ekoma Of Sweden","description":"Khadi Natural Rose &amp; Honey Herbal Moisturizer 210 ml \u00a0\u00e4r en hudlotion berikad med honung, som l\u00e4nge har varit k\u00e4nt f\u00f6r sin unikt fuktbevarande egenskap. Den"}},"product_brand":[],"product_cat":[51],"product_tag":[],"class_list":{"0":"post-1210","1":"product","2":"type-product","3":"status-publish","4":"has-post-thumbnail","6":"product_cat-hudlotion","8":"first","9":"instock","10":"sale","11":"taxable","12":"shipping-taxable","13":"purchasable","14":"product-type-simple"},"_links":{"self":[{"href":"https:\/\/ekomaofsweden.com\/en\/wp-json\/wp\/v2\/product\/1210","targetHints":{"allow":["GET"]}}],"collection":[{"href":"https:\/\/ekomaofsweden.com\/en\/wp-json\/wp\/v2\/product"}],"about":[{"href":"https:\/\/ekomaofsweden.com\/en\/wp-json\/wp\/v2\/types\/product"}],"replies":[{"embeddable":true,"href":"https:\/\/ekomaofsweden.com\/en\/wp-json\/wp\/v2\/comments?post=1210"}],"wp:featuredmedia":[{"embeddable":true,"href":"https:\/\/ekomaofsweden.com\/en\/wp-json\/wp\/v2\/media\/1211"}],"wp:attachment":[{"href":"https:\/\/ekomaofsweden.com\/en\/wp-json\/wp\/v2\/media?parent=1210"}],"wp:term":[{"taxonomy":"product_brand","embeddable":true,"href":"https:\/\/ekomaofsweden.com\/en\/wp-json\/wp\/v2\/product_brand?post=1210"},{"taxonomy":"product_cat","embeddable":true,"href":"https:\/\/ekomaofsweden.com\/en\/wp-json\/wp\/v2\/product_cat?post=1210"},{"taxonomy":"product_tag","embeddable":true,"href":"https:\/\/ekomaofsweden.com\/en\/wp-json\/wp\/v2\/product_tag?post=1210"}],"curies":[{"name":"wp","href":"https:\/\/api.w.org\/{rel}","templated":true}]}}